{"id":5265,"date":"2022-04-20T15:27:01","date_gmt":"2022-04-20T14:27:01","guid":{"rendered":"https:\/\/bewilk-kwinyashe.savviihq.com\/a-propos-de-nous\/tarifs\/"},"modified":"2023-09-07T09:04:22","modified_gmt":"2023-09-07T08:04:22","slug":"tarifs","status":"publish","type":"page","link":"https:\/\/wilkens.be\/fr\/a-propos-de-nous\/tarifs\/","title":{"rendered":"Tarifs"},"content":{"rendered":"\t\t<div data-elementor-type=\"wp-page\" data-elementor-id=\"5265\" class=\"elementor elementor-5265 elementor-38\" data-elementor-post-type=\"page\">\n\t\t\t\t\t\t<section class=\"elementor-section elementor-top-section elementor-element elementor-element-a84e1c0 elementor-section-boxed elementor-section-height-default elementor-section-height-default\" data-id=\"a84e1c0\" data-element_type=\"section\" data-settings=\"{&quot;background_background&quot;:&quot;classic&quot;}\">\n\t\t\t\t\t\t\t<div class=\"elementor-background-overlay\"><\/div>\n\t\t\t\t\t\t\t<div class=\"elementor-container elementor-column-gap-default\">\n\t\t\t\t\t<div class=\"elementor-column elementor-col-100 elementor-top-column elementor-element elementor-element-00d2d57\" data-id=\"00d2d57\" data-element_type=\"column\">\n\t\t\t<div class=\"elementor-widget-wrap elementor-element-populated\">\n\t\t\t\t\t\t\t<\/div>\n\t\t<\/div>\n\t\t\t\t\t<\/div>\n\t\t<\/section>\n\t\t\t\t<section class=\"elementor-section elementor-top-section elementor-element elementor-element-a42dbfe elementor-reverse-mobile elementor-section-boxed elementor-section-height-default elementor-section-height-default\" data-id=\"a42dbfe\" data-element_type=\"section\">\n\t\t\t\t\t\t<div class=\"elementor-container elementor-column-gap-default\">\n\t\t\t\t\t<div class=\"elementor-column elementor-col-50 elementor-top-column elementor-element elementor-element-e180754\" data-id=\"e180754\" data-element_type=\"column\">\n\t\t\t<div class=\"elementor-widget-wrap elementor-element-populated\">\n\t\t\t\t\t\t<div class=\"elementor-element elementor-element-b994bcf elementor-widget elementor-widget-text-editor\" data-id=\"b994bcf\" data-element_type=\"widget\" data-widget_type=\"text-editor.default\">\n\t\t\t\t<div class=\"elementor-widget-container\">\n\t\t\t\t\t\t\t\t\t<p>Vous souhaitez faire traduire vos documents. Peut-\u00eatre par nos soins\u00a0?<br \/>Vous avez probablement d\u00e9j\u00e0 parcouru un certain nombre de sites Web, dont le n\u00f4tre. Nous comprenons parfaitement que le co\u00fbt de votre projet de traduction soit \u00e9galement d\u00e9terminant dans votre choix final.<\/p><p>Cependant, nous ne travaillons pas avec des prix fixes. En effet, le co\u00fbt de votre projet de traduction, de r\u00e9daction ou d\u2019interpr\u00e9tation d\u00e9pend d\u2019un certain nombre de facteurs\u00a0:<\/p><ul><li><strong>Combinaison linguistique<\/strong><br \/>Vous souhaitez une traduction fran\u00e7ais-anglais\u00a0? Cette combinaison est plus facile et moins co\u00fbteuse, notamment parce qu\u2019il y a plus de traducteurs fran\u00e7ais-anglais que, par exemple, finnois-iranien.<\/li><li><strong>Du travail sur mesure<\/strong><br \/>Dans quel secteur travaillez-vous\u00a0? Combien de mots compte votre document\u00a0? Quel est le degr\u00e9 de complexit\u00e9 et de sp\u00e9cialisation de votre texte\u00a0?<\/li><li><strong>Urgent\u00a0!<\/strong><br \/>Vous avez besoin de votre traduction au plus vite\u00a0? De pr\u00e9f\u00e9rence maintenant\u00a0? Plus votre travail est urgent, plus le co\u00fbt est \u00e9lev\u00e9. Avons-nous le temps de nous atteler imm\u00e9diatement \u00e0 votre travail\u00a0? Nous le pr\u00e9ciserons \u00e9galement dans notre devis.<\/li><li><strong>Besoin d\u2019un interpr\u00e8te\u00a0?<\/strong><br \/>Dans quelle situation l\u2019interpr\u00e8te travaillera-t-il et avec quelle combinaison linguistique\u00a0? De combien de personnes et de quel mat\u00e9riel d\u2019interpr\u00e9tation avez-vous besoin\u00a0? Et \u00e0 quel endroit l\u2019interpr\u00e8te doit-il \u00eatre pr\u00e9sent\u00a0? Tout cela influence le co\u00fbt d\u2019une telle mission. Vous disposez d\u00e9j\u00e0 de votre propre interpr\u00e8te, mais vous avez besoin de mat\u00e9riel d\u2019interpr\u00e9tation\u00a0? Nous louons \u00e9galement du mat\u00e9riel sans interpr\u00e8te\u00a0!<\/li><\/ul><p>Sur la base de toutes ces informations, nous \u00e9tablirons un devis enti\u00e8rement sur mesure et ax\u00e9 sur votre projet sp\u00e9cifique de traduction. Nous vous r\u00e9pondons dans les deux heures (mais g\u00e9n\u00e9ralement plus vite\u00a0!).<\/p><p>Faites le test : demandez d\u00e8s maintenant votre devis sans engagement ! Vous pouvez \u00e9galement nous <a href=\"https:\/\/wilkens.be\/fr\/contact\/\">contacter<\/a> directement.<\/p>\t\t\t\t\t\t\t\t<\/div>\n\t\t\t\t<\/div>\n\t\t\t\t\t<\/div>\n\t\t<\/div>\n\t\t\t\t<div class=\"elementor-column elementor-col-50 elementor-top-column elementor-element elementor-element-a3429d3 elementor-hidden-mobile\" data-id=\"a3429d3\" data-element_type=\"column\" data-settings=\"{&quot;background_background&quot;:&quot;classic&quot;}\">\n\t\t\t<div class=\"elementor-widget-wrap elementor-element-populated\">\n\t\t\t\t\t\t<section class=\"elementor-section elementor-inner-section elementor-element elementor-element-d07fe22 elementor-section-boxed elementor-section-height-default elementor-section-height-default\" data-id=\"d07fe22\" data-element_type=\"section\" data-settings=\"{&quot;background_background&quot;:&quot;classic&quot;}\">\n\t\t\t\t\t\t<div class=\"elementor-container elementor-column-gap-default\">\n\t\t\t\t\t<div class=\"elementor-column elementor-col-100 elementor-inner-column elementor-element elementor-element-46f5626\" data-id=\"46f5626\" data-element_type=\"column\">\n\t\t\t<div class=\"elementor-widget-wrap elementor-element-populated\">\n\t\t\t\t\t\t<div class=\"elementor-element elementor-element-2e23457 elementor-widget elementor-widget-heading\" data-id=\"2e23457\" data-element_type=\"widget\" data-widget_type=\"heading.default\">\n\t\t\t\t<div class=\"elementor-widget-container\">\n\t\t\t\t\t<h4 class=\"elementor-heading-title elementor-size-default\">D\u00e9tails du contact<\/h4>\t\t\t\t<\/div>\n\t\t\t\t<\/div>\n\t\t\t\t<div class=\"elementor-element elementor-element-3761345 elementor-widget elementor-widget-image\" data-id=\"3761345\" data-element_type=\"widget\" data-widget_type=\"image.default\">\n\t\t\t\t<div class=\"elementor-widget-container\">\n\t\t\t\t\t\t\t\t\t\t\t\t\t\t\t<img fetchpriority=\"high\" decoding=\"async\" width=\"800\" height=\"316\" src=\"https:\/\/wilkens.be\/wp-content\/uploads\/2022\/06\/AdobeStock_4407561-1024x405.jpeg\" class=\"attachment-large size-large wp-image-3774\" alt=\"\" srcset=\"https:\/\/wilkens.be\/wp-content\/uploads\/2022\/06\/AdobeStock_4407561-1024x405.jpeg 1024w, https:\/\/wilkens.be\/wp-content\/uploads\/2022\/06\/AdobeStock_4407561-300x119.jpeg 300w, https:\/\/wilkens.be\/wp-content\/uploads\/2022\/06\/AdobeStock_4407561-768x304.jpeg 768w, https:\/\/wilkens.be\/wp-content\/uploads\/2022\/06\/AdobeStock_4407561-1536x608.jpeg 1536w, https:\/\/wilkens.be\/wp-content\/uploads\/2022\/06\/AdobeStock_4407561-2048x810.jpeg 2048w\" sizes=\"(max-width: 800px) 100vw, 800px\" \/>\t\t\t\t\t\t\t\t\t\t\t\t\t\t\t<\/div>\n\t\t\t\t<\/div>\n\t\t\t\t<div class=\"elementor-element elementor-element-92058ff elementor-icon-list--layout-traditional elementor-list-item-link-full_width elementor-widget elementor-widget-icon-list\" data-id=\"92058ff\" data-element_type=\"widget\" data-widget_type=\"icon-list.default\">\n\t\t\t\t<div class=\"elementor-widget-container\">\n\t\t\t\t\t\t\t<ul class=\"elementor-icon-list-items\">\n\t\t\t\t\t\t\t<li class=\"elementor-icon-list-item\">\n\t\t\t\t\t\t\t\t\t\t<span class=\"elementor-icon-list-text\">Wilkens c.s. BVBA<\/span>\n\t\t\t\t\t\t\t\t\t<\/li>\n\t\t\t\t\t\t\t\t<li class=\"elementor-icon-list-item\">\n\t\t\t\t\t\t\t\t\t\t<span class=\"elementor-icon-list-text\">Poolse Winglaan 86\/0001<\/span>\n\t\t\t\t\t\t\t\t\t<\/li>\n\t\t\t\t\t\t\t\t<li class=\"elementor-icon-list-item\">\n\t\t\t\t\t\t\t\t\t\t<span class=\"elementor-icon-list-text\">9051 Gent - Sint-Denijs-Westerem, Belgique<\/span>\n\t\t\t\t\t\t\t\t\t<\/li>\n\t\t\t\t\t\t\t\t<li class=\"elementor-icon-list-item\">\n\t\t\t\t\t\t\t\t\t\t<span class=\"elementor-icon-list-text\">BTW: BE0649.563.171<\/span>\n\t\t\t\t\t\t\t\t\t<\/li>\n\t\t\t\t\t\t\t\t<li class=\"elementor-icon-list-item\">\n\t\t\t\t\t\t\t\t\t\t\t<a href=\"tel:+3292650040\">\n\n\t\t\t\t\t\t\t\t\t\t\t\t<span class=\"elementor-icon-list-icon\">\n\t\t\t\t\t\t\t<i aria-hidden=\"true\" class=\"fas fa-phone-alt\"><\/i>\t\t\t\t\t\t<\/span>\n\t\t\t\t\t\t\t\t\t\t<span class=\"elementor-icon-list-text\">+32 (0)9 265 00 40<\/span>\n\t\t\t\t\t\t\t\t\t\t\t<\/a>\n\t\t\t\t\t\t\t\t\t<\/li>\n\t\t\t\t\t\t\t\t<li class=\"elementor-icon-list-item\">\n\t\t\t\t\t\t\t\t\t\t\t<a href=\"mailto:info@wilkens.be\">\n\n\t\t\t\t\t\t\t\t\t\t\t\t<span class=\"elementor-icon-list-icon\">\n\t\t\t\t\t\t\t<i aria-hidden=\"true\" class=\"fas fa-envelope\"><\/i>\t\t\t\t\t\t<\/span>\n\t\t\t\t\t\t\t\t\t\t<span class=\"elementor-icon-list-text\">info@wilkens.be<\/span>\n\t\t\t\t\t\t\t\t\t\t\t<\/a>\n\t\t\t\t\t\t\t\t\t<\/li>\n\t\t\t\t\t\t<\/ul>\n\t\t\t\t\t\t<\/div>\n\t\t\t\t<\/div>\n\t\t\t\t\t<\/div>\n\t\t<\/div>\n\t\t\t\t\t<\/div>\n\t\t<\/section>\n\t\t\t\t\t<\/div>\n\t\t<\/div>\n\t\t\t\t\t<\/div>\n\t\t<\/section>\n\t\t\t\t<\/div>\n\t\t","protected":false},"excerpt":{"rendered":"<p>Vous souhaitez faire traduire vos documents. Peut-\u00eatre par nos soins\u00a0? Vous avez probablement d\u00e9j\u00e0 parcouru un certain nombre de sites Web, dont le n\u00f4tre. Nous comprenons parfaitement que le co\u00fbt de votre projet de traduction soit \u00e9galement d\u00e9terminant dans votre choix final. Cependant, nous ne travaillons pas avec des prix fixes. En effet, le co\u00fbt [&hellip;]<\/p>\n","protected":false},"author":9,"featured_media":0,"parent":5259,"menu_order":0,"comment_status":"closed","ping_status":"closed","template":"","meta":{"footnotes":""},"class_list":["post-5265","page","type-page","status-publish","hentry"],"yoast_head":"<!-- This site is optimized with the Yoast SEO plugin v27.3 - https:\/\/yoast.com\/product\/yoast-seo-wordpress\/ -->\n<title>Tarifs | Agence de traduction Wilkens c.s.<\/title>\n<meta name=\"description\" content=\"Vous souhaitez faire traduire vos textes. Nous vous expliquerons volontiers comment nous calculons les tarifs de votre traductions.\" \/>\n<meta name=\"robots\" content=\"index, follow, max-snippet:-1, max-image-preview:large, max-video-preview:-1\" \/>\n<link rel=\"canonical\" href=\"https:\/\/wilkens.be\/fr\/a-propos-de-nous\/tarifs\/\" \/>\n<meta property=\"og:locale\" content=\"fr_FR\" \/>\n<meta property=\"og:type\" content=\"article\" \/>\n<meta property=\"og:title\" content=\"Tarifs | Agence de traduction Wilkens c.s.\" \/>\n<meta property=\"og:description\" content=\"Vous souhaitez faire traduire vos textes. Nous vous expliquerons volontiers comment nous calculons les tarifs de votre traductions.\" \/>\n<meta property=\"og:url\" content=\"https:\/\/wilkens.be\/fr\/a-propos-de-nous\/tarifs\/\" \/>\n<meta property=\"og:site_name\" content=\"Wilkens c.s.\" \/>\n<meta property=\"article:modified_time\" content=\"2023-09-07T08:04:22+00:00\" \/>\n<meta property=\"og:image\" content=\"https:\/\/wilkens.be\/wp-content\/uploads\/2022\/06\/AdobeStock_4407561-1024x405.jpeg\" \/>\n<meta name=\"twitter:card\" content=\"summary_large_image\" \/>\n<meta name=\"twitter:label1\" content=\"Dur\u00e9e de lecture estim\u00e9e\" \/>\n\t<meta name=\"twitter:data1\" content=\"2 minutes\" \/>\n<script type=\"application\/ld+json\" class=\"yoast-schema-graph\">{\"@context\":\"https:\\\/\\\/schema.org\",\"@graph\":[{\"@type\":\"WebPage\",\"@id\":\"https:\\\/\\\/wilkens.be\\\/fr\\\/a-propos-de-nous\\\/tarifs\\\/\",\"url\":\"https:\\\/\\\/wilkens.be\\\/fr\\\/a-propos-de-nous\\\/tarifs\\\/\",\"name\":\"Tarifs | Agence de traduction Wilkens c.s.\",\"isPartOf\":{\"@id\":\"https:\\\/\\\/wilkens.be\\\/fr\\\/#website\"},\"primaryImageOfPage\":{\"@id\":\"https:\\\/\\\/wilkens.be\\\/fr\\\/a-propos-de-nous\\\/tarifs\\\/#primaryimage\"},\"image\":{\"@id\":\"https:\\\/\\\/wilkens.be\\\/fr\\\/a-propos-de-nous\\\/tarifs\\\/#primaryimage\"},\"thumbnailUrl\":\"https:\\\/\\\/wilkens.be\\\/wp-content\\\/uploads\\\/2022\\\/06\\\/AdobeStock_4407561-1024x405.jpeg\",\"datePublished\":\"2022-04-20T14:27:01+00:00\",\"dateModified\":\"2023-09-07T08:04:22+00:00\",\"description\":\"Vous souhaitez faire traduire vos textes. Nous vous expliquerons volontiers comment nous calculons les tarifs de votre traductions.\",\"breadcrumb\":{\"@id\":\"https:\\\/\\\/wilkens.be\\\/fr\\\/a-propos-de-nous\\\/tarifs\\\/#breadcrumb\"},\"inLanguage\":\"fr-FR\",\"potentialAction\":[{\"@type\":\"ReadAction\",\"target\":[\"https:\\\/\\\/wilkens.be\\\/fr\\\/a-propos-de-nous\\\/tarifs\\\/\"]}]},{\"@type\":\"ImageObject\",\"inLanguage\":\"fr-FR\",\"@id\":\"https:\\\/\\\/wilkens.be\\\/fr\\\/a-propos-de-nous\\\/tarifs\\\/#primaryimage\",\"url\":\"https:\\\/\\\/wilkens.be\\\/wp-content\\\/uploads\\\/2022\\\/06\\\/AdobeStock_4407561-1024x405.jpeg\",\"contentUrl\":\"https:\\\/\\\/wilkens.be\\\/wp-content\\\/uploads\\\/2022\\\/06\\\/AdobeStock_4407561-1024x405.jpeg\"},{\"@type\":\"BreadcrumbList\",\"@id\":\"https:\\\/\\\/wilkens.be\\\/fr\\\/a-propos-de-nous\\\/tarifs\\\/#breadcrumb\",\"itemListElement\":[{\"@type\":\"ListItem\",\"position\":1,\"name\":\"Home\",\"item\":\"https:\\\/\\\/wilkens.be\\\/fr\\\/\"},{\"@type\":\"ListItem\",\"position\":2,\"name\":\"\u00c0 propos de nous\",\"item\":\"https:\\\/\\\/wilkens.be\\\/fr\\\/a-propos-de-nous\\\/\"},{\"@type\":\"ListItem\",\"position\":3,\"name\":\"Tarifs\"}]},{\"@type\":\"WebSite\",\"@id\":\"https:\\\/\\\/wilkens.be\\\/fr\\\/#website\",\"url\":\"https:\\\/\\\/wilkens.be\\\/fr\\\/\",\"name\":\"Wilkens c.s.\",\"description\":\"\",\"publisher\":{\"@id\":\"https:\\\/\\\/wilkens.be\\\/fr\\\/#organization\"},\"potentialAction\":[{\"@type\":\"SearchAction\",\"target\":{\"@type\":\"EntryPoint\",\"urlTemplate\":\"https:\\\/\\\/wilkens.be\\\/fr\\\/?s={search_term_string}\"},\"query-input\":{\"@type\":\"PropertyValueSpecification\",\"valueRequired\":true,\"valueName\":\"search_term_string\"}}],\"inLanguage\":\"fr-FR\"},{\"@type\":\"Organization\",\"@id\":\"https:\\\/\\\/wilkens.be\\\/fr\\\/#organization\",\"name\":\"Wilkens c.s.\",\"url\":\"https:\\\/\\\/wilkens.be\\\/fr\\\/\",\"logo\":{\"@type\":\"ImageObject\",\"inLanguage\":\"fr-FR\",\"@id\":\"https:\\\/\\\/wilkens.be\\\/fr\\\/#\\\/schema\\\/logo\\\/image\\\/\",\"url\":\"https:\\\/\\\/wilkens.be\\\/wp-content\\\/uploads\\\/2022\\\/04\\\/Logo_Wilkens.png\",\"contentUrl\":\"https:\\\/\\\/wilkens.be\\\/wp-content\\\/uploads\\\/2022\\\/04\\\/Logo_Wilkens.png\",\"width\":500,\"height\":111,\"caption\":\"Wilkens c.s.\"},\"image\":{\"@id\":\"https:\\\/\\\/wilkens.be\\\/fr\\\/#\\\/schema\\\/logo\\\/image\\\/\"}}]}<\/script>\n<!-- \/ Yoast SEO plugin. -->","yoast_head_json":{"title":"Tarifs | Agence de traduction Wilkens c.s.","description":"Vous souhaitez faire traduire vos textes. Nous vous expliquerons volontiers comment nous calculons les tarifs de votre traductions.","robots":{"index":"index","follow":"follow","max-snippet":"max-snippet:-1","max-image-preview":"max-image-preview:large","max-video-preview":"max-video-preview:-1"},"canonical":"https:\/\/wilkens.be\/fr\/a-propos-de-nous\/tarifs\/","og_locale":"fr_FR","og_type":"article","og_title":"Tarifs | Agence de traduction Wilkens c.s.","og_description":"Vous souhaitez faire traduire vos textes. Nous vous expliquerons volontiers comment nous calculons les tarifs de votre traductions.","og_url":"https:\/\/wilkens.be\/fr\/a-propos-de-nous\/tarifs\/","og_site_name":"Wilkens c.s.","article_modified_time":"2023-09-07T08:04:22+00:00","og_image":[{"url":"https:\/\/wilkens.be\/wp-content\/uploads\/2022\/06\/AdobeStock_4407561-1024x405.jpeg","type":"","width":"","height":""}],"twitter_card":"summary_large_image","twitter_misc":{"Dur\u00e9e de lecture estim\u00e9e":"2 minutes"},"schema":{"@context":"https:\/\/schema.org","@graph":[{"@type":"WebPage","@id":"https:\/\/wilkens.be\/fr\/a-propos-de-nous\/tarifs\/","url":"https:\/\/wilkens.be\/fr\/a-propos-de-nous\/tarifs\/","name":"Tarifs | Agence de traduction Wilkens c.s.","isPartOf":{"@id":"https:\/\/wilkens.be\/fr\/#website"},"primaryImageOfPage":{"@id":"https:\/\/wilkens.be\/fr\/a-propos-de-nous\/tarifs\/#primaryimage"},"image":{"@id":"https:\/\/wilkens.be\/fr\/a-propos-de-nous\/tarifs\/#primaryimage"},"thumbnailUrl":"https:\/\/wilkens.be\/wp-content\/uploads\/2022\/06\/AdobeStock_4407561-1024x405.jpeg","datePublished":"2022-04-20T14:27:01+00:00","dateModified":"2023-09-07T08:04:22+00:00","description":"Vous souhaitez faire traduire vos textes. Nous vous expliquerons volontiers comment nous calculons les tarifs de votre traductions.","breadcrumb":{"@id":"https:\/\/wilkens.be\/fr\/a-propos-de-nous\/tarifs\/#breadcrumb"},"inLanguage":"fr-FR","potentialAction":[{"@type":"ReadAction","target":["https:\/\/wilkens.be\/fr\/a-propos-de-nous\/tarifs\/"]}]},{"@type":"ImageObject","inLanguage":"fr-FR","@id":"https:\/\/wilkens.be\/fr\/a-propos-de-nous\/tarifs\/#primaryimage","url":"https:\/\/wilkens.be\/wp-content\/uploads\/2022\/06\/AdobeStock_4407561-1024x405.jpeg","contentUrl":"https:\/\/wilkens.be\/wp-content\/uploads\/2022\/06\/AdobeStock_4407561-1024x405.jpeg"},{"@type":"BreadcrumbList","@id":"https:\/\/wilkens.be\/fr\/a-propos-de-nous\/tarifs\/#breadcrumb","itemListElement":[{"@type":"ListItem","position":1,"name":"Home","item":"https:\/\/wilkens.be\/fr\/"},{"@type":"ListItem","position":2,"name":"\u00c0 propos de nous","item":"https:\/\/wilkens.be\/fr\/a-propos-de-nous\/"},{"@type":"ListItem","position":3,"name":"Tarifs"}]},{"@type":"WebSite","@id":"https:\/\/wilkens.be\/fr\/#website","url":"https:\/\/wilkens.be\/fr\/","name":"Wilkens c.s.","description":"","publisher":{"@id":"https:\/\/wilkens.be\/fr\/#organization"},"potentialAction":[{"@type":"SearchAction","target":{"@type":"EntryPoint","urlTemplate":"https:\/\/wilkens.be\/fr\/?s={search_term_string}"},"query-input":{"@type":"PropertyValueSpecification","valueRequired":true,"valueName":"search_term_string"}}],"inLanguage":"fr-FR"},{"@type":"Organization","@id":"https:\/\/wilkens.be\/fr\/#organization","name":"Wilkens c.s.","url":"https:\/\/wilkens.be\/fr\/","logo":{"@type":"ImageObject","inLanguage":"fr-FR","@id":"https:\/\/wilkens.be\/fr\/#\/schema\/logo\/image\/","url":"https:\/\/wilkens.be\/wp-content\/uploads\/2022\/04\/Logo_Wilkens.png","contentUrl":"https:\/\/wilkens.be\/wp-content\/uploads\/2022\/04\/Logo_Wilkens.png","width":500,"height":111,"caption":"Wilkens c.s."},"image":{"@id":"https:\/\/wilkens.be\/fr\/#\/schema\/logo\/image\/"}}]}},"_links":{"self":[{"href":"https:\/\/wilkens.be\/fr\/wp-json\/wp\/v2\/pages\/5265","targetHints":{"allow":["GET"]}}],"collection":[{"href":"https:\/\/wilkens.be\/fr\/wp-json\/wp\/v2\/pages"}],"about":[{"href":"https:\/\/wilkens.be\/fr\/wp-json\/wp\/v2\/types\/page"}],"author":[{"embeddable":true,"href":"https:\/\/wilkens.be\/fr\/wp-json\/wp\/v2\/users\/9"}],"replies":[{"embeddable":true,"href":"https:\/\/wilkens.be\/fr\/wp-json\/wp\/v2\/comments?post=5265"}],"version-history":[{"count":8,"href":"https:\/\/wilkens.be\/fr\/wp-json\/wp\/v2\/pages\/5265\/revisions"}],"predecessor-version":[{"id":6573,"href":"https:\/\/wilkens.be\/fr\/wp-json\/wp\/v2\/pages\/5265\/revisions\/6573"}],"up":[{"embeddable":true,"href":"https:\/\/wilkens.be\/fr\/wp-json\/wp\/v2\/pages\/5259"}],"wp:attachment":[{"href":"https:\/\/wilkens.be\/fr\/wp-json\/wp\/v2\/media?parent=5265"}],"curies":[{"name":"wp","href":"https:\/\/api.w.org\/{rel}","templated":true}]}}