{"id":5259,"date":"2022-04-20T15:25:09","date_gmt":"2022-04-20T14:25:09","guid":{"rendered":"https:\/\/bewilk-kwinyashe.savviihq.com\/a-propos-de-nous\/"},"modified":"2023-09-07T08:47:59","modified_gmt":"2023-09-07T07:47:59","slug":"a-propos-de-nous","status":"publish","type":"page","link":"https:\/\/wilkens.be\/fr\/a-propos-de-nous\/","title":{"rendered":"\u00c0 propos de nous"},"content":{"rendered":"\t\t<div data-elementor-type=\"wp-page\" data-elementor-id=\"5259\" class=\"elementor elementor-5259 elementor-30\" data-elementor-post-type=\"page\">\n\t\t\t\t\t\t<section class=\"elementor-section elementor-top-section elementor-element elementor-element-485d8a79 elementor-section-boxed elementor-section-height-default elementor-section-height-default\" data-id=\"485d8a79\" data-element_type=\"section\" data-settings=\"{&quot;background_background&quot;:&quot;classic&quot;}\">\n\t\t\t\t\t\t\t<div class=\"elementor-background-overlay\"><\/div>\n\t\t\t\t\t\t\t<div class=\"elementor-container elementor-column-gap-default\">\n\t\t\t\t\t<div class=\"elementor-column elementor-col-100 elementor-top-column elementor-element elementor-element-22c5bb57\" data-id=\"22c5bb57\" data-element_type=\"column\">\n\t\t\t<div class=\"elementor-widget-wrap elementor-element-populated\">\n\t\t\t\t\t\t\t<\/div>\n\t\t<\/div>\n\t\t\t\t\t<\/div>\n\t\t<\/section>\n\t\t\t\t<section class=\"elementor-section elementor-top-section elementor-element elementor-element-677ee9b elementor-section-boxed elementor-section-height-default elementor-section-height-default\" data-id=\"677ee9b\" data-element_type=\"section\">\n\t\t\t\t\t\t<div class=\"elementor-container elementor-column-gap-default\">\n\t\t\t\t\t<div class=\"elementor-column elementor-col-100 elementor-top-column elementor-element elementor-element-b276c9b\" data-id=\"b276c9b\" data-element_type=\"column\" data-settings=\"{&quot;background_background&quot;:&quot;classic&quot;}\">\n\t\t\t<div class=\"elementor-widget-wrap elementor-element-populated\">\n\t\t\t\t\t\t<div class=\"elementor-element elementor-element-813d46a elementor-widget elementor-widget-text-editor\" data-id=\"813d46a\" data-element_type=\"widget\" data-widget_type=\"text-editor.default\">\n\t\t\t\t<div class=\"elementor-widget-container\">\n\t\t\t\t\t\t\t\t\t<p>La langue nous unit et rend la communication possible. En tant qu\u2019agence de traduction, nous sommes \u00e9troitement associ\u00e9s aux processus de communication de notre client\u00e8le. Nous sommes le maillon qui permet \u00e0 la client\u00e8le, aux employ\u00e9s et aux parties prenantes non seulement de vous entendre, mais surtout de vous comprendre<em>.<\/em> Comment\u00a0? Tout d\u2019abord en prenant un peu de recul et en ne nous contentant pas d\u2019utiliser le jargon de la traduction, mais en nous glissant dans la peau de notre client\u00e8le.<\/p>\n\t\t\t\t\t\t\t\t<\/div>\n\t\t\t\t<\/div>\n\t\t\t\t\t<\/div>\n\t\t<\/div>\n\t\t\t\t\t<\/div>\n\t\t<\/section>\n\t\t\t\t<section class=\"elementor-section elementor-top-section elementor-element elementor-element-113b92b elementor-reverse-mobile elementor-section-boxed elementor-section-height-default elementor-section-height-default\" data-id=\"113b92b\" data-element_type=\"section\">\n\t\t\t\t\t\t<div class=\"elementor-container elementor-column-gap-default\">\n\t\t\t\t\t<div class=\"elementor-column elementor-col-50 elementor-top-column elementor-element elementor-element-42d3ed9\" data-id=\"42d3ed9\" data-element_type=\"column\">\n\t\t\t<div class=\"elementor-widget-wrap elementor-element-populated\">\n\t\t\t\t\t\t<div class=\"elementor-element elementor-element-489a04e1 elementor-widget elementor-widget-heading\" data-id=\"489a04e1\" data-element_type=\"widget\" data-widget_type=\"heading.default\">\n\t\t\t\t<div class=\"elementor-widget-container\">\n\t\t\t\t\t<h2 class=\"elementor-heading-title elementor-size-default\">La traduction au c\u0153ur de votre flux de travail<\/h2>\t\t\t\t<\/div>\n\t\t\t\t<\/div>\n\t\t\t\t<div class=\"elementor-element elementor-element-1e4e8bb8 elementor-widget elementor-widget-text-editor\" data-id=\"1e4e8bb8\" data-element_type=\"widget\" data-widget_type=\"text-editor.default\">\n\t\t\t\t<div class=\"elementor-widget-container\">\n\t\t\t\t\t\t\t\t\t<p>Avant de vous parler de locuteurs natifs, de technologies de traduction ou de certifications ISO, nous aimerions plut\u00f4t parler de vous : le client. Notre principal atout est en effet notre proximit\u00e9 avec notre client\u00e8le. Nous tenons \u00e0 savoir dans quel processus nous intervenons, car une <a href=\"https:\/\/wilkens.be\/fr\/services\/traduction\/\">traduction<\/a> s\u2019inscrit toujours dans un contexte plus large.<\/p>\n<p>Pour une personne ext\u00e9rieure, une traduction consiste parfois simplement en un document Word de 7\u00a0653 mots \u00e0 traduire de l\u2019anglais au fran\u00e7ais. Mais combien d\u2019heures vous aura-t-il fallu pour coucher ces mots sur le papier\u00a0? Quel chemin ce document a-t-il suivi pour \u00eatre approuv\u00e9\u00a0? Et surtout, \u00e0 quoi servira le document et qui doit-il vous permettre d\u2019atteindre\u00a0?<\/p>\n<p>La traduction est un sujet sensible, il est donc extr\u00eamement important pour nous d\u2019\u00e9couter et de poser les bonnes questions. Nous pourrons ainsi atteindre les meilleurs r\u00e9sultats avec vous, que vous soyez le traducteur de service d\u2019un cabinet d\u2019avocats, le PDG d\u2019une entreprise de construction de renomm\u00e9e internationale ou l\u2019assistant marketing d\u2019une PME sp\u00e9cialis\u00e9e dans les dispositifs m\u00e9dicaux.<\/p>\n<p>Que ces 7 653 mots soient un important contrat \u00e0 traduire avec une grande pr\u00e9cision, une s\u00e9rie de <a href=\"https:\/\/wilkens.be\/fr\/specialisations-en-traduction\/sites-web\/\">textes Web<\/a> sur de nouveaux produits durables qui doivent gagner le c\u0153ur des gens ou qu\u2019ils portent sur une \u00e9tude complexe, nous aimerions apprendre \u00e0 vous conna\u00eetre, vous et votre organisation, avant de nous atteler ensemble \u00e0 votre travail de traduction.<\/p>\n\t\t\t\t\t\t\t\t<\/div>\n\t\t\t\t<\/div>\n\t\t\t\t<div class=\"elementor-element elementor-element-59ab5d4b elementor-widget elementor-widget-heading\" data-id=\"59ab5d4b\" data-element_type=\"widget\" data-widget_type=\"heading.default\">\n\t\t\t\t<div class=\"elementor-widget-container\">\n\t\t\t\t\t<h2 class=\"elementor-heading-title elementor-size-default\">Nos traducteurs<\/h2>\t\t\t\t<\/div>\n\t\t\t\t<\/div>\n\t\t\t\t<div class=\"elementor-element elementor-element-179c8013 elementor-widget elementor-widget-text-editor\" data-id=\"179c8013\" data-element_type=\"widget\" data-widget_type=\"text-editor.default\">\n\t\t\t\t<div class=\"elementor-widget-container\">\n\t\t\t\t\t\t\t\t\t<p>L\u2019une est une jeune nomade num\u00e9rique qui traduit surtout des <a href=\"https:\/\/wilkens.be\/fr\/specialisations-en-traduction\/marketing\/\">textes marketing<\/a>, un autre est un chirurgien cardiaque bilingue \u00e0 la retraite qui met \u00e0 profit ses connaissances pour <a href=\"https:\/\/wilkens.be\/fr\/specialisations-en-traduction\/medical\/\">traduire des \u00e9tudes cliniques<\/a>. Nos traducteurs sont toujours des personnes passionn\u00e9es par les langues et par leur domaine. Nous veillons toujours \u00e0 trouver le meilleur traducteur pour chaque mission. Et pour vous garantir une qualit\u00e9 irr\u00e9prochable, nous travaillons exclusivement avec des locuteurs natifs. Nous collaborons avec plus de 3 000 traducteurs dans le monde entier et disposons d\u2019un service d\u00e9di\u00e9 dont la mission consiste chaque jour \u00e0 trouver, s\u00e9lectionner et \u00e9valuer les meilleurs traducteurs.<\/p>\n\t\t\t\t\t\t\t\t<\/div>\n\t\t\t\t<\/div>\n\t\t\t\t<div class=\"elementor-element elementor-element-efe379e elementor-widget elementor-widget-heading\" data-id=\"efe379e\" data-element_type=\"widget\" data-widget_type=\"heading.default\">\n\t\t\t\t<div class=\"elementor-widget-container\">\n\t\t\t\t\t<h2 class=\"elementor-heading-title elementor-size-default\">Bureau de traduction Wilkens c.s.: Garanties de qualit\u00e9<\/h2>\t\t\t\t<\/div>\n\t\t\t\t<\/div>\n\t\t\t\t<div class=\"elementor-element elementor-element-4137c74 elementor-widget elementor-widget-text-editor\" data-id=\"4137c74\" data-element_type=\"widget\" data-widget_type=\"text-editor.default\">\n\t\t\t\t<div class=\"elementor-widget-container\">\n\t\t\t\t\t\t\t\t\t<p>Nous avons structur\u00e9 nos services de mani\u00e8re \u00e0 garantir \u00e0 notre client\u00e8le la plus haute qualit\u00e9 en toutes circonstances. Nous sommes particuli\u00e8rement fiers de ce qui suit\u00a0:<\/p><ul><li>Wilkens c.s. est certifi\u00e9e ISO\u00a09001, preuve que notre processus de gestion de la qualit\u00e9 r\u00e9pond aux normes les plus \u00e9lev\u00e9es\u00a0;<\/li><li>Wilkens c.s. est certifi\u00e9e ISO\u00a017100, la norme du secteur de la traduction qui garantit, entre autres, que nous travaillons toujours avec des locuteurs natifs et que le texte est toujours r\u00e9vis\u00e9 par un deuxi\u00e8me traducteur\u00a0;<\/li><li>Nous sommes membres de la BQTA, l\u2019association belge des soci\u00e9t\u00e9s de traduction\u00a0;<\/li><li>La technologie n\u2019a pas de secret pour nous, ce qui signifie que nous n\u2019avons pas peur de l\u2019innovation. Nous nous efforcerons toujours d\u2019int\u00e9grer la technologie dans nos processus afin de fournir \u00e0 notre client\u00e8le des r\u00e9sultats encore meilleurs, sans jamais n\u00e9gliger la qualit\u00e9.<\/li><\/ul><p><br \/>Nous ne nous contentons pas de traduire. Pensez par exemple au <a href=\"https:\/\/wilkens.be\/fr\/services\/redaction-et-copywriting\/\">copywriting<\/a> et \u00e0 la <a href=\"https:\/\/wilkens.be\/fr\/services\/redaction-technique\/\">r\u00e9daction technique<\/a>. Ce n\u2019est toujours pas suffisant pour votre projet de traduction ou d\u2019\u00e9criture ? Consultez nos <a href=\"https:\/\/wilkens.be\/fr\/services\/autres-services\/\">autres services<\/a>.<\/p><p>Envie d\u2019en faire vous-m\u00eame l\u2019exp\u00e9rience\u00a0? <a href=\"https:\/\/wilkens.be\/fr\/a-propos-de-nous\/contact\/\">Contactez-nous<\/a>\u00a0!<\/p>\t\t\t\t\t\t\t\t<\/div>\n\t\t\t\t<\/div>\n\t\t\t\t\t<\/div>\n\t\t<\/div>\n\t\t\t\t<div class=\"elementor-column elementor-col-50 elementor-top-column elementor-element elementor-element-319de6d elementor-hidden-mobile\" data-id=\"319de6d\" data-element_type=\"column\" data-settings=\"{&quot;background_background&quot;:&quot;classic&quot;}\">\n\t\t\t<div class=\"elementor-widget-wrap elementor-element-populated\">\n\t\t\t\t\t\t<section class=\"elementor-section elementor-inner-section elementor-element elementor-element-42477f4 elementor-section-boxed elementor-section-height-default elementor-section-height-default\" data-id=\"42477f4\" data-element_type=\"section\" data-settings=\"{&quot;background_background&quot;:&quot;classic&quot;}\">\n\t\t\t\t\t\t<div class=\"elementor-container elementor-column-gap-default\">\n\t\t\t\t\t<div class=\"elementor-column elementor-col-100 elementor-inner-column elementor-element elementor-element-132b1ac\" data-id=\"132b1ac\" data-element_type=\"column\">\n\t\t\t<div class=\"elementor-widget-wrap elementor-element-populated\">\n\t\t\t\t\t\t<div class=\"elementor-element elementor-element-edf1d97 elementor-widget elementor-widget-heading\" data-id=\"edf1d97\" data-element_type=\"widget\" data-widget_type=\"heading.default\">\n\t\t\t\t<div class=\"elementor-widget-container\">\n\t\t\t\t\t<h4 class=\"elementor-heading-title elementor-size-default\">D\u00e9tails du contact<\/h4>\t\t\t\t<\/div>\n\t\t\t\t<\/div>\n\t\t\t\t<div class=\"elementor-element elementor-element-6ff7542 elementor-widget elementor-widget-image\" data-id=\"6ff7542\" data-element_type=\"widget\" data-widget_type=\"image.default\">\n\t\t\t\t<div class=\"elementor-widget-container\">\n\t\t\t\t\t\t\t\t\t\t\t\t\t\t\t<img fetchpriority=\"high\" decoding=\"async\" width=\"800\" height=\"316\" src=\"https:\/\/wilkens.be\/wp-content\/uploads\/2022\/06\/AdobeStock_4407561-1024x405.jpeg\" class=\"attachment-large size-large wp-image-3774\" alt=\"\" srcset=\"https:\/\/wilkens.be\/wp-content\/uploads\/2022\/06\/AdobeStock_4407561-1024x405.jpeg 1024w, https:\/\/wilkens.be\/wp-content\/uploads\/2022\/06\/AdobeStock_4407561-300x119.jpeg 300w, https:\/\/wilkens.be\/wp-content\/uploads\/2022\/06\/AdobeStock_4407561-768x304.jpeg 768w, https:\/\/wilkens.be\/wp-content\/uploads\/2022\/06\/AdobeStock_4407561-1536x608.jpeg 1536w, https:\/\/wilkens.be\/wp-content\/uploads\/2022\/06\/AdobeStock_4407561-2048x810.jpeg 2048w\" sizes=\"(max-width: 800px) 100vw, 800px\" \/>\t\t\t\t\t\t\t\t\t\t\t\t\t\t\t<\/div>\n\t\t\t\t<\/div>\n\t\t\t\t<div class=\"elementor-element elementor-element-b762129 elementor-icon-list--layout-traditional elementor-list-item-link-full_width elementor-widget elementor-widget-icon-list\" data-id=\"b762129\" data-element_type=\"widget\" data-widget_type=\"icon-list.default\">\n\t\t\t\t<div class=\"elementor-widget-container\">\n\t\t\t\t\t\t\t<ul class=\"elementor-icon-list-items\">\n\t\t\t\t\t\t\t<li class=\"elementor-icon-list-item\">\n\t\t\t\t\t\t\t\t\t\t<span class=\"elementor-icon-list-text\">Wilkens c.s. BVBA<\/span>\n\t\t\t\t\t\t\t\t\t<\/li>\n\t\t\t\t\t\t\t\t<li class=\"elementor-icon-list-item\">\n\t\t\t\t\t\t\t\t\t\t<span class=\"elementor-icon-list-text\">Poolse Winglaan 86\/0001<\/span>\n\t\t\t\t\t\t\t\t\t<\/li>\n\t\t\t\t\t\t\t\t<li class=\"elementor-icon-list-item\">\n\t\t\t\t\t\t\t\t\t\t<span class=\"elementor-icon-list-text\">9051 Gent - Sint-Denijs-Westerem, Belgique<\/span>\n\t\t\t\t\t\t\t\t\t<\/li>\n\t\t\t\t\t\t\t\t<li class=\"elementor-icon-list-item\">\n\t\t\t\t\t\t\t\t\t\t<span class=\"elementor-icon-list-text\">BTW: BE0649.563.171<\/span>\n\t\t\t\t\t\t\t\t\t<\/li>\n\t\t\t\t\t\t\t\t<li class=\"elementor-icon-list-item\">\n\t\t\t\t\t\t\t\t\t\t\t<a href=\"tel:+3292650040\">\n\n\t\t\t\t\t\t\t\t\t\t\t\t<span class=\"elementor-icon-list-icon\">\n\t\t\t\t\t\t\t<i aria-hidden=\"true\" class=\"fas fa-phone-alt\"><\/i>\t\t\t\t\t\t<\/span>\n\t\t\t\t\t\t\t\t\t\t<span class=\"elementor-icon-list-text\">+32 (0)9 265 00 40<\/span>\n\t\t\t\t\t\t\t\t\t\t\t<\/a>\n\t\t\t\t\t\t\t\t\t<\/li>\n\t\t\t\t\t\t\t\t<li class=\"elementor-icon-list-item\">\n\t\t\t\t\t\t\t\t\t\t\t<a href=\"mailto:info@wilkens.be\">\n\n\t\t\t\t\t\t\t\t\t\t\t\t<span class=\"elementor-icon-list-icon\">\n\t\t\t\t\t\t\t<i aria-hidden=\"true\" class=\"fas fa-envelope\"><\/i>\t\t\t\t\t\t<\/span>\n\t\t\t\t\t\t\t\t\t\t<span class=\"elementor-icon-list-text\">info@wilkens.be<\/span>\n\t\t\t\t\t\t\t\t\t\t\t<\/a>\n\t\t\t\t\t\t\t\t\t<\/li>\n\t\t\t\t\t\t<\/ul>\n\t\t\t\t\t\t<\/div>\n\t\t\t\t<\/div>\n\t\t\t\t\t<\/div>\n\t\t<\/div>\n\t\t\t\t\t<\/div>\n\t\t<\/section>\n\t\t\t\t\t<\/div>\n\t\t<\/div>\n\t\t\t\t\t<\/div>\n\t\t<\/section>\n\t\t\t\t<\/div>\n\t\t","protected":false},"excerpt":{"rendered":"<p>La langue nous unit et rend la communication possible. En tant qu\u2019agence de traduction, nous sommes \u00e9troitement associ\u00e9s aux processus de communication de notre client\u00e8le. Nous sommes le maillon qui permet \u00e0 la client\u00e8le, aux employ\u00e9s et aux parties prenantes non seulement de vous entendre, mais surtout de vous comprendre. Comment\u00a0? Tout d\u2019abord en prenant [&hellip;]<\/p>\n","protected":false},"author":9,"featured_media":0,"parent":0,"menu_order":0,"comment_status":"closed","ping_status":"closed","template":"","meta":{"footnotes":""},"class_list":["post-5259","page","type-page","status-publish","hentry"],"yoast_head":"<!-- This site is optimized with the Yoast SEO plugin v27.4 - https:\/\/yoast.com\/product\/yoast-seo-wordpress\/ -->\n<title>\u00c0 propos de nous | Wilkens c.s.<\/title>\n<meta name=\"description\" content=\"Avant de vous parler des locuteurs natifs et des certificats, nous voulons d&#039;abord parler de vous : le client. Appelez-nous au +32 92650040 !\" \/>\n<meta name=\"robots\" content=\"index, follow, max-snippet:-1, max-image-preview:large, max-video-preview:-1\" \/>\n<link rel=\"canonical\" href=\"https:\/\/wilkens.be\/fr\/a-propos-de-nous\/\" \/>\n<meta property=\"og:locale\" content=\"fr_FR\" \/>\n<meta property=\"og:type\" content=\"article\" \/>\n<meta property=\"og:title\" content=\"\u00c0 propos de nous | Wilkens c.s.\" \/>\n<meta property=\"og:description\" content=\"Avant de vous parler des locuteurs natifs et des certificats, nous voulons d&#039;abord parler de vous : le client. Appelez-nous au +32 92650040 !\" \/>\n<meta property=\"og:url\" content=\"https:\/\/wilkens.be\/fr\/a-propos-de-nous\/\" \/>\n<meta property=\"og:site_name\" content=\"Wilkens c.s.\" \/>\n<meta property=\"article:modified_time\" content=\"2023-09-07T07:47:59+00:00\" \/>\n<meta property=\"og:image\" content=\"https:\/\/wilkens.be\/wp-content\/uploads\/2022\/06\/AdobeStock_4407561-1024x405.jpeg\" \/>\n<meta name=\"twitter:card\" content=\"summary_large_image\" \/>\n<meta name=\"twitter:label1\" content=\"Dur\u00e9e de lecture estim\u00e9e\" \/>\n\t<meta name=\"twitter:data1\" content=\"4 minutes\" \/>\n<script type=\"application\/ld+json\" class=\"yoast-schema-graph\">{\"@context\":\"https:\\\/\\\/schema.org\",\"@graph\":[{\"@type\":\"WebPage\",\"@id\":\"https:\\\/\\\/wilkens.be\\\/fr\\\/a-propos-de-nous\\\/\",\"url\":\"https:\\\/\\\/wilkens.be\\\/fr\\\/a-propos-de-nous\\\/\",\"name\":\"\u00c0 propos de nous | Wilkens c.s.\",\"isPartOf\":{\"@id\":\"https:\\\/\\\/wilkens.be\\\/fr\\\/#website\"},\"primaryImageOfPage\":{\"@id\":\"https:\\\/\\\/wilkens.be\\\/fr\\\/a-propos-de-nous\\\/#primaryimage\"},\"image\":{\"@id\":\"https:\\\/\\\/wilkens.be\\\/fr\\\/a-propos-de-nous\\\/#primaryimage\"},\"thumbnailUrl\":\"https:\\\/\\\/wilkens.be\\\/wp-content\\\/uploads\\\/2022\\\/06\\\/AdobeStock_4407561-1024x405.jpeg\",\"datePublished\":\"2022-04-20T14:25:09+00:00\",\"dateModified\":\"2023-09-07T07:47:59+00:00\",\"description\":\"Avant de vous parler des locuteurs natifs et des certificats, nous voulons d'abord parler de vous : le client. Appelez-nous au +32 92650040 !\",\"breadcrumb\":{\"@id\":\"https:\\\/\\\/wilkens.be\\\/fr\\\/a-propos-de-nous\\\/#breadcrumb\"},\"inLanguage\":\"fr-FR\",\"potentialAction\":[{\"@type\":\"ReadAction\",\"target\":[\"https:\\\/\\\/wilkens.be\\\/fr\\\/a-propos-de-nous\\\/\"]}]},{\"@type\":\"ImageObject\",\"inLanguage\":\"fr-FR\",\"@id\":\"https:\\\/\\\/wilkens.be\\\/fr\\\/a-propos-de-nous\\\/#primaryimage\",\"url\":\"https:\\\/\\\/wilkens.be\\\/wp-content\\\/uploads\\\/2022\\\/06\\\/AdobeStock_4407561-1024x405.jpeg\",\"contentUrl\":\"https:\\\/\\\/wilkens.be\\\/wp-content\\\/uploads\\\/2022\\\/06\\\/AdobeStock_4407561-1024x405.jpeg\"},{\"@type\":\"BreadcrumbList\",\"@id\":\"https:\\\/\\\/wilkens.be\\\/fr\\\/a-propos-de-nous\\\/#breadcrumb\",\"itemListElement\":[{\"@type\":\"ListItem\",\"position\":1,\"name\":\"Home\",\"item\":\"https:\\\/\\\/wilkens.be\\\/fr\\\/\"},{\"@type\":\"ListItem\",\"position\":2,\"name\":\"\u00c0 propos de nous\"}]},{\"@type\":\"WebSite\",\"@id\":\"https:\\\/\\\/wilkens.be\\\/fr\\\/#website\",\"url\":\"https:\\\/\\\/wilkens.be\\\/fr\\\/\",\"name\":\"Wilkens c.s.\",\"description\":\"\",\"publisher\":{\"@id\":\"https:\\\/\\\/wilkens.be\\\/fr\\\/#organization\"},\"potentialAction\":[{\"@type\":\"SearchAction\",\"target\":{\"@type\":\"EntryPoint\",\"urlTemplate\":\"https:\\\/\\\/wilkens.be\\\/fr\\\/?s={search_term_string}\"},\"query-input\":{\"@type\":\"PropertyValueSpecification\",\"valueRequired\":true,\"valueName\":\"search_term_string\"}}],\"inLanguage\":\"fr-FR\"},{\"@type\":\"Organization\",\"@id\":\"https:\\\/\\\/wilkens.be\\\/fr\\\/#organization\",\"name\":\"Wilkens c.s.\",\"url\":\"https:\\\/\\\/wilkens.be\\\/fr\\\/\",\"logo\":{\"@type\":\"ImageObject\",\"inLanguage\":\"fr-FR\",\"@id\":\"https:\\\/\\\/wilkens.be\\\/fr\\\/#\\\/schema\\\/logo\\\/image\\\/\",\"url\":\"https:\\\/\\\/wilkens.be\\\/wp-content\\\/uploads\\\/2022\\\/04\\\/Logo_Wilkens.png\",\"contentUrl\":\"https:\\\/\\\/wilkens.be\\\/wp-content\\\/uploads\\\/2022\\\/04\\\/Logo_Wilkens.png\",\"width\":500,\"height\":111,\"caption\":\"Wilkens c.s.\"},\"image\":{\"@id\":\"https:\\\/\\\/wilkens.be\\\/fr\\\/#\\\/schema\\\/logo\\\/image\\\/\"}}]}<\/script>\n<!-- \/ Yoast SEO plugin. -->","yoast_head_json":{"title":"\u00c0 propos de nous | Wilkens c.s.","description":"Avant de vous parler des locuteurs natifs et des certificats, nous voulons d'abord parler de vous : le client. Appelez-nous au +32 92650040 !","robots":{"index":"index","follow":"follow","max-snippet":"max-snippet:-1","max-image-preview":"max-image-preview:large","max-video-preview":"max-video-preview:-1"},"canonical":"https:\/\/wilkens.be\/fr\/a-propos-de-nous\/","og_locale":"fr_FR","og_type":"article","og_title":"\u00c0 propos de nous | Wilkens c.s.","og_description":"Avant de vous parler des locuteurs natifs et des certificats, nous voulons d'abord parler de vous : le client. Appelez-nous au +32 92650040 !","og_url":"https:\/\/wilkens.be\/fr\/a-propos-de-nous\/","og_site_name":"Wilkens c.s.","article_modified_time":"2023-09-07T07:47:59+00:00","og_image":[{"url":"https:\/\/wilkens.be\/wp-content\/uploads\/2022\/06\/AdobeStock_4407561-1024x405.jpeg","type":"","width":"","height":""}],"twitter_card":"summary_large_image","twitter_misc":{"Dur\u00e9e de lecture estim\u00e9e":"4 minutes"},"schema":{"@context":"https:\/\/schema.org","@graph":[{"@type":"WebPage","@id":"https:\/\/wilkens.be\/fr\/a-propos-de-nous\/","url":"https:\/\/wilkens.be\/fr\/a-propos-de-nous\/","name":"\u00c0 propos de nous | Wilkens c.s.","isPartOf":{"@id":"https:\/\/wilkens.be\/fr\/#website"},"primaryImageOfPage":{"@id":"https:\/\/wilkens.be\/fr\/a-propos-de-nous\/#primaryimage"},"image":{"@id":"https:\/\/wilkens.be\/fr\/a-propos-de-nous\/#primaryimage"},"thumbnailUrl":"https:\/\/wilkens.be\/wp-content\/uploads\/2022\/06\/AdobeStock_4407561-1024x405.jpeg","datePublished":"2022-04-20T14:25:09+00:00","dateModified":"2023-09-07T07:47:59+00:00","description":"Avant de vous parler des locuteurs natifs et des certificats, nous voulons d'abord parler de vous : le client. Appelez-nous au +32 92650040 !","breadcrumb":{"@id":"https:\/\/wilkens.be\/fr\/a-propos-de-nous\/#breadcrumb"},"inLanguage":"fr-FR","potentialAction":[{"@type":"ReadAction","target":["https:\/\/wilkens.be\/fr\/a-propos-de-nous\/"]}]},{"@type":"ImageObject","inLanguage":"fr-FR","@id":"https:\/\/wilkens.be\/fr\/a-propos-de-nous\/#primaryimage","url":"https:\/\/wilkens.be\/wp-content\/uploads\/2022\/06\/AdobeStock_4407561-1024x405.jpeg","contentUrl":"https:\/\/wilkens.be\/wp-content\/uploads\/2022\/06\/AdobeStock_4407561-1024x405.jpeg"},{"@type":"BreadcrumbList","@id":"https:\/\/wilkens.be\/fr\/a-propos-de-nous\/#breadcrumb","itemListElement":[{"@type":"ListItem","position":1,"name":"Home","item":"https:\/\/wilkens.be\/fr\/"},{"@type":"ListItem","position":2,"name":"\u00c0 propos de nous"}]},{"@type":"WebSite","@id":"https:\/\/wilkens.be\/fr\/#website","url":"https:\/\/wilkens.be\/fr\/","name":"Wilkens c.s.","description":"","publisher":{"@id":"https:\/\/wilkens.be\/fr\/#organization"},"potentialAction":[{"@type":"SearchAction","target":{"@type":"EntryPoint","urlTemplate":"https:\/\/wilkens.be\/fr\/?s={search_term_string}"},"query-input":{"@type":"PropertyValueSpecification","valueRequired":true,"valueName":"search_term_string"}}],"inLanguage":"fr-FR"},{"@type":"Organization","@id":"https:\/\/wilkens.be\/fr\/#organization","name":"Wilkens c.s.","url":"https:\/\/wilkens.be\/fr\/","logo":{"@type":"ImageObject","inLanguage":"fr-FR","@id":"https:\/\/wilkens.be\/fr\/#\/schema\/logo\/image\/","url":"https:\/\/wilkens.be\/wp-content\/uploads\/2022\/04\/Logo_Wilkens.png","contentUrl":"https:\/\/wilkens.be\/wp-content\/uploads\/2022\/04\/Logo_Wilkens.png","width":500,"height":111,"caption":"Wilkens c.s."},"image":{"@id":"https:\/\/wilkens.be\/fr\/#\/schema\/logo\/image\/"}}]}},"_links":{"self":[{"href":"https:\/\/wilkens.be\/fr\/wp-json\/wp\/v2\/pages\/5259","targetHints":{"allow":["GET"]}}],"collection":[{"href":"https:\/\/wilkens.be\/fr\/wp-json\/wp\/v2\/pages"}],"about":[{"href":"https:\/\/wilkens.be\/fr\/wp-json\/wp\/v2\/types\/page"}],"author":[{"embeddable":true,"href":"https:\/\/wilkens.be\/fr\/wp-json\/wp\/v2\/users\/9"}],"replies":[{"embeddable":true,"href":"https:\/\/wilkens.be\/fr\/wp-json\/wp\/v2\/comments?post=5259"}],"version-history":[{"count":18,"href":"https:\/\/wilkens.be\/fr\/wp-json\/wp\/v2\/pages\/5259\/revisions"}],"predecessor-version":[{"id":6570,"href":"https:\/\/wilkens.be\/fr\/wp-json\/wp\/v2\/pages\/5259\/revisions\/6570"}],"wp:attachment":[{"href":"https:\/\/wilkens.be\/fr\/wp-json\/wp\/v2\/media?parent=5259"}],"curies":[{"name":"wp","href":"https:\/\/api.w.org\/{rel}","templated":true}]}}