{"id":5214,"date":"2022-04-21T10:27:31","date_gmt":"2022-04-21T09:27:31","guid":{"rendered":"https:\/\/bewilk-kwinyashe.savviihq.com\/communications-publiques\/"},"modified":"2023-09-08T15:46:16","modified_gmt":"2023-09-08T14:46:16","slug":"communications-publiques","status":"publish","type":"page","link":"https:\/\/wilkens.be\/fr\/specialisations-en-traduction\/communications-publiques\/","title":{"rendered":"Communications publiques"},"content":{"rendered":"\t\t<div data-elementor-type=\"wp-page\" data-elementor-id=\"5214\" class=\"elementor elementor-5214 elementor-94\" data-elementor-post-type=\"page\">\n\t\t\t\t\t\t<section class=\"elementor-section elementor-top-section elementor-element elementor-element-443beee5 elementor-section-boxed elementor-section-height-default elementor-section-height-default\" data-id=\"443beee5\" data-element_type=\"section\" data-settings=\"{&quot;background_background&quot;:&quot;classic&quot;}\">\n\t\t\t\t\t\t\t<div class=\"elementor-background-overlay\"><\/div>\n\t\t\t\t\t\t\t<div class=\"elementor-container elementor-column-gap-default\">\n\t\t\t\t\t<div class=\"elementor-column elementor-col-100 elementor-top-column elementor-element elementor-element-5e527973\" data-id=\"5e527973\" data-element_type=\"column\">\n\t\t\t<div class=\"elementor-widget-wrap elementor-element-populated\">\n\t\t\t\t\t\t<div class=\"elementor-element elementor-element-386534ff elementor-widget elementor-widget-heading\" data-id=\"386534ff\" data-element_type=\"widget\" data-widget_type=\"heading.default\">\n\t\t\t\t<div class=\"elementor-widget-container\">\n\t\t\t\t\t<h1 class=\"elementor-heading-title elementor-size-default\">Communications publiques<\/h1>\t\t\t\t<\/div>\n\t\t\t\t<\/div>\n\t\t\t\t<div class=\"elementor-element elementor-element-aa92ce3 elementor-widget elementor-widget-eael-fancy-text\" data-id=\"aa92ce3\" data-element_type=\"widget\" data-widget_type=\"eael-fancy-text.default\">\n\t\t\t\t<div class=\"elementor-widget-container\">\n\t\t\t\t\t\n\t<div  class=\"eael-fancy-text-container style-1\" data-fancy-text-id=\"aa92ce3\" data-fancy-text=\"|Notes de politique g\u00e9n\u00e9rale|Discours|Communiqu\u00e9s de presse|Dossiers d\u2019appels d\u2019offres|R\u00e8glements europ\u00e9ens|Rapports|Brochures d\u2019information |Lettres|Textes juridiques\" data-fancy-text-transition-type=\"typing\" data-fancy-text-speed=\"65\" data-fancy-text-delay=\"2500\" data-fancy-text-cursor=\"yes\" data-fancy-text-loop=\"yes\" data-fancy-text-action=\"page_load\" >\n\t\t\t\t\t<span class=\"eael-fancy-text-prefix\">  <\/span>\n\t\t\n\t\t\n\t\t\t\t\t<span id=\"eael-fancy-text-aa92ce3\" class=\"eael-fancy-text-strings \">\n\t\t\t\t<noscript>\n\t\t\t\t\tNotes de politique g\u00e9n\u00e9rale, Discours, Communiqu\u00e9s de presse, Dossiers d\u2019appels d\u2019offres, R\u00e8glements europ\u00e9ens, Rapports, Brochures d\u2019information , Lettres, Textes juridiques\t\t\t\t<\/noscript>\n\t\t\t<\/span>\n\t\t\n\t\t\t\t\t<span class=\"eael-fancy-text-suffix\">  <\/span>\n\t\t\t<\/div><!-- close .eael-fancy-text-container -->\n\n\t<div class=\"clearfix\"><\/div>\n\n\t\t\t\t\t<\/div>\n\t\t\t\t<\/div>\n\t\t\t\t\t<\/div>\n\t\t<\/div>\n\t\t\t\t\t<\/div>\n\t\t<\/section>\n\t\t\t\t<section class=\"elementor-section elementor-top-section elementor-element elementor-element-6a1b9888 elementor-section-boxed elementor-section-height-default elementor-section-height-default\" data-id=\"6a1b9888\" data-element_type=\"section\">\n\t\t\t\t\t\t<div class=\"elementor-container elementor-column-gap-default\">\n\t\t\t\t\t<div class=\"elementor-column elementor-col-100 elementor-top-column elementor-element elementor-element-18ab7706\" data-id=\"18ab7706\" data-element_type=\"column\">\n\t\t\t<div class=\"elementor-widget-wrap elementor-element-populated\">\n\t\t\t\t\t\t<div class=\"elementor-element elementor-element-17cdce18 elementor-widget elementor-widget-text-editor\" data-id=\"17cdce18\" data-element_type=\"widget\" data-widget_type=\"text-editor.default\">\n\t\t\t\t<div class=\"elementor-widget-container\">\n\t\t\t\t\t\t\t\t\t<p>Notes de politique g\u00e9n\u00e9rale, discours, communiqu\u00e9s de presse, appels d\u2019offres ou documents officiels \u00e9manant de l\u2019Union europ\u00e9enne&#8230; La communication avec et entre les pouvoirs publics est souvent d\u2019actualit\u00e9 et sensible, ou soumise \u00e0 des r\u00e8gles sp\u00e9cifiques. Qu\u2019il s\u2019agisse de collectivit\u00e9s locales, d\u2019institutions europ\u00e9ennes ou d\u2019entreprises internationales souhaitant participer \u00e0 un appel d\u2019offres, Wilkens c.s. r\u00e9alise chaque <a href=\"https:\/\/wilkens.be\/fr\/traduction\/\">traduction<\/a> de communications publiques selon les r\u00e8gles de l\u2019art !<\/p>\n\t\t\t\t\t\t\t\t<\/div>\n\t\t\t\t<\/div>\n\t\t\t\t\t<\/div>\n\t\t<\/div>\n\t\t\t\t\t<\/div>\n\t\t<\/section>\n\t\t\t\t<section class=\"elementor-section elementor-top-section elementor-element elementor-element-4404d715 elementor-reverse-mobile elementor-section-boxed elementor-section-height-default elementor-section-height-default\" data-id=\"4404d715\" data-element_type=\"section\">\n\t\t\t\t\t\t<div class=\"elementor-container elementor-column-gap-default\">\n\t\t\t\t\t<div class=\"elementor-column elementor-col-50 elementor-top-column elementor-element elementor-element-5ccbc4ba\" data-id=\"5ccbc4ba\" data-element_type=\"column\">\n\t\t\t<div class=\"elementor-widget-wrap elementor-element-populated\">\n\t\t\t\t\t\t<div class=\"elementor-element elementor-element-2c5e61a elementor-widget elementor-widget-heading\" data-id=\"2c5e61a\" data-element_type=\"widget\" data-widget_type=\"heading.default\">\n\t\t\t\t<div class=\"elementor-widget-container\">\n\t\t\t\t\t<h2 class=\"elementor-heading-title elementor-size-default\">De l\u2019administration locale aux instances europ\u00e9ennes<\/h2>\t\t\t\t<\/div>\n\t\t\t\t<\/div>\n\t\t\t\t<div class=\"elementor-element elementor-element-7bcbea64 elementor-widget elementor-widget-text-editor\" data-id=\"7bcbea64\" data-element_type=\"widget\" data-widget_type=\"text-editor.default\">\n\t\t\t\t<div class=\"elementor-widget-container\">\n\t\t\t\t\t\t\t\t\t<p>Avec trois langues nationales officielles, la communication multilingue est incontournable au sein des autorit\u00e9s belges, mais certains habitants de notre pays parlent \u00e9galement l\u2019italien, l\u2019arabe, le turc ou l\u2019iranien, par exemple. La meilleure fa\u00e7on de toucher les gens est de leur parler dans leur langue maternelle. Si l\u2019on ajoute \u00e0 cela les partenariats entre diff\u00e9rents pays au sein de l\u2019Union europ\u00e9enne, il est \u00e9vident que la traduction joue un r\u00f4le majeur dans la communication des pouvoirs publics.<\/p>\n<p>Depuis de nombreuses ann\u00e9es, Wilkens c.s. aide diverses instances publiques aux niveaux communal, r\u00e9gional, f\u00e9d\u00e9ral et europ\u00e9en \u00e0 r\u00e9pondre \u00e0 tous leurs besoins en mati\u00e8re de traduction. Nous proposons des traductions dans toutes les combinaisons linguistiques possibles. Nous garantissons pour chaque mission les meilleurs r\u00e9sultats en nous attachant avant tout \u00e0 identifier correctement les besoins de notre client\u00e8le.<\/p>\n<p>Le diplomate qui doit prononcer un discours important lors d\u2019une convention en Isra\u00ebl ne parle pas la m\u00eame langue que l\u2019assistant du bourgmestre d\u2019un village du Namurois d\u00e9sireux de lancer un appel d\u2019offres, mais tous deux doivent \u00eatre en mesure d\u2019atteindre les bonnes personnes de la bonne mani\u00e8re. Nous prenons soin d\u2019examiner avec notre client\u00e8le ce qu\u2019elle veut raconter, comment elle veut le faire et quel public elle veut toucher.<\/p>\t\t\t\t\t\t\t\t<\/div>\n\t\t\t\t<\/div>\n\t\t\t\t<div class=\"elementor-element elementor-element-561f64a elementor-widget elementor-widget-heading\" data-id=\"561f64a\" data-element_type=\"widget\" data-widget_type=\"heading.default\">\n\t\t\t\t<div class=\"elementor-widget-container\">\n\t\t\t\t\t<h2 class=\"elementor-heading-title elementor-size-default\">Notre garantie : les meilleurs traducteurs<\/h2>\t\t\t\t<\/div>\n\t\t\t\t<\/div>\n\t\t\t\t<div class=\"elementor-element elementor-element-ffba25e elementor-widget elementor-widget-text-editor\" data-id=\"ffba25e\" data-element_type=\"widget\" data-widget_type=\"text-editor.default\">\n\t\t\t\t<div class=\"elementor-widget-container\">\n\t\t\t\t\t\t\t\t\t<p>Nos traducteurs poss\u00e8dent toujours une solide exp\u00e9rience dans leur domaine. L\u2019un d\u2019entre eux est devenu traducteur apr\u00e8s une longue carri\u00e8re dans une administration publique, tandis qu\u2019une autre s\u2019est sp\u00e9cialis\u00e9e dans la traduction de r\u00e8glements pour l\u2019Union europ\u00e9enne apr\u00e8s avoir termin\u00e9 ses \u00e9tudes.<\/p>\n<p>Nos traducteurs traduisent toujours dans leur langue maternelle, ce qui leur permet de fournir \u00e0 chaque fois un r\u00e9sultat optimal et naturel. Apr\u00e8s la traduction, un r\u00e9viseur exp\u00e9riment\u00e9 v\u00e9rifie \u00e0 nouveau l\u2019int\u00e9gralit\u00e9 du texte. C\u2019est une des exigences de la norme ISO\u00a017100 et c\u2019est ainsi que nous veillons \u00e0 tirer le meilleur parti de notre communication internationale.<\/p>\n\t\t\t\t\t\t\t\t<\/div>\n\t\t\t\t<\/div>\n\t\t\t\t<div class=\"elementor-element elementor-element-7d36f67 elementor-widget elementor-widget-heading\" data-id=\"7d36f67\" data-element_type=\"widget\" data-widget_type=\"heading.default\">\n\t\t\t\t<div class=\"elementor-widget-container\">\n\t\t\t\t\t<h2 class=\"elementor-heading-title elementor-size-default\">Surcharge<\/h2>\t\t\t\t<\/div>\n\t\t\t\t<\/div>\n\t\t\t\t<div class=\"elementor-element elementor-element-bfa2e4a elementor-widget elementor-widget-text-editor\" data-id=\"bfa2e4a\" data-element_type=\"widget\" data-widget_type=\"text-editor.default\">\n\t\t\t\t<div class=\"elementor-widget-container\">\n\t\t\t\t\t\t\t\t\t<p>De nombreuses administrations disposent de leur propre service de traduction interne. Il arrive cependant qu\u2019une aide ext\u00e9rieure soit n\u00e9cessaire en raison d\u2019une surcharge de travail ou de l\u2019urgence d\u2019une traduction. Wilkens c.s. est le partenaire de confiance d\u2019un certain nombre d\u2019organismes publics. Gr\u00e2ce \u00e0 notre r\u00e9seau de plus de 3\u00a0000\u00a0traducteurs, nous pouvons r\u00e9agir au pied lev\u00e9 et fournir des traductions dans des d\u00e9lais tr\u00e8s courts. Nos ann\u00e9es d\u2019exp\u00e9rience en mati\u00e8re de traduction pour les pouvoirs publics vous garantissent non seulement une livraison rapide de votre traduction, mais aussi une r\u00e9daction parfaitement correcte et conforme aux r\u00e8gles en vigueur.<\/p>\n\t\t\t\t\t\t\t\t<\/div>\n\t\t\t\t<\/div>\n\t\t\t\t<div class=\"elementor-element elementor-element-d3fd1f4 elementor-widget elementor-widget-heading\" data-id=\"d3fd1f4\" data-element_type=\"widget\" data-widget_type=\"heading.default\">\n\t\t\t\t<div class=\"elementor-widget-container\">\n\t\t\t\t\t<h2 class=\"elementor-heading-title elementor-size-default\">Confidentialit\u00e9<\/h2>\t\t\t\t<\/div>\n\t\t\t\t<\/div>\n\t\t\t\t<div class=\"elementor-element elementor-element-e8cc55b elementor-widget elementor-widget-text-editor\" data-id=\"e8cc55b\" data-element_type=\"widget\" data-widget_type=\"text-editor.default\">\n\t\t\t\t<div class=\"elementor-widget-container\">\n\t\t\t\t\t\t\t\t\t<p>Les communications publiques sont souvent de nature confidentielle et peuvent contenir des donn\u00e9es et des informations qui ne doivent en aucun cas \u00eatre divulgu\u00e9es. Nous veillons \u00e0 conserver tous les documents avec le soin et l\u2019int\u00e9grit\u00e9 n\u00e9cessaires, mais aussi \u00e0 rationaliser l\u2019ensemble du processus de traduction afin que seules les personnes requises aient acc\u00e8s aux documents.<\/p>\n<p>Tous nos collaborateurs et traducteurs sont li\u00e9s par une clause de confidentialit\u00e9. Si vous souhaitez b\u00e9n\u00e9ficier d\u2019une s\u00e9curit\u00e9 suppl\u00e9mentaire en signant un accord de confidentialit\u00e9 distinct pour votre travail de traduction, nous n\u2019y voyons naturellement aucun inconv\u00e9nient\u00a0!<\/p>\n\t\t\t\t\t\t\t\t<\/div>\n\t\t\t\t<\/div>\n\t\t\t\t\t<\/div>\n\t\t<\/div>\n\t\t\t\t<div class=\"elementor-column elementor-col-50 elementor-top-column elementor-element elementor-element-a621346 elementor-hidden-mobile\" data-id=\"a621346\" data-element_type=\"column\" data-settings=\"{&quot;background_background&quot;:&quot;classic&quot;}\">\n\t\t\t<div class=\"elementor-widget-wrap elementor-element-populated\">\n\t\t\t\t\t\t<section class=\"elementor-section elementor-inner-section elementor-element elementor-element-37a84f1f elementor-section-boxed elementor-section-height-default elementor-section-height-default\" data-id=\"37a84f1f\" data-element_type=\"section\" data-settings=\"{&quot;background_background&quot;:&quot;classic&quot;}\">\n\t\t\t\t\t\t<div class=\"elementor-container elementor-column-gap-default\">\n\t\t\t\t\t<div class=\"elementor-column elementor-col-100 elementor-inner-column elementor-element elementor-element-6eeaa6da\" data-id=\"6eeaa6da\" data-element_type=\"column\">\n\t\t\t<div class=\"elementor-widget-wrap elementor-element-populated\">\n\t\t\t\t\t\t<div class=\"elementor-element elementor-element-440d7610 elementor-widget elementor-widget-heading\" data-id=\"440d7610\" data-element_type=\"widget\" data-widget_type=\"heading.default\">\n\t\t\t\t<div class=\"elementor-widget-container\">\n\t\t\t\t\t<h3 class=\"elementor-heading-title elementor-size-default\">Sp\u00e9cialisations en traduction<\/h3>\t\t\t\t<\/div>\n\t\t\t\t<\/div>\n\t\t\t\t<div class=\"elementor-element elementor-element-cc092bb elementor-align-left elementor-list-item-link-inline elementor-widget__width-auto elementor-icon-list--layout-traditional elementor-widget elementor-widget-icon-list\" data-id=\"cc092bb\" data-element_type=\"widget\" data-widget_type=\"icon-list.default\">\n\t\t\t\t<div class=\"elementor-widget-container\">\n\t\t\t\t\t\t\t<ul class=\"elementor-icon-list-items\">\n\t\t\t\t\t\t\t<li class=\"elementor-icon-list-item\">\n\t\t\t\t\t\t\t\t\t\t\t<a href=\"\/fr\/specialisations-en-traduction\/finances\/\">\n\n\t\t\t\t\t\t\t\t\t\t\t\t<span class=\"elementor-icon-list-icon\">\n\t\t\t\t\t\t\t<i aria-hidden=\"true\" class=\"far fa-arrow-alt-circle-right\"><\/i>\t\t\t\t\t\t<\/span>\n\t\t\t\t\t\t\t\t\t\t<span class=\"elementor-icon-list-text\">Finances<\/span>\n\t\t\t\t\t\t\t\t\t\t\t<\/a>\n\t\t\t\t\t\t\t\t\t<\/li>\n\t\t\t\t\t\t\t\t<li class=\"elementor-icon-list-item\">\n\t\t\t\t\t\t\t\t\t\t\t<a href=\"\/fr\/specialisations-en-traduction\/juridique\/\">\n\n\t\t\t\t\t\t\t\t\t\t\t\t<span class=\"elementor-icon-list-icon\">\n\t\t\t\t\t\t\t<i aria-hidden=\"true\" class=\"far fa-arrow-alt-circle-right\"><\/i>\t\t\t\t\t\t<\/span>\n\t\t\t\t\t\t\t\t\t\t<span class=\"elementor-icon-list-text\">Juridique<\/span>\n\t\t\t\t\t\t\t\t\t\t\t<\/a>\n\t\t\t\t\t\t\t\t\t<\/li>\n\t\t\t\t\t\t\t\t<li class=\"elementor-icon-list-item\">\n\t\t\t\t\t\t\t\t\t\t\t<a href=\"\/fr\/specialisations-en-traduction\/marketing\/\">\n\n\t\t\t\t\t\t\t\t\t\t\t\t<span class=\"elementor-icon-list-icon\">\n\t\t\t\t\t\t\t<i aria-hidden=\"true\" class=\"far fa-arrow-alt-circle-right\"><\/i>\t\t\t\t\t\t<\/span>\n\t\t\t\t\t\t\t\t\t\t<span class=\"elementor-icon-list-text\">Marketing<\/span>\n\t\t\t\t\t\t\t\t\t\t\t<\/a>\n\t\t\t\t\t\t\t\t\t<\/li>\n\t\t\t\t\t\t\t\t<li class=\"elementor-icon-list-item\">\n\t\t\t\t\t\t\t\t\t\t\t<a href=\"\/fr\/specialisations-en-traduction\/medical\/\">\n\n\t\t\t\t\t\t\t\t\t\t\t\t<span class=\"elementor-icon-list-icon\">\n\t\t\t\t\t\t\t<i aria-hidden=\"true\" class=\"far fa-arrow-alt-circle-right\"><\/i>\t\t\t\t\t\t<\/span>\n\t\t\t\t\t\t\t\t\t\t<span class=\"elementor-icon-list-text\">M\u00e9dical<\/span>\n\t\t\t\t\t\t\t\t\t\t\t<\/a>\n\t\t\t\t\t\t\t\t\t<\/li>\n\t\t\t\t\t\t\t\t<li class=\"elementor-icon-list-item\">\n\t\t\t\t\t\t\t\t\t\t\t<a href=\"\/fr\/specialisations-en-traduction\/communications-publiques\/\">\n\n\t\t\t\t\t\t\t\t\t\t\t\t<span class=\"elementor-icon-list-icon\">\n\t\t\t\t\t\t\t<i aria-hidden=\"true\" class=\"far fa-arrow-alt-circle-right\"><\/i>\t\t\t\t\t\t<\/span>\n\t\t\t\t\t\t\t\t\t\t<span class=\"elementor-icon-list-text\">Communications publiques<\/span>\n\t\t\t\t\t\t\t\t\t\t\t<\/a>\n\t\t\t\t\t\t\t\t\t<\/li>\n\t\t\t\t\t\t\t\t<li class=\"elementor-icon-list-item\">\n\t\t\t\t\t\t\t\t\t\t\t<a href=\"\/fr\/specialisations-en-traduction\/logiciels\/\">\n\n\t\t\t\t\t\t\t\t\t\t\t\t<span class=\"elementor-icon-list-icon\">\n\t\t\t\t\t\t\t<i aria-hidden=\"true\" class=\"far fa-arrow-alt-circle-right\"><\/i>\t\t\t\t\t\t<\/span>\n\t\t\t\t\t\t\t\t\t\t<span class=\"elementor-icon-list-text\">Logiciels<\/span>\n\t\t\t\t\t\t\t\t\t\t\t<\/a>\n\t\t\t\t\t\t\t\t\t<\/li>\n\t\t\t\t\t\t\t\t<li class=\"elementor-icon-list-item\">\n\t\t\t\t\t\t\t\t\t\t\t<a href=\"\/fr\/specialisations-en-traduction\/technique\/\">\n\n\t\t\t\t\t\t\t\t\t\t\t\t<span class=\"elementor-icon-list-icon\">\n\t\t\t\t\t\t\t<i aria-hidden=\"true\" class=\"far fa-arrow-alt-circle-right\"><\/i>\t\t\t\t\t\t<\/span>\n\t\t\t\t\t\t\t\t\t\t<span class=\"elementor-icon-list-text\">Technique<\/span>\n\t\t\t\t\t\t\t\t\t\t\t<\/a>\n\t\t\t\t\t\t\t\t\t<\/li>\n\t\t\t\t\t\t\t\t<li class=\"elementor-icon-list-item\">\n\t\t\t\t\t\t\t\t\t\t\t<a href=\"\/fr\/specialisations-en-traduction\/sites-web\/\">\n\n\t\t\t\t\t\t\t\t\t\t\t\t<span class=\"elementor-icon-list-icon\">\n\t\t\t\t\t\t\t<i aria-hidden=\"true\" class=\"far fa-arrow-alt-circle-right\"><\/i>\t\t\t\t\t\t<\/span>\n\t\t\t\t\t\t\t\t\t\t<span class=\"elementor-icon-list-text\">Sites Web <\/span>\n\t\t\t\t\t\t\t\t\t\t\t<\/a>\n\t\t\t\t\t\t\t\t\t<\/li>\n\t\t\t\t\t\t<\/ul>\n\t\t\t\t\t\t<\/div>\n\t\t\t\t<\/div>\n\t\t\t\t\t<\/div>\n\t\t<\/div>\n\t\t\t\t\t<\/div>\n\t\t<\/section>\n\t\t\t\t\t<\/div>\n\t\t<\/div>\n\t\t\t\t\t<\/div>\n\t\t<\/section>\n\t\t\t\t<\/div>\n\t\t","protected":false},"excerpt":{"rendered":"<p>Communications publiques Notes de politique g\u00e9n\u00e9rale, Discours, Communiqu\u00e9s de presse, Dossiers d\u2019appels d\u2019offres, R\u00e8glements europ\u00e9ens, Rapports, Brochures d\u2019information , Lettres, Textes juridiques Notes de politique g\u00e9n\u00e9rale, discours, communiqu\u00e9s de presse, appels d\u2019offres ou documents officiels \u00e9manant de l\u2019Union europ\u00e9enne&#8230; La communication avec et entre les pouvoirs publics est souvent d\u2019actualit\u00e9 et sensible, ou soumise \u00e0 [&hellip;]<\/p>\n","protected":false},"author":9,"featured_media":0,"parent":5271,"menu_order":0,"comment_status":"closed","ping_status":"closed","template":"","meta":{"footnotes":""},"class_list":["post-5214","page","type-page","status-publish","hentry"],"yoast_head":"<!-- This site is optimized with the Yoast SEO plugin v27.4 - https:\/\/yoast.com\/product\/yoast-seo-wordpress\/ -->\n<title>Communications publiques | Agence de traduction Wilkens c.s.<\/title>\n<meta name=\"description\" content=\"Collectivit\u00e9s, institutions europ\u00e9ennes ou multinationales en lice pour un appel d\u2019offres. Nous r\u00e9alisons votre traduction dans les r\u00e8gles de l\u2019art !\" \/>\n<meta name=\"robots\" content=\"index, follow, max-snippet:-1, max-image-preview:large, max-video-preview:-1\" \/>\n<link rel=\"canonical\" href=\"https:\/\/wilkens.be\/fr\/specialisations-en-traduction\/communications-publiques\/\" \/>\n<meta property=\"og:locale\" content=\"fr_FR\" \/>\n<meta property=\"og:type\" content=\"article\" \/>\n<meta property=\"og:title\" content=\"Communications publiques | Agence de traduction Wilkens c.s.\" \/>\n<meta property=\"og:description\" content=\"Collectivit\u00e9s, institutions europ\u00e9ennes ou multinationales en lice pour un appel d\u2019offres. Nous r\u00e9alisons votre traduction dans les r\u00e8gles de l\u2019art !\" \/>\n<meta property=\"og:url\" content=\"https:\/\/wilkens.be\/fr\/specialisations-en-traduction\/communications-publiques\/\" \/>\n<meta property=\"og:site_name\" content=\"Wilkens c.s.\" \/>\n<meta property=\"article:modified_time\" content=\"2023-09-08T14:46:16+00:00\" \/>\n<meta name=\"twitter:card\" content=\"summary_large_image\" \/>\n<meta name=\"twitter:label1\" content=\"Dur\u00e9e de lecture estim\u00e9e\" \/>\n\t<meta name=\"twitter:data1\" content=\"4 minutes\" \/>\n<script type=\"application\/ld+json\" class=\"yoast-schema-graph\">{\"@context\":\"https:\\\/\\\/schema.org\",\"@graph\":[{\"@type\":\"WebPage\",\"@id\":\"https:\\\/\\\/wilkens.be\\\/fr\\\/specialisations-en-traduction\\\/communications-publiques\\\/\",\"url\":\"https:\\\/\\\/wilkens.be\\\/fr\\\/specialisations-en-traduction\\\/communications-publiques\\\/\",\"name\":\"Communications publiques | Agence de traduction Wilkens c.s.\",\"isPartOf\":{\"@id\":\"https:\\\/\\\/wilkens.be\\\/fr\\\/#website\"},\"datePublished\":\"2022-04-21T09:27:31+00:00\",\"dateModified\":\"2023-09-08T14:46:16+00:00\",\"description\":\"Collectivit\u00e9s, institutions europ\u00e9ennes ou multinationales en lice pour un appel d\u2019offres. Nous r\u00e9alisons votre traduction dans les r\u00e8gles de l\u2019art !\",\"breadcrumb\":{\"@id\":\"https:\\\/\\\/wilkens.be\\\/fr\\\/specialisations-en-traduction\\\/communications-publiques\\\/#breadcrumb\"},\"inLanguage\":\"fr-FR\",\"potentialAction\":[{\"@type\":\"ReadAction\",\"target\":[\"https:\\\/\\\/wilkens.be\\\/fr\\\/specialisations-en-traduction\\\/communications-publiques\\\/\"]}]},{\"@type\":\"BreadcrumbList\",\"@id\":\"https:\\\/\\\/wilkens.be\\\/fr\\\/specialisations-en-traduction\\\/communications-publiques\\\/#breadcrumb\",\"itemListElement\":[{\"@type\":\"ListItem\",\"position\":1,\"name\":\"Home\",\"item\":\"https:\\\/\\\/wilkens.be\\\/fr\\\/\"},{\"@type\":\"ListItem\",\"position\":2,\"name\":\"Sp\u00e9cialisations en traduction\",\"item\":\"https:\\\/\\\/wilkens.be\\\/fr\\\/specialisations-en-traduction\\\/\"},{\"@type\":\"ListItem\",\"position\":3,\"name\":\"Communications publiques\"}]},{\"@type\":\"WebSite\",\"@id\":\"https:\\\/\\\/wilkens.be\\\/fr\\\/#website\",\"url\":\"https:\\\/\\\/wilkens.be\\\/fr\\\/\",\"name\":\"Wilkens c.s.\",\"description\":\"\",\"publisher\":{\"@id\":\"https:\\\/\\\/wilkens.be\\\/fr\\\/#organization\"},\"potentialAction\":[{\"@type\":\"SearchAction\",\"target\":{\"@type\":\"EntryPoint\",\"urlTemplate\":\"https:\\\/\\\/wilkens.be\\\/fr\\\/?s={search_term_string}\"},\"query-input\":{\"@type\":\"PropertyValueSpecification\",\"valueRequired\":true,\"valueName\":\"search_term_string\"}}],\"inLanguage\":\"fr-FR\"},{\"@type\":\"Organization\",\"@id\":\"https:\\\/\\\/wilkens.be\\\/fr\\\/#organization\",\"name\":\"Wilkens c.s.\",\"url\":\"https:\\\/\\\/wilkens.be\\\/fr\\\/\",\"logo\":{\"@type\":\"ImageObject\",\"inLanguage\":\"fr-FR\",\"@id\":\"https:\\\/\\\/wilkens.be\\\/fr\\\/#\\\/schema\\\/logo\\\/image\\\/\",\"url\":\"https:\\\/\\\/wilkens.be\\\/wp-content\\\/uploads\\\/2022\\\/04\\\/Logo_Wilkens.png\",\"contentUrl\":\"https:\\\/\\\/wilkens.be\\\/wp-content\\\/uploads\\\/2022\\\/04\\\/Logo_Wilkens.png\",\"width\":500,\"height\":111,\"caption\":\"Wilkens c.s.\"},\"image\":{\"@id\":\"https:\\\/\\\/wilkens.be\\\/fr\\\/#\\\/schema\\\/logo\\\/image\\\/\"}}]}<\/script>\n<!-- \/ Yoast SEO plugin. -->","yoast_head_json":{"title":"Communications publiques | Agence de traduction Wilkens c.s.","description":"Collectivit\u00e9s, institutions europ\u00e9ennes ou multinationales en lice pour un appel d\u2019offres. Nous r\u00e9alisons votre traduction dans les r\u00e8gles de l\u2019art !","robots":{"index":"index","follow":"follow","max-snippet":"max-snippet:-1","max-image-preview":"max-image-preview:large","max-video-preview":"max-video-preview:-1"},"canonical":"https:\/\/wilkens.be\/fr\/specialisations-en-traduction\/communications-publiques\/","og_locale":"fr_FR","og_type":"article","og_title":"Communications publiques | Agence de traduction Wilkens c.s.","og_description":"Collectivit\u00e9s, institutions europ\u00e9ennes ou multinationales en lice pour un appel d\u2019offres. Nous r\u00e9alisons votre traduction dans les r\u00e8gles de l\u2019art !","og_url":"https:\/\/wilkens.be\/fr\/specialisations-en-traduction\/communications-publiques\/","og_site_name":"Wilkens c.s.","article_modified_time":"2023-09-08T14:46:16+00:00","twitter_card":"summary_large_image","twitter_misc":{"Dur\u00e9e de lecture estim\u00e9e":"4 minutes"},"schema":{"@context":"https:\/\/schema.org","@graph":[{"@type":"WebPage","@id":"https:\/\/wilkens.be\/fr\/specialisations-en-traduction\/communications-publiques\/","url":"https:\/\/wilkens.be\/fr\/specialisations-en-traduction\/communications-publiques\/","name":"Communications publiques | Agence de traduction Wilkens c.s.","isPartOf":{"@id":"https:\/\/wilkens.be\/fr\/#website"},"datePublished":"2022-04-21T09:27:31+00:00","dateModified":"2023-09-08T14:46:16+00:00","description":"Collectivit\u00e9s, institutions europ\u00e9ennes ou multinationales en lice pour un appel d\u2019offres. Nous r\u00e9alisons votre traduction dans les r\u00e8gles de l\u2019art !","breadcrumb":{"@id":"https:\/\/wilkens.be\/fr\/specialisations-en-traduction\/communications-publiques\/#breadcrumb"},"inLanguage":"fr-FR","potentialAction":[{"@type":"ReadAction","target":["https:\/\/wilkens.be\/fr\/specialisations-en-traduction\/communications-publiques\/"]}]},{"@type":"BreadcrumbList","@id":"https:\/\/wilkens.be\/fr\/specialisations-en-traduction\/communications-publiques\/#breadcrumb","itemListElement":[{"@type":"ListItem","position":1,"name":"Home","item":"https:\/\/wilkens.be\/fr\/"},{"@type":"ListItem","position":2,"name":"Sp\u00e9cialisations en traduction","item":"https:\/\/wilkens.be\/fr\/specialisations-en-traduction\/"},{"@type":"ListItem","position":3,"name":"Communications publiques"}]},{"@type":"WebSite","@id":"https:\/\/wilkens.be\/fr\/#website","url":"https:\/\/wilkens.be\/fr\/","name":"Wilkens c.s.","description":"","publisher":{"@id":"https:\/\/wilkens.be\/fr\/#organization"},"potentialAction":[{"@type":"SearchAction","target":{"@type":"EntryPoint","urlTemplate":"https:\/\/wilkens.be\/fr\/?s={search_term_string}"},"query-input":{"@type":"PropertyValueSpecification","valueRequired":true,"valueName":"search_term_string"}}],"inLanguage":"fr-FR"},{"@type":"Organization","@id":"https:\/\/wilkens.be\/fr\/#organization","name":"Wilkens c.s.","url":"https:\/\/wilkens.be\/fr\/","logo":{"@type":"ImageObject","inLanguage":"fr-FR","@id":"https:\/\/wilkens.be\/fr\/#\/schema\/logo\/image\/","url":"https:\/\/wilkens.be\/wp-content\/uploads\/2022\/04\/Logo_Wilkens.png","contentUrl":"https:\/\/wilkens.be\/wp-content\/uploads\/2022\/04\/Logo_Wilkens.png","width":500,"height":111,"caption":"Wilkens c.s."},"image":{"@id":"https:\/\/wilkens.be\/fr\/#\/schema\/logo\/image\/"}}]}},"_links":{"self":[{"href":"https:\/\/wilkens.be\/fr\/wp-json\/wp\/v2\/pages\/5214","targetHints":{"allow":["GET"]}}],"collection":[{"href":"https:\/\/wilkens.be\/fr\/wp-json\/wp\/v2\/pages"}],"about":[{"href":"https:\/\/wilkens.be\/fr\/wp-json\/wp\/v2\/types\/page"}],"author":[{"embeddable":true,"href":"https:\/\/wilkens.be\/fr\/wp-json\/wp\/v2\/users\/9"}],"replies":[{"embeddable":true,"href":"https:\/\/wilkens.be\/fr\/wp-json\/wp\/v2\/comments?post=5214"}],"version-history":[{"count":14,"href":"https:\/\/wilkens.be\/fr\/wp-json\/wp\/v2\/pages\/5214\/revisions"}],"predecessor-version":[{"id":6686,"href":"https:\/\/wilkens.be\/fr\/wp-json\/wp\/v2\/pages\/5214\/revisions\/6686"}],"up":[{"embeddable":true,"href":"https:\/\/wilkens.be\/fr\/wp-json\/wp\/v2\/pages\/5271"}],"wp:attachment":[{"href":"https:\/\/wilkens.be\/fr\/wp-json\/wp\/v2\/media?parent=5214"}],"curies":[{"name":"wp","href":"https:\/\/api.w.org\/{rel}","templated":true}]}}