{"id":5188,"date":"2022-04-20T15:24:03","date_gmt":"2022-04-20T14:24:03","guid":{"rendered":"https:\/\/bewilk-kwinyashe.savviihq.com\/redaction-et-copywriting\/"},"modified":"2023-09-07T09:19:52","modified_gmt":"2023-09-07T08:19:52","slug":"redaction-et-copywriting","status":"publish","type":"page","link":"https:\/\/wilkens.be\/fr\/services\/redaction-et-copywriting\/","title":{"rendered":"R\u00e9daction et copywriting"},"content":{"rendered":"\t\t<div data-elementor-type=\"wp-page\" data-elementor-id=\"5188\" class=\"elementor elementor-5188 elementor-27\" data-elementor-post-type=\"page\">\n\t\t\t\t\t\t<section class=\"elementor-section elementor-top-section elementor-element elementor-element-cb6723c elementor-section-height-min-height elementor-section-boxed elementor-section-height-default elementor-section-items-middle\" data-id=\"cb6723c\" data-element_type=\"section\" data-settings=\"{&quot;background_background&quot;:&quot;classic&quot;}\">\n\t\t\t\t\t\t\t<div class=\"elementor-background-overlay\"><\/div>\n\t\t\t\t\t\t\t<div class=\"elementor-container elementor-column-gap-default\">\n\t\t\t\t\t<div class=\"elementor-column elementor-col-100 elementor-top-column elementor-element elementor-element-c88ce3e\" data-id=\"c88ce3e\" data-element_type=\"column\">\n\t\t\t<div class=\"elementor-widget-wrap elementor-element-populated\">\n\t\t\t\t\t\t\t<\/div>\n\t\t<\/div>\n\t\t\t\t\t<\/div>\n\t\t<\/section>\n\t\t\t\t<section class=\"elementor-section elementor-top-section elementor-element elementor-element-582da726 elementor-section-boxed elementor-section-height-default elementor-section-height-default\" data-id=\"582da726\" data-element_type=\"section\">\n\t\t\t\t\t\t<div class=\"elementor-container elementor-column-gap-default\">\n\t\t\t\t\t<div class=\"elementor-column elementor-col-100 elementor-top-column elementor-element elementor-element-13dd6fa1\" data-id=\"13dd6fa1\" data-element_type=\"column\">\n\t\t\t<div class=\"elementor-widget-wrap elementor-element-populated\">\n\t\t\t\t\t\t<div class=\"elementor-element elementor-element-4e3ce080 elementor-widget elementor-widget-text-editor\" data-id=\"4e3ce080\" data-element_type=\"widget\" data-widget_type=\"text-editor.default\">\n\t\t\t\t<div class=\"elementor-widget-container\">\n\t\t\t\t\t\t\t\t\t<p>Comment vous assurer que tout le monde voit la qualit\u00e9 de vos produits ou services\u00a0? Ou que votre public cible vous voit tout simplement\u00a0? Le premier pas vers la r\u00e9ussite\u00a0: des textes \u00e0 toute \u00e9preuve\u00a0! Et inutile d\u2019ajouter cela \u00e0 votre charge de travail ou d\u2019embaucher une personne suppl\u00e9mentaire.<\/p>\n<p>Wilkens c.s. dispose de r\u00e9dacteurs pass\u00e9s ma\u00eetres dans l\u2019art d\u2019\u00e9crire toutes sortes de textes percutants. Ils sont ainsi capables d\u2019\u00e9crire des textes commerciaux et cr\u00e9atifs et de vous aider non seulement \u00e0 informer votre client\u00e8le potentielle, mais aussi \u00e0 conqu\u00e9rir le c\u0153ur de votre groupe cible. Nous le faisons non seulement en fran\u00e7ais, mais aussi dans la langue de votre choix.<\/p>\n\t\t\t\t\t\t\t\t<\/div>\n\t\t\t\t<\/div>\n\t\t\t\t\t<\/div>\n\t\t<\/div>\n\t\t\t\t\t<\/div>\n\t\t<\/section>\n\t\t\t\t<section class=\"elementor-section elementor-top-section elementor-element elementor-element-5ed55508 elementor-reverse-mobile elementor-section-boxed elementor-section-height-default elementor-section-height-default\" data-id=\"5ed55508\" data-element_type=\"section\">\n\t\t\t\t\t\t<div class=\"elementor-container elementor-column-gap-default\">\n\t\t\t\t\t<div class=\"elementor-column elementor-col-50 elementor-top-column elementor-element elementor-element-1d3aa6aa\" data-id=\"1d3aa6aa\" data-element_type=\"column\">\n\t\t\t<div class=\"elementor-widget-wrap elementor-element-populated\">\n\t\t\t\t\t\t<div class=\"elementor-element elementor-element-1e51c71f elementor-widget elementor-widget-heading\" data-id=\"1e51c71f\" data-element_type=\"widget\" data-widget_type=\"heading.default\">\n\t\t\t\t<div class=\"elementor-widget-container\">\n\t\t\t\t\t<h2 class=\"elementor-heading-title elementor-size-default\">Copywriting (r\u00e9daction cr\u00e9ative) <\/h2>\t\t\t\t<\/div>\n\t\t\t\t<\/div>\n\t\t\t\t<div class=\"elementor-element elementor-element-7815c816 elementor-widget elementor-widget-text-editor\" data-id=\"7815c816\" data-element_type=\"widget\" data-widget_type=\"text-editor.default\">\n\t\t\t\t<div class=\"elementor-widget-container\">\n\t\t\t\t\t\t\t\t\t<p>Un r\u00e9dacteur digne de ce nom sait exactement comment articuler au mieux les avantages de votre produit ou service et se glisse dans la peau du lecteur afin de lui dire exactement ce qu\u2019il veut savoir. Vous vous direz peut-\u00eatre que de bons r\u00e9dacteurs ne courent pas les rues.<\/p>\n<p>Et pourtant, nous les avons trouv\u00e9s. Nos virtuoses de la langue poss\u00e8dent une connaissance et une exp\u00e9rience approfondies en mati\u00e8re de communication, marketing et publicit\u00e9. Et plus important encore\u00a0: ils ont d\u00e9j\u00e0 prouv\u00e9 qu\u2019ils \u00e9taient capables de commercialiser votre produit ou service de la meilleure fa\u00e7on possible.<\/p>\n\t\t\t\t\t\t\t\t<\/div>\n\t\t\t\t<\/div>\n\t\t\t\t<div class=\"elementor-element elementor-element-225b4cbc elementor-widget elementor-widget-heading\" data-id=\"225b4cbc\" data-element_type=\"widget\" data-widget_type=\"heading.default\">\n\t\t\t\t<div class=\"elementor-widget-container\">\n\t\t\t\t\t<h2 class=\"elementor-heading-title elementor-size-default\">Textes SEO<\/h2>\t\t\t\t<\/div>\n\t\t\t\t<\/div>\n\t\t\t\t<div class=\"elementor-element elementor-element-4d899abf elementor-widget elementor-widget-text-editor\" data-id=\"4d899abf\" data-element_type=\"widget\" data-widget_type=\"text-editor.default\">\n\t\t\t\t<div class=\"elementor-widget-container\">\n\t\t\t\t\t\t\t\t\t<p>Nous pouvons \u00e9galement vous aider \u00e0 r\u00e9diger des textes optimis\u00e9s pour le r\u00e9f\u00e9rencement. L\u2019optimisation pour les moteurs de recherche (ou <em>Search Engine Optimization<\/em>, SEO) vous aide \u00e0 rendre votre site Web plus facile \u00e0 trouver.<\/p>\n<p>Dans les textes SEO, nous nous concentrons en priorit\u00e9 sur les mots-cl\u00e9s\u00a0: quels termes doivent permettre de trouver votre site Web\u00a0? Une fois que tout cela est clarifi\u00e9, nos r\u00e9dacteurs SEO se mettent au travail. Ils veillent \u00e0 ce que vos termes de recherche ou mots-cl\u00e9s apparaissent assez souvent (mais pas trop non plus) et au bon endroit sur votre site Web. R\u00e9sultat\u00a0: un texte r\u00e9dig\u00e9 de telle mani\u00e8re qu\u2019il se classe mieux dans les moteurs de recherche.<\/p>\n\t\t\t\t\t\t\t\t<\/div>\n\t\t\t\t<\/div>\n\t\t\t\t<div class=\"elementor-element elementor-element-859b2af elementor-widget elementor-widget-text-editor\" data-id=\"859b2af\" data-element_type=\"widget\" data-widget_type=\"text-editor.default\">\n\t\t\t\t<div class=\"elementor-widget-container\">\n\t\t\t\t\t\t\t\t\t<p>Vous avez besoin de conseils en mati\u00e8re de marketing Internet\u00a0? Et plus pr\u00e9cis\u00e9ment en ce qui concerne la conception, la structure de navigation, les images, les \u00e9l\u00e9ments multim\u00e9dias et interactifs\u00a0? Tous ces \u00e9l\u00e9ments jouent un r\u00f4le dans l\u2019efficacit\u00e9 de votre site Web. Dans ce cas, nous travaillons avec notre service marketing. Envie de d\u00e9couvrir toutes les possibilit\u00e9s\u00a0? N\u2019h\u00e9sitez pas \u00e0 nous contacter.<\/p>\n\t\t\t\t\t\t\t\t<\/div>\n\t\t\t\t<\/div>\n\t\t\t\t<div class=\"elementor-element elementor-element-618b3ba elementor-widget elementor-widget-heading\" data-id=\"618b3ba\" data-element_type=\"widget\" data-widget_type=\"heading.default\">\n\t\t\t\t<div class=\"elementor-widget-container\">\n\t\t\t\t\t<h2 class=\"elementor-heading-title elementor-size-default\">Wilkens c.s. et copywriting<\/h2>\t\t\t\t<\/div>\n\t\t\t\t<\/div>\n\t\t\t\t<div class=\"elementor-element elementor-element-2d2b7be elementor-widget elementor-widget-text-editor\" data-id=\"2d2b7be\" data-element_type=\"widget\" data-widget_type=\"text-editor.default\">\n\t\t\t\t<div class=\"elementor-widget-container\">\n\t\t\t\t\t\t\t\t\t<p>Vous ne voulez pas simplement r\u00e9diger ou <a href=\"https:\/\/wilkens.be\/fr\/traduction\/\">traduire<\/a> vos textes marketing dans une (autre) langue, mais vous souhaitez en faire de m\u00eame dans plusieurs langues ? Nous disposons d\u2019un vaste r\u00e9seau international de r\u00e9dacteurs et de traducteurs qui r\u00e9digent vos textes ou les traduisent dans leur langue maternelle. Vous pouvez \u00e9galement commencer par faire r\u00e9diger votre texte en fran\u00e7ais, en n\u00e9erlandais ou en anglais, puis le faire traduire dans autant de langues que vous le souhaitez. Qu\u2019il s\u2019agisse <a href=\"https:\/\/wilkens.be\/fr\/specialisations-en-traduction\/marketing\/\">de d\u00e9pliants, de brochures<\/a>, <a href=\"https:\/\/wilkens.be\/fr\/specialisations-en-traduction\/finances\/\">de rapports annuels<\/a> ou <a href=\"https:\/\/wilkens.be\/fr\/specialisations-en-traduction\/sites-web\/\">de textes Web<\/a>, nous nous en occuperons volontiers pour vous.<\/p><p>Vous avez un projet d\u2019\u00e9criture plus important en vue\u00a0? Nous pouvons prendre en charge l\u2019ensemble de la planification et de l\u2019ex\u00e9cution de votre projet. Vous n\u2019avez plus \u00e0 vous soucier de rien, car nous nous occupons de tout \u00e0 votre place\u00a0!<\/p>\t\t\t\t\t\t\t\t<\/div>\n\t\t\t\t<\/div>\n\t\t\t\t<div class=\"elementor-element elementor-element-e3b1951 elementor-widget elementor-widget-heading\" data-id=\"e3b1951\" data-element_type=\"widget\" data-widget_type=\"heading.default\">\n\t\t\t\t<div class=\"elementor-widget-container\">\n\t\t\t\t\t<h2 class=\"elementor-heading-title elementor-size-default\">Contact<\/h2>\t\t\t\t<\/div>\n\t\t\t\t<\/div>\n\t\t\t\t<div class=\"elementor-element elementor-element-4d71152 elementor-widget elementor-widget-text-editor\" data-id=\"4d71152\" data-element_type=\"widget\" data-widget_type=\"text-editor.default\">\n\t\t\t\t<div class=\"elementor-widget-container\">\n\t\t\t\t\t\t\t\t\t<p>Vous \u00eates pr\u00eat \u00e0 s\u00e9duire votre public cible avec des textes engageants\u00a0? Ensemble, voyons ce que nous pouvons faire pour vous. N\u2019h\u00e9sitez pas \u00e0 <a href=\"https:\/\/wilkens.be\/fr\/contact\/\">contacter <\/a>nos gestionnaires de projets ou \u00e0 demander un <a href=\"https:\/\/wilkens.be\/fr\/citation-2\/\">devis<\/a> sans engagement.<\/p><p>Vous n\u2019avez pas besoin de services de r\u00e9daction commerciale ou cr\u00e9ative, mais vous avez un autre projet de r\u00e9daction pour lequel nous pouvons vous aider\u00a0? L\u00e0 aussi, contactez-nous. Vos textes sont de nature technique\u00a0? Consultez notre page sur la <a href=\"https:\/\/wilkens.be\/fr\/redaction-technique\/\">r\u00e9daction technique<\/a>, c\u2019est peut-\u00eatre ce que vous cherchez !<\/p>\t\t\t\t\t\t\t\t<\/div>\n\t\t\t\t<\/div>\n\t\t\t\t\t<\/div>\n\t\t<\/div>\n\t\t\t\t<div class=\"elementor-column elementor-col-50 elementor-top-column elementor-element elementor-element-7c067d25 elementor-hidden-mobile\" data-id=\"7c067d25\" data-element_type=\"column\" data-settings=\"{&quot;background_background&quot;:&quot;classic&quot;}\">\n\t\t\t<div class=\"elementor-widget-wrap elementor-element-populated\">\n\t\t\t\t\t\t<section class=\"elementor-section elementor-inner-section elementor-element elementor-element-275fc88c elementor-section-boxed elementor-section-height-default elementor-section-height-default\" data-id=\"275fc88c\" data-element_type=\"section\" data-settings=\"{&quot;background_background&quot;:&quot;classic&quot;}\">\n\t\t\t\t\t\t<div class=\"elementor-container elementor-column-gap-default\">\n\t\t\t\t\t<div class=\"elementor-column elementor-col-100 elementor-inner-column elementor-element elementor-element-12dd21a7\" data-id=\"12dd21a7\" data-element_type=\"column\">\n\t\t\t<div class=\"elementor-widget-wrap elementor-element-populated\">\n\t\t\t\t\t\t<div class=\"elementor-element elementor-element-2866610a elementor-widget elementor-widget-heading\" data-id=\"2866610a\" data-element_type=\"widget\" data-widget_type=\"heading.default\">\n\t\t\t\t<div class=\"elementor-widget-container\">\n\t\t\t\t\t<h3 class=\"elementor-heading-title elementor-size-default\">Services<\/h3>\t\t\t\t<\/div>\n\t\t\t\t<\/div>\n\t\t\t\t<div class=\"elementor-element elementor-element-d198508 elementor-align-left elementor-list-item-link-inline elementor-widget__width-auto elementor-icon-list--layout-traditional elementor-widget elementor-widget-icon-list\" data-id=\"d198508\" data-element_type=\"widget\" data-widget_type=\"icon-list.default\">\n\t\t\t\t<div class=\"elementor-widget-container\">\n\t\t\t\t\t\t\t<ul class=\"elementor-icon-list-items\">\n\t\t\t\t\t\t\t<li class=\"elementor-icon-list-item\">\n\t\t\t\t\t\t\t\t\t\t\t<a href=\"\/fr\/services\/traduction\/\">\n\n\t\t\t\t\t\t\t\t\t\t\t\t<span class=\"elementor-icon-list-icon\">\n\t\t\t\t\t\t\t<i aria-hidden=\"true\" class=\"far fa-arrow-alt-circle-right\"><\/i>\t\t\t\t\t\t<\/span>\n\t\t\t\t\t\t\t\t\t\t<span class=\"elementor-icon-list-text\">Traduction<\/span>\n\t\t\t\t\t\t\t\t\t\t\t<\/a>\n\t\t\t\t\t\t\t\t\t<\/li>\n\t\t\t\t\t\t\t\t<li class=\"elementor-icon-list-item\">\n\t\t\t\t\t\t\t\t\t\t\t<a href=\"\/fr\/services\/interpretation\/\">\n\n\t\t\t\t\t\t\t\t\t\t\t\t<span class=\"elementor-icon-list-icon\">\n\t\t\t\t\t\t\t<i aria-hidden=\"true\" class=\"far fa-arrow-alt-circle-right\"><\/i>\t\t\t\t\t\t<\/span>\n\t\t\t\t\t\t\t\t\t\t<span class=\"elementor-icon-list-text\">Interpr\u00e9tation<\/span>\n\t\t\t\t\t\t\t\t\t\t\t<\/a>\n\t\t\t\t\t\t\t\t\t<\/li>\n\t\t\t\t\t\t\t\t<li class=\"elementor-icon-list-item\">\n\t\t\t\t\t\t\t\t\t\t\t<a href=\"\/fr\/services\/redaction-technique\/\">\n\n\t\t\t\t\t\t\t\t\t\t\t\t<span class=\"elementor-icon-list-icon\">\n\t\t\t\t\t\t\t<i aria-hidden=\"true\" class=\"far fa-arrow-alt-circle-right\"><\/i>\t\t\t\t\t\t<\/span>\n\t\t\t\t\t\t\t\t\t\t<span class=\"elementor-icon-list-text\">R\u00e9daction technique<\/span>\n\t\t\t\t\t\t\t\t\t\t\t<\/a>\n\t\t\t\t\t\t\t\t\t<\/li>\n\t\t\t\t\t\t\t\t<li class=\"elementor-icon-list-item\">\n\t\t\t\t\t\t\t\t\t\t\t<a href=\"\/fr\/services\/redaction-et-copywriting\/\">\n\n\t\t\t\t\t\t\t\t\t\t\t\t<span class=\"elementor-icon-list-icon\">\n\t\t\t\t\t\t\t<i aria-hidden=\"true\" class=\"far fa-arrow-alt-circle-right\"><\/i>\t\t\t\t\t\t<\/span>\n\t\t\t\t\t\t\t\t\t\t<span class=\"elementor-icon-list-text\">R\u00e9daction et copywriting<\/span>\n\t\t\t\t\t\t\t\t\t\t\t<\/a>\n\t\t\t\t\t\t\t\t\t<\/li>\n\t\t\t\t\t\t\t\t<li class=\"elementor-icon-list-item\">\n\t\t\t\t\t\t\t\t\t\t\t<a href=\"\/fr\/services\/sous-titrage\/\">\n\n\t\t\t\t\t\t\t\t\t\t\t\t<span class=\"elementor-icon-list-icon\">\n\t\t\t\t\t\t\t<i aria-hidden=\"true\" class=\"far fa-arrow-alt-circle-right\"><\/i>\t\t\t\t\t\t<\/span>\n\t\t\t\t\t\t\t\t\t\t<span class=\"elementor-icon-list-text\">Sous-titrage<\/span>\n\t\t\t\t\t\t\t\t\t\t\t<\/a>\n\t\t\t\t\t\t\t\t\t<\/li>\n\t\t\t\t\t\t\t\t<li class=\"elementor-icon-list-item\">\n\t\t\t\t\t\t\t\t\t\t\t<a href=\"\/fr\/services\/autres-services\/\">\n\n\t\t\t\t\t\t\t\t\t\t\t\t<span class=\"elementor-icon-list-icon\">\n\t\t\t\t\t\t\t<i aria-hidden=\"true\" class=\"far fa-arrow-alt-circle-right\"><\/i>\t\t\t\t\t\t<\/span>\n\t\t\t\t\t\t\t\t\t\t<span class=\"elementor-icon-list-text\">Autres services<\/span>\n\t\t\t\t\t\t\t\t\t\t\t<\/a>\n\t\t\t\t\t\t\t\t\t<\/li>\n\t\t\t\t\t\t<\/ul>\n\t\t\t\t\t\t<\/div>\n\t\t\t\t<\/div>\n\t\t\t\t\t<\/div>\n\t\t<\/div>\n\t\t\t\t\t<\/div>\n\t\t<\/section>\n\t\t\t\t\t<\/div>\n\t\t<\/div>\n\t\t\t\t\t<\/div>\n\t\t<\/section>\n\t\t\t\t<\/div>\n\t\t","protected":false},"excerpt":{"rendered":"<p>Comment vous assurer que votre public cible vous voit ? Et qu\u2019il souhaite acqu\u00e9rir votre service ou votre produit ? Nos r\u00e9dacteurs mettent leur plume \u00e0 votre service et vous livrent des textes cr\u00e9atifs et commerciaux qui font mouche.<\/p>\n","protected":false},"author":9,"featured_media":0,"parent":5255,"menu_order":0,"comment_status":"closed","ping_status":"closed","template":"","meta":{"footnotes":""},"class_list":["post-5188","page","type-page","status-publish","hentry"],"yoast_head":"<!-- This site is optimized with the Yoast SEO plugin v27.4 - https:\/\/yoast.com\/product\/yoast-seo-wordpress\/ -->\n<title>Copywriting | Services de r\u00e9daction | Wilkens c.s.<\/title>\n<meta name=\"description\" content=\"Comment conqu\u00e9rir votre public cible avec des textes percutants ? En confiant leur r\u00e9daction et leur traduction aux r\u00e9dacteurs de Wilkens c.s.\" \/>\n<meta name=\"robots\" content=\"index, follow, max-snippet:-1, max-image-preview:large, max-video-preview:-1\" \/>\n<link rel=\"canonical\" href=\"https:\/\/wilkens.be\/fr\/services\/redaction-et-copywriting\/\" \/>\n<meta property=\"og:locale\" content=\"fr_FR\" \/>\n<meta property=\"og:type\" content=\"article\" \/>\n<meta property=\"og:title\" content=\"Copywriting | Services de r\u00e9daction | Wilkens c.s.\" \/>\n<meta property=\"og:description\" content=\"Comment conqu\u00e9rir votre public cible avec des textes percutants ? En confiant leur r\u00e9daction et leur traduction aux r\u00e9dacteurs de Wilkens c.s.\" \/>\n<meta property=\"og:url\" content=\"https:\/\/wilkens.be\/fr\/services\/redaction-et-copywriting\/\" \/>\n<meta property=\"og:site_name\" content=\"Wilkens c.s.\" \/>\n<meta property=\"article:modified_time\" content=\"2023-09-07T08:19:52+00:00\" \/>\n<meta name=\"twitter:card\" content=\"summary_large_image\" \/>\n<meta name=\"twitter:label1\" content=\"Dur\u00e9e de lecture estim\u00e9e\" \/>\n\t<meta name=\"twitter:data1\" content=\"4 minutes\" \/>\n<script type=\"application\/ld+json\" class=\"yoast-schema-graph\">{\"@context\":\"https:\\\/\\\/schema.org\",\"@graph\":[{\"@type\":\"WebPage\",\"@id\":\"https:\\\/\\\/wilkens.be\\\/fr\\\/services\\\/redaction-et-copywriting\\\/\",\"url\":\"https:\\\/\\\/wilkens.be\\\/fr\\\/services\\\/redaction-et-copywriting\\\/\",\"name\":\"Copywriting | Services de r\u00e9daction | Wilkens c.s.\",\"isPartOf\":{\"@id\":\"https:\\\/\\\/wilkens.be\\\/fr\\\/#website\"},\"datePublished\":\"2022-04-20T14:24:03+00:00\",\"dateModified\":\"2023-09-07T08:19:52+00:00\",\"description\":\"Comment conqu\u00e9rir votre public cible avec des textes percutants ? En confiant leur r\u00e9daction et leur traduction aux r\u00e9dacteurs de Wilkens c.s.\",\"breadcrumb\":{\"@id\":\"https:\\\/\\\/wilkens.be\\\/fr\\\/services\\\/redaction-et-copywriting\\\/#breadcrumb\"},\"inLanguage\":\"fr-FR\",\"potentialAction\":[{\"@type\":\"ReadAction\",\"target\":[\"https:\\\/\\\/wilkens.be\\\/fr\\\/services\\\/redaction-et-copywriting\\\/\"]}]},{\"@type\":\"BreadcrumbList\",\"@id\":\"https:\\\/\\\/wilkens.be\\\/fr\\\/services\\\/redaction-et-copywriting\\\/#breadcrumb\",\"itemListElement\":[{\"@type\":\"ListItem\",\"position\":1,\"name\":\"Home\",\"item\":\"https:\\\/\\\/wilkens.be\\\/fr\\\/\"},{\"@type\":\"ListItem\",\"position\":2,\"name\":\"Services\",\"item\":\"https:\\\/\\\/wilkens.be\\\/fr\\\/services\\\/\"},{\"@type\":\"ListItem\",\"position\":3,\"name\":\"R\u00e9daction et copywriting\"}]},{\"@type\":\"WebSite\",\"@id\":\"https:\\\/\\\/wilkens.be\\\/fr\\\/#website\",\"url\":\"https:\\\/\\\/wilkens.be\\\/fr\\\/\",\"name\":\"Wilkens c.s.\",\"description\":\"\",\"publisher\":{\"@id\":\"https:\\\/\\\/wilkens.be\\\/fr\\\/#organization\"},\"potentialAction\":[{\"@type\":\"SearchAction\",\"target\":{\"@type\":\"EntryPoint\",\"urlTemplate\":\"https:\\\/\\\/wilkens.be\\\/fr\\\/?s={search_term_string}\"},\"query-input\":{\"@type\":\"PropertyValueSpecification\",\"valueRequired\":true,\"valueName\":\"search_term_string\"}}],\"inLanguage\":\"fr-FR\"},{\"@type\":\"Organization\",\"@id\":\"https:\\\/\\\/wilkens.be\\\/fr\\\/#organization\",\"name\":\"Wilkens c.s.\",\"url\":\"https:\\\/\\\/wilkens.be\\\/fr\\\/\",\"logo\":{\"@type\":\"ImageObject\",\"inLanguage\":\"fr-FR\",\"@id\":\"https:\\\/\\\/wilkens.be\\\/fr\\\/#\\\/schema\\\/logo\\\/image\\\/\",\"url\":\"https:\\\/\\\/wilkens.be\\\/wp-content\\\/uploads\\\/2022\\\/04\\\/Logo_Wilkens.png\",\"contentUrl\":\"https:\\\/\\\/wilkens.be\\\/wp-content\\\/uploads\\\/2022\\\/04\\\/Logo_Wilkens.png\",\"width\":500,\"height\":111,\"caption\":\"Wilkens c.s.\"},\"image\":{\"@id\":\"https:\\\/\\\/wilkens.be\\\/fr\\\/#\\\/schema\\\/logo\\\/image\\\/\"}}]}<\/script>\n<!-- \/ Yoast SEO plugin. -->","yoast_head_json":{"title":"Copywriting | Services de r\u00e9daction | Wilkens c.s.","description":"Comment conqu\u00e9rir votre public cible avec des textes percutants ? En confiant leur r\u00e9daction et leur traduction aux r\u00e9dacteurs de Wilkens c.s.","robots":{"index":"index","follow":"follow","max-snippet":"max-snippet:-1","max-image-preview":"max-image-preview:large","max-video-preview":"max-video-preview:-1"},"canonical":"https:\/\/wilkens.be\/fr\/services\/redaction-et-copywriting\/","og_locale":"fr_FR","og_type":"article","og_title":"Copywriting | Services de r\u00e9daction | Wilkens c.s.","og_description":"Comment conqu\u00e9rir votre public cible avec des textes percutants ? En confiant leur r\u00e9daction et leur traduction aux r\u00e9dacteurs de Wilkens c.s.","og_url":"https:\/\/wilkens.be\/fr\/services\/redaction-et-copywriting\/","og_site_name":"Wilkens c.s.","article_modified_time":"2023-09-07T08:19:52+00:00","twitter_card":"summary_large_image","twitter_misc":{"Dur\u00e9e de lecture estim\u00e9e":"4 minutes"},"schema":{"@context":"https:\/\/schema.org","@graph":[{"@type":"WebPage","@id":"https:\/\/wilkens.be\/fr\/services\/redaction-et-copywriting\/","url":"https:\/\/wilkens.be\/fr\/services\/redaction-et-copywriting\/","name":"Copywriting | Services de r\u00e9daction | Wilkens c.s.","isPartOf":{"@id":"https:\/\/wilkens.be\/fr\/#website"},"datePublished":"2022-04-20T14:24:03+00:00","dateModified":"2023-09-07T08:19:52+00:00","description":"Comment conqu\u00e9rir votre public cible avec des textes percutants ? En confiant leur r\u00e9daction et leur traduction aux r\u00e9dacteurs de Wilkens c.s.","breadcrumb":{"@id":"https:\/\/wilkens.be\/fr\/services\/redaction-et-copywriting\/#breadcrumb"},"inLanguage":"fr-FR","potentialAction":[{"@type":"ReadAction","target":["https:\/\/wilkens.be\/fr\/services\/redaction-et-copywriting\/"]}]},{"@type":"BreadcrumbList","@id":"https:\/\/wilkens.be\/fr\/services\/redaction-et-copywriting\/#breadcrumb","itemListElement":[{"@type":"ListItem","position":1,"name":"Home","item":"https:\/\/wilkens.be\/fr\/"},{"@type":"ListItem","position":2,"name":"Services","item":"https:\/\/wilkens.be\/fr\/services\/"},{"@type":"ListItem","position":3,"name":"R\u00e9daction et copywriting"}]},{"@type":"WebSite","@id":"https:\/\/wilkens.be\/fr\/#website","url":"https:\/\/wilkens.be\/fr\/","name":"Wilkens c.s.","description":"","publisher":{"@id":"https:\/\/wilkens.be\/fr\/#organization"},"potentialAction":[{"@type":"SearchAction","target":{"@type":"EntryPoint","urlTemplate":"https:\/\/wilkens.be\/fr\/?s={search_term_string}"},"query-input":{"@type":"PropertyValueSpecification","valueRequired":true,"valueName":"search_term_string"}}],"inLanguage":"fr-FR"},{"@type":"Organization","@id":"https:\/\/wilkens.be\/fr\/#organization","name":"Wilkens c.s.","url":"https:\/\/wilkens.be\/fr\/","logo":{"@type":"ImageObject","inLanguage":"fr-FR","@id":"https:\/\/wilkens.be\/fr\/#\/schema\/logo\/image\/","url":"https:\/\/wilkens.be\/wp-content\/uploads\/2022\/04\/Logo_Wilkens.png","contentUrl":"https:\/\/wilkens.be\/wp-content\/uploads\/2022\/04\/Logo_Wilkens.png","width":500,"height":111,"caption":"Wilkens c.s."},"image":{"@id":"https:\/\/wilkens.be\/fr\/#\/schema\/logo\/image\/"}}]}},"_links":{"self":[{"href":"https:\/\/wilkens.be\/fr\/wp-json\/wp\/v2\/pages\/5188","targetHints":{"allow":["GET"]}}],"collection":[{"href":"https:\/\/wilkens.be\/fr\/wp-json\/wp\/v2\/pages"}],"about":[{"href":"https:\/\/wilkens.be\/fr\/wp-json\/wp\/v2\/types\/page"}],"author":[{"embeddable":true,"href":"https:\/\/wilkens.be\/fr\/wp-json\/wp\/v2\/users\/9"}],"replies":[{"embeddable":true,"href":"https:\/\/wilkens.be\/fr\/wp-json\/wp\/v2\/comments?post=5188"}],"version-history":[{"count":11,"href":"https:\/\/wilkens.be\/fr\/wp-json\/wp\/v2\/pages\/5188\/revisions"}],"predecessor-version":[{"id":6585,"href":"https:\/\/wilkens.be\/fr\/wp-json\/wp\/v2\/pages\/5188\/revisions\/6585"}],"up":[{"embeddable":true,"href":"https:\/\/wilkens.be\/fr\/wp-json\/wp\/v2\/pages\/5255"}],"wp:attachment":[{"href":"https:\/\/wilkens.be\/fr\/wp-json\/wp\/v2\/media?parent=5188"}],"curies":[{"name":"wp","href":"https:\/\/api.w.org\/{rel}","templated":true}]}}