{"id":5184,"date":"2022-04-20T15:23:46","date_gmt":"2022-04-20T14:23:46","guid":{"rendered":"https:\/\/bewilk-kwinyashe.savviihq.com\/redaction-technique\/"},"modified":"2023-09-07T09:20:54","modified_gmt":"2023-09-07T08:20:54","slug":"redaction-technique","status":"publish","type":"page","link":"https:\/\/wilkens.be\/fr\/services\/redaction-technique\/","title":{"rendered":"R\u00e9daction technique"},"content":{"rendered":"\t\t<div data-elementor-type=\"wp-page\" data-elementor-id=\"5184\" class=\"elementor elementor-5184 elementor-25\" data-elementor-post-type=\"page\">\n\t\t\t\t\t\t<section class=\"elementor-section elementor-top-section elementor-element elementor-element-4636f4 elementor-section-height-min-height elementor-section-boxed elementor-section-height-default elementor-section-items-middle\" data-id=\"4636f4\" data-element_type=\"section\" data-settings=\"{&quot;background_background&quot;:&quot;classic&quot;}\">\n\t\t\t\t\t\t\t<div class=\"elementor-background-overlay\"><\/div>\n\t\t\t\t\t\t\t<div class=\"elementor-container elementor-column-gap-default\">\n\t\t\t\t\t<div class=\"elementor-column elementor-col-100 elementor-top-column elementor-element elementor-element-31b046af\" data-id=\"31b046af\" data-element_type=\"column\">\n\t\t\t<div class=\"elementor-widget-wrap elementor-element-populated\">\n\t\t\t\t\t\t\t<\/div>\n\t\t<\/div>\n\t\t\t\t\t<\/div>\n\t\t<\/section>\n\t\t\t\t<section class=\"elementor-section elementor-top-section elementor-element elementor-element-288c5133 elementor-section-boxed elementor-section-height-default elementor-section-height-default\" data-id=\"288c5133\" data-element_type=\"section\">\n\t\t\t\t\t\t<div class=\"elementor-container elementor-column-gap-default\">\n\t\t\t\t\t<div class=\"elementor-column elementor-col-100 elementor-top-column elementor-element elementor-element-54119bbb\" data-id=\"54119bbb\" data-element_type=\"column\">\n\t\t\t<div class=\"elementor-widget-wrap elementor-element-populated\">\n\t\t\t\t\t\t<div class=\"elementor-element elementor-element-6b863126 elementor-widget elementor-widget-text-editor\" data-id=\"6b863126\" data-element_type=\"widget\" data-widget_type=\"text-editor.default\">\n\t\t\t\t<div class=\"elementor-widget-container\">\n\t\t\t\t\t\t\t\t\t<p>Votre entreprise vient de mettre au point une machine importante et complexe\u00a0? Il vous faut alors une description des processus. La machine \u00e0 caf\u00e9 de votre cuisine\u00a0? Elle poss\u00e8de son mode d\u2019emploi papier. Votre logiciel renvoie vers une aide en ligne, votre m\u00e9dicament contre le rhume des foins est accompagn\u00e9 d\u2019une notice et si vous avez l\u2019intention d\u2019utiliser des produits de nettoyage chimiques, mieux vaut lire les consignes de s\u00e9curit\u00e9. Vous venez de commercialiser un nouveau produit\u00a0? Vous savez donc tr\u00e8s bien que vous avez besoin d\u2019une bonne documentation technique, peut-\u00eatre m\u00eame en plusieurs langues.<\/p><p>Si vous souhaitez obtenir un r\u00e9sultat parfait, cela vous demandera des connaissances approfondies et, surtout, beaucoup de temps. Pour vous d\u00e9charger de ce travail, nous mettons \u00e0 votre disposition nos r\u00e9dacteurs techniques qui se feront un plaisir de travailler sur vos <a href=\"\/fr\/specialisations-en-traduction\/technique\/\">textes techniques<\/a>.<\/p>\t\t\t\t\t\t\t\t<\/div>\n\t\t\t\t<\/div>\n\t\t\t\t\t<\/div>\n\t\t<\/div>\n\t\t\t\t\t<\/div>\n\t\t<\/section>\n\t\t\t\t<section class=\"elementor-section elementor-top-section elementor-element elementor-element-cefbf34 elementor-reverse-mobile elementor-section-boxed elementor-section-height-default elementor-section-height-default\" data-id=\"cefbf34\" data-element_type=\"section\">\n\t\t\t\t\t\t<div class=\"elementor-container elementor-column-gap-default\">\n\t\t\t\t\t<div class=\"elementor-column elementor-col-50 elementor-top-column elementor-element elementor-element-200974ad\" data-id=\"200974ad\" data-element_type=\"column\">\n\t\t\t<div class=\"elementor-widget-wrap elementor-element-populated\">\n\t\t\t\t\t\t<div class=\"elementor-element elementor-element-2564cd28 elementor-widget elementor-widget-heading\" data-id=\"2564cd28\" data-element_type=\"widget\" data-widget_type=\"heading.default\">\n\t\t\t\t<div class=\"elementor-widget-container\">\n\t\t\t\t\t<h2 class=\"elementor-heading-title elementor-size-default\">Documentation technique et optimisation<\/h2>\t\t\t\t<\/div>\n\t\t\t\t<\/div>\n\t\t\t\t<div class=\"elementor-element elementor-element-2d09e205 elementor-widget elementor-widget-text-editor\" data-id=\"2d09e205\" data-element_type=\"widget\" data-widget_type=\"text-editor.default\">\n\t\t\t\t<div class=\"elementor-widget-container\">\n\t\t\t\t\t\t\t\t\t<p>La \u00ab\u00a0r\u00e9daction technique\u00a0\u00bb est un concept assez vaste qui est utilis\u00e9 pour diff\u00e9rentes choses. Nous aimerions d\u00e8s lors vous pr\u00e9senter notre offre, afin que vous sachiez exactement ce que vous pouvez attendre de nous.<\/p>\n\t\t\t\t\t\t\t\t<\/div>\n\t\t\t\t<\/div>\n\t\t\t\t<div class=\"elementor-element elementor-element-0ecc4b9 elementor-widget elementor-widget-toggle\" data-id=\"0ecc4b9\" data-element_type=\"widget\" data-widget_type=\"toggle.default\">\n\t\t\t\t<div class=\"elementor-widget-container\">\n\t\t\t\t\t\t\t<div class=\"elementor-toggle\">\n\t\t\t\t\t\t\t<div class=\"elementor-toggle-item\">\n\t\t\t\t\t<div id=\"elementor-tab-title-1551\" class=\"elementor-tab-title\" data-tab=\"1\" role=\"button\" aria-controls=\"elementor-tab-content-1551\" aria-expanded=\"false\">\n\t\t\t\t\t\t\t\t\t\t\t\t<span class=\"elementor-toggle-icon elementor-toggle-icon-left\" aria-hidden=\"true\">\n\t\t\t\t\t\t\t\t\t\t\t\t\t\t\t<span class=\"elementor-toggle-icon-closed\"><i class=\"fas fa-caret-right\"><\/i><\/span>\n\t\t\t\t\t\t\t\t<span class=\"elementor-toggle-icon-opened\"><i class=\"elementor-toggle-icon-opened fas fa-caret-up\"><\/i><\/span>\n\t\t\t\t\t\t\t\t\t\t\t\t\t<\/span>\n\t\t\t\t\t\t\t\t\t\t\t\t<a class=\"elementor-toggle-title\" tabindex=\"0\">R\u00e9daction technique et documentation technique<\/a>\n\t\t\t\t\t<\/div>\n\n\t\t\t\t\t<div id=\"elementor-tab-content-1551\" class=\"elementor-tab-content elementor-clearfix\" data-tab=\"1\" role=\"region\" aria-labelledby=\"elementor-tab-title-1551\"><p>Votre produit est pr\u00eat\u00a0? L\u2019\u00e9tape suivante est la documentation technique. Nos r\u00e9dacteurs techniques sont \u00e0 votre service\u00a0! Ils utilisent des logiciels sp\u00e9cialement con\u00e7us \u00e0 cette fin qui permettent de diviser la documentation en modules. Ces modules facilitent consid\u00e9rablement la mise \u00e0 jour de votre documentation\u00a0: en effet, lorsque vous apportez des modifications, tous les textes correspondants peuvent \u00eatre rapidement retrouv\u00e9s et adapt\u00e9s. Cette structure est en outre tr\u00e8s avantageuse, car elle permet en prime de traduire le texte rapidement et facilement.<\/p>\n<p>Il est important que la documentation soit intuitive, claire et compr\u00e9hensible pour les utilisateurs de votre produit. C\u2019est pourquoi la r\u00e9daction de documents techniques n\u2019est pas une t\u00e2che facile. Nos r\u00e9dacteurs techniques veillent \u00e0 ce que vous obteniez une documentation claire et accessible qui d\u00e9crit les caract\u00e9ristiques et les fonctionnalit\u00e9s de votre produit de mani\u00e8re compr\u00e9hensible.<\/p>\n<\/div>\n\t\t\t\t<\/div>\n\t\t\t\t\t\t\t<div class=\"elementor-toggle-item\">\n\t\t\t\t\t<div id=\"elementor-tab-title-1552\" class=\"elementor-tab-title\" data-tab=\"2\" role=\"button\" aria-controls=\"elementor-tab-content-1552\" aria-expanded=\"false\">\n\t\t\t\t\t\t\t\t\t\t\t\t<span class=\"elementor-toggle-icon elementor-toggle-icon-left\" aria-hidden=\"true\">\n\t\t\t\t\t\t\t\t\t\t\t\t\t\t\t<span class=\"elementor-toggle-icon-closed\"><i class=\"fas fa-caret-right\"><\/i><\/span>\n\t\t\t\t\t\t\t\t<span class=\"elementor-toggle-icon-opened\"><i class=\"elementor-toggle-icon-opened fas fa-caret-up\"><\/i><\/span>\n\t\t\t\t\t\t\t\t\t\t\t\t\t<\/span>\n\t\t\t\t\t\t\t\t\t\t\t\t<a class=\"elementor-toggle-title\" tabindex=\"0\">Optimisation et gestion de la documentation actuelle<\/a>\n\t\t\t\t\t<\/div>\n\n\t\t\t\t\t<div id=\"elementor-tab-content-1552\" class=\"elementor-tab-content elementor-clearfix\" data-tab=\"2\" role=\"region\" aria-labelledby=\"elementor-tab-title-1552\"><p>Saviez-vous que la gestion et l\u2019optimisation de la documentation technique existante sont souvent \u00e9tonnamment rentables\u00a0? Un minimum d\u2019effort suffit \u00e0 faciliter la gestion de la documentation (et \u00e0 en r\u00e9duire les co\u00fbts\u00a0!). Nous analysons la documentation et la remanions\u00a0: nous veillons \u00e0 ce que les textes soient courts et sans ambigu\u00eft\u00e9, nous supprimons les doublons et nous utilisons autant que possible des illustrations. R\u00e9sultat\u00a0? Un texte plus efficace, une gestion plus facile et des traductions rapides, fiables et moins ch\u00e8res.<\/p>\n<\/div>\n\t\t\t\t<\/div>\n\t\t\t\t\t\t\t\t<\/div>\n\t\t\t\t\t\t<\/div>\n\t\t\t\t<\/div>\n\t\t\t\t<div class=\"elementor-element elementor-element-42e7fdc7 elementor-widget elementor-widget-heading\" data-id=\"42e7fdc7\" data-element_type=\"widget\" data-widget_type=\"heading.default\">\n\t\t\t\t<div class=\"elementor-widget-container\">\n\t\t\t\t\t<h2 class=\"elementor-heading-title elementor-size-default\">Wilkens c.s. et la r\u00e9daction technique<\/h2>\t\t\t\t<\/div>\n\t\t\t\t<\/div>\n\t\t\t\t<div class=\"elementor-element elementor-element-5b687940 elementor-widget elementor-widget-text-editor\" data-id=\"5b687940\" data-element_type=\"widget\" data-widget_type=\"text-editor.default\">\n\t\t\t\t<div class=\"elementor-widget-container\">\n\t\t\t\t\t\t\t\t\t<p>Vous avez un petit travail de r\u00e9daction \u00e0 r\u00e9aliser dans un d\u00e9lai serr\u00e9\u00a0? Nous serons ravis de mettre \u00e0 votre disposition nos r\u00e9dacteurs techniques. Vous avez un projet de plus grande envergure en vue\u00a0? Dans ce cas, nous \u00e9laborerons ensemble un plan d\u2019action assorti d\u2019une m\u00e9thode de travail et d\u2019un planning clairs.<\/p><p>Cette approche <a href=\"https:\/\/wilkens.be\/fr\/a-propos-de-nous\/\">nous<\/a> correspond parfaitement. En effet, nous aimons soigner nos relations avec notre client\u00e8le : nous tenons \u00e0 tout savoir de votre organisation, vos produits et vos processus. Car nous pouvons ainsi r\u00e9pondre au mieux \u00e0 vos attentes et obtenir les meilleurs r\u00e9sultats.<\/p>\t\t\t\t\t\t\t\t<\/div>\n\t\t\t\t<\/div>\n\t\t\t\t<div class=\"elementor-element elementor-element-0ec58e5 elementor-widget elementor-widget-heading\" data-id=\"0ec58e5\" data-element_type=\"widget\" data-widget_type=\"heading.default\">\n\t\t\t\t<div class=\"elementor-widget-container\">\n\t\t\t\t\t<h2 class=\"elementor-heading-title elementor-size-default\">Contact<\/h2>\t\t\t\t<\/div>\n\t\t\t\t<\/div>\n\t\t\t\t<div class=\"elementor-element elementor-element-3737b6f elementor-widget elementor-widget-text-editor\" data-id=\"3737b6f\" data-element_type=\"widget\" data-widget_type=\"text-editor.default\">\n\t\t\t\t<div class=\"elementor-widget-container\">\n\t\t\t\t\t\t\t\t\t<p>Vous \u00eates pr\u00eat \u00e0 vous lancer dans la r\u00e9daction de votre documentation technique\u00a0? Ou vous souhaitez optimiser votre documentation actuelle afin d\u2019en faciliter la mise \u00e0 jour\u00a0? Ou vos documents sont pr\u00eats, mais vous aimeriez aussi les faire <a href=\"https:\/\/wilkens.be\/fr\/traduction\/\">traduire\u00a0\u00a0<\/a>? On s&rsquo;en occupe\u00a0!<\/p>\n<p>Ensemble, voyons ce que nous pouvons faire pour vous. <a href=\"https:\/\/wilkens.be\/fr\/contact\/\">Contactez-nous<\/a> ou demandez sans plus attendre un devis \u00a0sans engagement!<\/p>\n\t\t\t\t\t\t\t\t<\/div>\n\t\t\t\t<\/div>\n\t\t\t\t\t<\/div>\n\t\t<\/div>\n\t\t\t\t<div class=\"elementor-column elementor-col-50 elementor-top-column elementor-element elementor-element-3426d68f elementor-hidden-mobile\" data-id=\"3426d68f\" data-element_type=\"column\" data-settings=\"{&quot;background_background&quot;:&quot;classic&quot;}\">\n\t\t\t<div class=\"elementor-widget-wrap elementor-element-populated\">\n\t\t\t\t\t\t<section class=\"elementor-section elementor-inner-section elementor-element elementor-element-1ffe386d elementor-section-boxed elementor-section-height-default elementor-section-height-default\" data-id=\"1ffe386d\" data-element_type=\"section\" data-settings=\"{&quot;background_background&quot;:&quot;classic&quot;}\">\n\t\t\t\t\t\t<div class=\"elementor-container elementor-column-gap-default\">\n\t\t\t\t\t<div class=\"elementor-column elementor-col-100 elementor-inner-column elementor-element elementor-element-17d29bb7\" data-id=\"17d29bb7\" data-element_type=\"column\">\n\t\t\t<div class=\"elementor-widget-wrap elementor-element-populated\">\n\t\t\t\t\t\t<div class=\"elementor-element elementor-element-217cd6e2 elementor-widget elementor-widget-heading\" data-id=\"217cd6e2\" data-element_type=\"widget\" data-widget_type=\"heading.default\">\n\t\t\t\t<div class=\"elementor-widget-container\">\n\t\t\t\t\t<h3 class=\"elementor-heading-title elementor-size-default\">Services<\/h3>\t\t\t\t<\/div>\n\t\t\t\t<\/div>\n\t\t\t\t<div class=\"elementor-element elementor-element-97ebe98 elementor-align-left elementor-list-item-link-inline elementor-widget__width-auto elementor-icon-list--layout-traditional elementor-widget elementor-widget-icon-list\" data-id=\"97ebe98\" data-element_type=\"widget\" data-widget_type=\"icon-list.default\">\n\t\t\t\t<div class=\"elementor-widget-container\">\n\t\t\t\t\t\t\t<ul class=\"elementor-icon-list-items\">\n\t\t\t\t\t\t\t<li class=\"elementor-icon-list-item\">\n\t\t\t\t\t\t\t\t\t\t\t<a href=\"\/fr\/services\/traduction\/\">\n\n\t\t\t\t\t\t\t\t\t\t\t\t<span class=\"elementor-icon-list-icon\">\n\t\t\t\t\t\t\t<i aria-hidden=\"true\" class=\"far fa-arrow-alt-circle-right\"><\/i>\t\t\t\t\t\t<\/span>\n\t\t\t\t\t\t\t\t\t\t<span class=\"elementor-icon-list-text\">Traduction<\/span>\n\t\t\t\t\t\t\t\t\t\t\t<\/a>\n\t\t\t\t\t\t\t\t\t<\/li>\n\t\t\t\t\t\t\t\t<li class=\"elementor-icon-list-item\">\n\t\t\t\t\t\t\t\t\t\t\t<a href=\"\/fr\/services\/interpretation\/\">\n\n\t\t\t\t\t\t\t\t\t\t\t\t<span class=\"elementor-icon-list-icon\">\n\t\t\t\t\t\t\t<i aria-hidden=\"true\" class=\"far fa-arrow-alt-circle-right\"><\/i>\t\t\t\t\t\t<\/span>\n\t\t\t\t\t\t\t\t\t\t<span class=\"elementor-icon-list-text\">Interpr\u00e9tation<\/span>\n\t\t\t\t\t\t\t\t\t\t\t<\/a>\n\t\t\t\t\t\t\t\t\t<\/li>\n\t\t\t\t\t\t\t\t<li class=\"elementor-icon-list-item\">\n\t\t\t\t\t\t\t\t\t\t\t<a href=\"\/fr\/services\/redaction-technique\/\">\n\n\t\t\t\t\t\t\t\t\t\t\t\t<span class=\"elementor-icon-list-icon\">\n\t\t\t\t\t\t\t<i aria-hidden=\"true\" class=\"far fa-arrow-alt-circle-right\"><\/i>\t\t\t\t\t\t<\/span>\n\t\t\t\t\t\t\t\t\t\t<span class=\"elementor-icon-list-text\">R\u00e9daction technique<\/span>\n\t\t\t\t\t\t\t\t\t\t\t<\/a>\n\t\t\t\t\t\t\t\t\t<\/li>\n\t\t\t\t\t\t\t\t<li class=\"elementor-icon-list-item\">\n\t\t\t\t\t\t\t\t\t\t\t<a href=\"\/fr\/services\/redaction-et-copywriting\/\">\n\n\t\t\t\t\t\t\t\t\t\t\t\t<span class=\"elementor-icon-list-icon\">\n\t\t\t\t\t\t\t<i aria-hidden=\"true\" class=\"far fa-arrow-alt-circle-right\"><\/i>\t\t\t\t\t\t<\/span>\n\t\t\t\t\t\t\t\t\t\t<span class=\"elementor-icon-list-text\">R\u00e9daction et copywriting<\/span>\n\t\t\t\t\t\t\t\t\t\t\t<\/a>\n\t\t\t\t\t\t\t\t\t<\/li>\n\t\t\t\t\t\t\t\t<li class=\"elementor-icon-list-item\">\n\t\t\t\t\t\t\t\t\t\t\t<a href=\"\/fr\/services\/sous-titrage\/\">\n\n\t\t\t\t\t\t\t\t\t\t\t\t<span class=\"elementor-icon-list-icon\">\n\t\t\t\t\t\t\t<i aria-hidden=\"true\" class=\"far fa-arrow-alt-circle-right\"><\/i>\t\t\t\t\t\t<\/span>\n\t\t\t\t\t\t\t\t\t\t<span class=\"elementor-icon-list-text\">Sous-titrage<\/span>\n\t\t\t\t\t\t\t\t\t\t\t<\/a>\n\t\t\t\t\t\t\t\t\t<\/li>\n\t\t\t\t\t\t\t\t<li class=\"elementor-icon-list-item\">\n\t\t\t\t\t\t\t\t\t\t\t<a href=\"\/fr\/services\/autres-services\/\">\n\n\t\t\t\t\t\t\t\t\t\t\t\t<span class=\"elementor-icon-list-icon\">\n\t\t\t\t\t\t\t<i aria-hidden=\"true\" class=\"far fa-arrow-alt-circle-right\"><\/i>\t\t\t\t\t\t<\/span>\n\t\t\t\t\t\t\t\t\t\t<span class=\"elementor-icon-list-text\">Autres services<\/span>\n\t\t\t\t\t\t\t\t\t\t\t<\/a>\n\t\t\t\t\t\t\t\t\t<\/li>\n\t\t\t\t\t\t<\/ul>\n\t\t\t\t\t\t<\/div>\n\t\t\t\t<\/div>\n\t\t\t\t\t<\/div>\n\t\t<\/div>\n\t\t\t\t\t<\/div>\n\t\t<\/section>\n\t\t\t\t\t<\/div>\n\t\t<\/div>\n\t\t\t\t\t<\/div>\n\t\t<\/section>\n\t\t\t\t<\/div>\n\t\t","protected":false},"excerpt":{"rendered":"<p>La r\u00e9daction technique requiert un certain nombre de connaissances et beaucoup de temps. Nos r\u00e9dacteurs techniques se feront un plaisir de vous en d\u00e9charger et de s\u2019assurer que votre documentation est correcte, claire et compr\u00e9hensible !<\/p>\n","protected":false},"author":9,"featured_media":0,"parent":5255,"menu_order":0,"comment_status":"closed","ping_status":"closed","template":"","meta":{"footnotes":""},"class_list":["post-5184","page","type-page","status-publish","hentry"],"yoast_head":"<!-- This site is optimized with the Yoast SEO plugin v27.3 - https:\/\/yoast.com\/product\/yoast-seo-wordpress\/ -->\n<title>R\u00e9daction technique | Services de r\u00e9daction | Wilkens c.s.<\/title>\n<meta name=\"description\" content=\"Un projet de r\u00e9daction technique en vue ? Nos r\u00e9dacteurs techniques vous garantissent un r\u00e9sultat irr\u00e9prochable !\" \/>\n<meta name=\"robots\" content=\"index, follow, max-snippet:-1, max-image-preview:large, max-video-preview:-1\" \/>\n<link rel=\"canonical\" href=\"https:\/\/wilkens.be\/fr\/services\/redaction-technique\/\" \/>\n<meta property=\"og:locale\" content=\"fr_FR\" \/>\n<meta property=\"og:type\" content=\"article\" \/>\n<meta property=\"og:title\" content=\"R\u00e9daction technique | Services de r\u00e9daction | Wilkens c.s.\" \/>\n<meta property=\"og:description\" content=\"Un projet de r\u00e9daction technique en vue ? Nos r\u00e9dacteurs techniques vous garantissent un r\u00e9sultat irr\u00e9prochable !\" \/>\n<meta property=\"og:url\" content=\"https:\/\/wilkens.be\/fr\/services\/redaction-technique\/\" \/>\n<meta property=\"og:site_name\" content=\"Wilkens c.s.\" \/>\n<meta property=\"article:modified_time\" content=\"2023-09-07T08:20:54+00:00\" \/>\n<meta name=\"twitter:card\" content=\"summary_large_image\" \/>\n<meta name=\"twitter:label1\" content=\"Dur\u00e9e de lecture estim\u00e9e\" \/>\n\t<meta name=\"twitter:data1\" content=\"3 minutes\" \/>\n<script type=\"application\/ld+json\" class=\"yoast-schema-graph\">{\"@context\":\"https:\\\/\\\/schema.org\",\"@graph\":[{\"@type\":\"WebPage\",\"@id\":\"https:\\\/\\\/wilkens.be\\\/fr\\\/services\\\/redaction-technique\\\/\",\"url\":\"https:\\\/\\\/wilkens.be\\\/fr\\\/services\\\/redaction-technique\\\/\",\"name\":\"R\u00e9daction technique | Services de r\u00e9daction | Wilkens c.s.\",\"isPartOf\":{\"@id\":\"https:\\\/\\\/wilkens.be\\\/fr\\\/#website\"},\"datePublished\":\"2022-04-20T14:23:46+00:00\",\"dateModified\":\"2023-09-07T08:20:54+00:00\",\"description\":\"Un projet de r\u00e9daction technique en vue ? Nos r\u00e9dacteurs techniques vous garantissent un r\u00e9sultat irr\u00e9prochable !\",\"breadcrumb\":{\"@id\":\"https:\\\/\\\/wilkens.be\\\/fr\\\/services\\\/redaction-technique\\\/#breadcrumb\"},\"inLanguage\":\"fr-FR\",\"potentialAction\":[{\"@type\":\"ReadAction\",\"target\":[\"https:\\\/\\\/wilkens.be\\\/fr\\\/services\\\/redaction-technique\\\/\"]}]},{\"@type\":\"BreadcrumbList\",\"@id\":\"https:\\\/\\\/wilkens.be\\\/fr\\\/services\\\/redaction-technique\\\/#breadcrumb\",\"itemListElement\":[{\"@type\":\"ListItem\",\"position\":1,\"name\":\"Home\",\"item\":\"https:\\\/\\\/wilkens.be\\\/fr\\\/\"},{\"@type\":\"ListItem\",\"position\":2,\"name\":\"Services\",\"item\":\"https:\\\/\\\/wilkens.be\\\/fr\\\/services\\\/\"},{\"@type\":\"ListItem\",\"position\":3,\"name\":\"R\u00e9daction technique\"}]},{\"@type\":\"WebSite\",\"@id\":\"https:\\\/\\\/wilkens.be\\\/fr\\\/#website\",\"url\":\"https:\\\/\\\/wilkens.be\\\/fr\\\/\",\"name\":\"Wilkens c.s.\",\"description\":\"\",\"publisher\":{\"@id\":\"https:\\\/\\\/wilkens.be\\\/fr\\\/#organization\"},\"potentialAction\":[{\"@type\":\"SearchAction\",\"target\":{\"@type\":\"EntryPoint\",\"urlTemplate\":\"https:\\\/\\\/wilkens.be\\\/fr\\\/?s={search_term_string}\"},\"query-input\":{\"@type\":\"PropertyValueSpecification\",\"valueRequired\":true,\"valueName\":\"search_term_string\"}}],\"inLanguage\":\"fr-FR\"},{\"@type\":\"Organization\",\"@id\":\"https:\\\/\\\/wilkens.be\\\/fr\\\/#organization\",\"name\":\"Wilkens c.s.\",\"url\":\"https:\\\/\\\/wilkens.be\\\/fr\\\/\",\"logo\":{\"@type\":\"ImageObject\",\"inLanguage\":\"fr-FR\",\"@id\":\"https:\\\/\\\/wilkens.be\\\/fr\\\/#\\\/schema\\\/logo\\\/image\\\/\",\"url\":\"https:\\\/\\\/wilkens.be\\\/wp-content\\\/uploads\\\/2022\\\/04\\\/Logo_Wilkens.png\",\"contentUrl\":\"https:\\\/\\\/wilkens.be\\\/wp-content\\\/uploads\\\/2022\\\/04\\\/Logo_Wilkens.png\",\"width\":500,\"height\":111,\"caption\":\"Wilkens c.s.\"},\"image\":{\"@id\":\"https:\\\/\\\/wilkens.be\\\/fr\\\/#\\\/schema\\\/logo\\\/image\\\/\"}}]}<\/script>\n<!-- \/ Yoast SEO plugin. -->","yoast_head_json":{"title":"R\u00e9daction technique | Services de r\u00e9daction | Wilkens c.s.","description":"Un projet de r\u00e9daction technique en vue ? Nos r\u00e9dacteurs techniques vous garantissent un r\u00e9sultat irr\u00e9prochable !","robots":{"index":"index","follow":"follow","max-snippet":"max-snippet:-1","max-image-preview":"max-image-preview:large","max-video-preview":"max-video-preview:-1"},"canonical":"https:\/\/wilkens.be\/fr\/services\/redaction-technique\/","og_locale":"fr_FR","og_type":"article","og_title":"R\u00e9daction technique | Services de r\u00e9daction | Wilkens c.s.","og_description":"Un projet de r\u00e9daction technique en vue ? Nos r\u00e9dacteurs techniques vous garantissent un r\u00e9sultat irr\u00e9prochable !","og_url":"https:\/\/wilkens.be\/fr\/services\/redaction-technique\/","og_site_name":"Wilkens c.s.","article_modified_time":"2023-09-07T08:20:54+00:00","twitter_card":"summary_large_image","twitter_misc":{"Dur\u00e9e de lecture estim\u00e9e":"3 minutes"},"schema":{"@context":"https:\/\/schema.org","@graph":[{"@type":"WebPage","@id":"https:\/\/wilkens.be\/fr\/services\/redaction-technique\/","url":"https:\/\/wilkens.be\/fr\/services\/redaction-technique\/","name":"R\u00e9daction technique | Services de r\u00e9daction | Wilkens c.s.","isPartOf":{"@id":"https:\/\/wilkens.be\/fr\/#website"},"datePublished":"2022-04-20T14:23:46+00:00","dateModified":"2023-09-07T08:20:54+00:00","description":"Un projet de r\u00e9daction technique en vue ? Nos r\u00e9dacteurs techniques vous garantissent un r\u00e9sultat irr\u00e9prochable !","breadcrumb":{"@id":"https:\/\/wilkens.be\/fr\/services\/redaction-technique\/#breadcrumb"},"inLanguage":"fr-FR","potentialAction":[{"@type":"ReadAction","target":["https:\/\/wilkens.be\/fr\/services\/redaction-technique\/"]}]},{"@type":"BreadcrumbList","@id":"https:\/\/wilkens.be\/fr\/services\/redaction-technique\/#breadcrumb","itemListElement":[{"@type":"ListItem","position":1,"name":"Home","item":"https:\/\/wilkens.be\/fr\/"},{"@type":"ListItem","position":2,"name":"Services","item":"https:\/\/wilkens.be\/fr\/services\/"},{"@type":"ListItem","position":3,"name":"R\u00e9daction technique"}]},{"@type":"WebSite","@id":"https:\/\/wilkens.be\/fr\/#website","url":"https:\/\/wilkens.be\/fr\/","name":"Wilkens c.s.","description":"","publisher":{"@id":"https:\/\/wilkens.be\/fr\/#organization"},"potentialAction":[{"@type":"SearchAction","target":{"@type":"EntryPoint","urlTemplate":"https:\/\/wilkens.be\/fr\/?s={search_term_string}"},"query-input":{"@type":"PropertyValueSpecification","valueRequired":true,"valueName":"search_term_string"}}],"inLanguage":"fr-FR"},{"@type":"Organization","@id":"https:\/\/wilkens.be\/fr\/#organization","name":"Wilkens c.s.","url":"https:\/\/wilkens.be\/fr\/","logo":{"@type":"ImageObject","inLanguage":"fr-FR","@id":"https:\/\/wilkens.be\/fr\/#\/schema\/logo\/image\/","url":"https:\/\/wilkens.be\/wp-content\/uploads\/2022\/04\/Logo_Wilkens.png","contentUrl":"https:\/\/wilkens.be\/wp-content\/uploads\/2022\/04\/Logo_Wilkens.png","width":500,"height":111,"caption":"Wilkens c.s."},"image":{"@id":"https:\/\/wilkens.be\/fr\/#\/schema\/logo\/image\/"}}]}},"_links":{"self":[{"href":"https:\/\/wilkens.be\/fr\/wp-json\/wp\/v2\/pages\/5184","targetHints":{"allow":["GET"]}}],"collection":[{"href":"https:\/\/wilkens.be\/fr\/wp-json\/wp\/v2\/pages"}],"about":[{"href":"https:\/\/wilkens.be\/fr\/wp-json\/wp\/v2\/types\/page"}],"author":[{"embeddable":true,"href":"https:\/\/wilkens.be\/fr\/wp-json\/wp\/v2\/users\/9"}],"replies":[{"embeddable":true,"href":"https:\/\/wilkens.be\/fr\/wp-json\/wp\/v2\/comments?post=5184"}],"version-history":[{"count":11,"href":"https:\/\/wilkens.be\/fr\/wp-json\/wp\/v2\/pages\/5184\/revisions"}],"predecessor-version":[{"id":6586,"href":"https:\/\/wilkens.be\/fr\/wp-json\/wp\/v2\/pages\/5184\/revisions\/6586"}],"up":[{"embeddable":true,"href":"https:\/\/wilkens.be\/fr\/wp-json\/wp\/v2\/pages\/5255"}],"wp:attachment":[{"href":"https:\/\/wilkens.be\/fr\/wp-json\/wp\/v2\/media?parent=5184"}],"curies":[{"name":"wp","href":"https:\/\/api.w.org\/{rel}","templated":true}]}}