{"id":5176,"date":"2022-04-20T15:23:07","date_gmt":"2022-04-20T14:23:07","guid":{"rendered":"https:\/\/bewilk-kwinyashe.savviihq.com\/traduction\/"},"modified":"2023-09-07T09:25:33","modified_gmt":"2023-09-07T08:25:33","slug":"agence-de-traduction","status":"publish","type":"page","link":"https:\/\/wilkens.be\/fr\/services\/agence-de-traduction\/","title":{"rendered":"Traduction"},"content":{"rendered":"\t\t<div data-elementor-type=\"wp-page\" data-elementor-id=\"5176\" class=\"elementor elementor-5176 elementor-21\" data-elementor-post-type=\"page\">\n\t\t\t\t\t\t<section class=\"elementor-section elementor-top-section elementor-element elementor-element-a88ed35 elementor-section-height-min-height elementor-section-boxed elementor-section-height-default elementor-section-items-middle\" data-id=\"a88ed35\" data-element_type=\"section\" data-settings=\"{&quot;background_background&quot;:&quot;classic&quot;}\">\n\t\t\t\t\t\t\t<div class=\"elementor-background-overlay\"><\/div>\n\t\t\t\t\t\t\t<div class=\"elementor-container elementor-column-gap-default\">\n\t\t\t\t\t<div class=\"elementor-column elementor-col-100 elementor-top-column elementor-element elementor-element-9230cf1\" data-id=\"9230cf1\" data-element_type=\"column\">\n\t\t\t<div class=\"elementor-widget-wrap elementor-element-populated\">\n\t\t\t\t\t\t\t<\/div>\n\t\t<\/div>\n\t\t\t\t\t<\/div>\n\t\t<\/section>\n\t\t\t\t<section class=\"elementor-section elementor-top-section elementor-element elementor-element-7a4c2aeb elementor-section-boxed elementor-section-height-default elementor-section-height-default\" data-id=\"7a4c2aeb\" data-element_type=\"section\">\n\t\t\t\t\t\t<div class=\"elementor-container elementor-column-gap-default\">\n\t\t\t\t\t<div class=\"elementor-column elementor-col-100 elementor-top-column elementor-element elementor-element-7947d94e\" data-id=\"7947d94e\" data-element_type=\"column\">\n\t\t\t<div class=\"elementor-widget-wrap elementor-element-populated\">\n\t\t\t\t\t\t<div class=\"elementor-element elementor-element-15891d96 elementor-widget elementor-widget-text-editor\" data-id=\"15891d96\" data-element_type=\"widget\" data-widget_type=\"text-editor.default\">\n\t\t\t\t<div class=\"elementor-widget-container\">\n\t\t\t\t\t\t\t\t\t<p>Qu\u2019il s\u2019agisse d\u2019un document officiel d\u2019appel d\u2019offres, d\u2019une campagne de marketing au clin d\u2019\u0153il appuy\u00e9, de la notice d\u2019un m\u00e9dicament r\u00e9volutionnaire, de votre site Web ou du manuel d\u2019un mixeur dot\u00e9 des derni\u00e8res innovations technologiques, chez agence de traduction Wilkens c.s., nous nous faisons un plaisir de traduire tous vos documents. C\u2019est cette diversit\u00e9 qui rend notre travail si fascinant&nbsp;!<\/p>\n<p>Cette diversit\u00e9 nous a \u00e9galement permis d\u2019exceller dans notre travail et de b\u00e2tir un vaste r\u00e9seau des meilleurs traducteurs. Ce r\u00e9seau est aussi polyvalent que nos missions de traduction. Et c\u2019est pr\u00e9cis\u00e9ment pour cette raison que nous sommes toujours en mesure de trouver le meilleur traducteur pour votre projet de traduction.<\/p>\t\t\t\t\t\t\t\t<\/div>\n\t\t\t\t<\/div>\n\t\t\t\t\t<\/div>\n\t\t<\/div>\n\t\t\t\t\t<\/div>\n\t\t<\/section>\n\t\t\t\t<section class=\"elementor-section elementor-top-section elementor-element elementor-element-222f0e99 elementor-reverse-mobile elementor-section-boxed elementor-section-height-default elementor-section-height-default\" data-id=\"222f0e99\" data-element_type=\"section\">\n\t\t\t\t\t\t<div class=\"elementor-container elementor-column-gap-default\">\n\t\t\t\t\t<div class=\"elementor-column elementor-col-50 elementor-top-column elementor-element elementor-element-2abca7af\" data-id=\"2abca7af\" data-element_type=\"column\">\n\t\t\t<div class=\"elementor-widget-wrap elementor-element-populated\">\n\t\t\t\t\t\t<div class=\"elementor-element elementor-element-35215a8 elementor-widget elementor-widget-heading\" data-id=\"35215a8\" data-element_type=\"widget\" data-widget_type=\"heading.default\">\n\t\t\t\t<div class=\"elementor-widget-container\">\n\t\t\t\t\t<h2 class=\"elementor-heading-title elementor-size-default\">Nos sp\u00e9cialisations en mati\u00e8re de traduction<\/h2>\t\t\t\t<\/div>\n\t\t\t\t<\/div>\n\t\t\t\t<div class=\"elementor-element elementor-element-fb97f1b elementor-widget elementor-widget-text-editor\" data-id=\"fb97f1b\" data-element_type=\"widget\" data-widget_type=\"text-editor.default\">\n\t\t\t\t<div class=\"elementor-widget-container\">\n\t\t\t\t\t\t\t\t\t<p>Nous travaillons toujours avec des traducteurs qui traduisent non seulement comme des dieux, mais qui ont \u00e9galement une grande exp\u00e9rience dans votre domaine. Vous travaillez dans une \u00e9tude notariale, par exemple\u00a0? Vous avez en permanence l\u2019assurance qu\u2019un traducteur sp\u00e9cialis\u00e9 dans le domaine juridique travaille sur votre texte. Ou vous travaillez dans une agence de marketing\u00a0? Dans ce cas, nous confierons votre traduction \u00e0 un traducteur marketing exp\u00e9riment\u00e9.<\/p><p>Nous sommes sp\u00e9cialis\u00e9s dans diff\u00e9rents domaines de traduction\u00a0:<\/p><ul><li><a href=\"\/fr\/finances\/\">Traduction financi\u00e8re<\/a><\/li><li><a href=\"\/fr\/juridique\/\">Traduction juridique<\/a><\/li><li><a href=\"\/fr\/medical\/\">Traduction m\u00e9dicale<\/a><\/li><li><a href=\"\/fr\/specialisations-en-traduction\/communications-publiques\/\">Traduction publique<\/a><\/li><li><a href=\"\/fr\/logiciels\/\">Traduction de logiciels<\/a><\/li><li><a href=\"\/fr\/technique\/\">Traduction technique<\/a><\/li><li><a href=\"\/fr\/sites-web\/\">Traduction de sites Web<\/a><\/li><li><a href=\"\/fr\/marketing\/\">Traduction marketing<\/a><\/li><\/ul><p><br \/>Vous avez un texte \u00e0 faire traduire, mais vous n\u2019\u00eates pas s\u00fbr de la cat\u00e9gorie \u00e0 laquelle il appartient\u00a0? Aucun probl\u00e8me\u00a0! N\u2019h\u00e9sitez pas \u00e0 nous contacter ou \u00e0 demander un devis sans engagement, car nous pourrons toujours vous aider.<\/p>\t\t\t\t\t\t\t\t<\/div>\n\t\t\t\t<\/div>\n\t\t\t\t<div class=\"elementor-element elementor-element-2f2f3f28 elementor-widget elementor-widget-heading\" data-id=\"2f2f3f28\" data-element_type=\"widget\" data-widget_type=\"heading.default\">\n\t\t\t\t<div class=\"elementor-widget-container\">\n\t\t\t\t\t<h2 class=\"elementor-heading-title elementor-size-default\">Wilkens c.s. et la traduction<\/h2>\t\t\t\t<\/div>\n\t\t\t\t<\/div>\n\t\t\t\t<div class=\"elementor-element elementor-element-7f226715 elementor-widget elementor-widget-text-editor\" data-id=\"7f226715\" data-element_type=\"widget\" data-widget_type=\"text-editor.default\">\n\t\t\t\t<div class=\"elementor-widget-container\">\n\t\t\t\t\t\t\t\t\t<p>Afin de servir au mieux nos clients et d\u2019adopter leur point de vue, nous devons avant tout bien les conna\u00eetre, c&rsquo;est essentiel. Nous voulons savoir dans quel type d\u2019organisation nous nous engageons et dans quel processus, car la traduction que vous nous demandez s\u2019inscrit toujours dans un contexte plus large. En vous \u00e9coutant attentivement et en posant les bonnes questions, nous obtenons ensemble le meilleur r\u00e9sultat. Vous vous demandez quelles sont les organisations qui nous ont d\u00e9j\u00e0 fait confiance pour leurs travaux de traduction ? N\u2019h\u00e9sitez pas \u00e0 consulter notre <a href=\"\/fr\/nos-clients\/\">page client\u00e8le<\/a>.<\/p><p>Nos traducteurs disposent donc d\u2019une exp\u00e9rience \u00e9tendue et diversifi\u00e9e dans votre domaine. Certains traducteurs ont eu une carri\u00e8re longue et intense et sont heureux de mettre leurs connaissances \u00e0 profit pendant leur retraite, tandis que d\u2019autres ont des dizaines d\u2019ann\u00e9es d\u2019exp\u00e9rience dans le monde de la traduction et ont d\u00e9j\u00e0 particip\u00e9 \u00e0 la r\u00e9daction de nombreux livres ou documents. Quoi qu\u2019il en soit, soyons clairs\u00a0: votre texte est toujours confi\u00e9 \u00e0 un sp\u00e9cialiste.<\/p>\t\t\t\t\t\t\t\t<\/div>\n\t\t\t\t<\/div>\n\t\t\t\t<div class=\"elementor-element elementor-element-d3fce39 elementor-widget elementor-widget-heading\" data-id=\"d3fce39\" data-element_type=\"widget\" data-widget_type=\"heading.default\">\n\t\t\t\t<div class=\"elementor-widget-container\">\n\t\t\t\t\t<h3 class=\"elementor-heading-title elementor-size-default\">Un projet d'envergure en vue ?<\/h3>\t\t\t\t<\/div>\n\t\t\t\t<\/div>\n\t\t\t\t<div class=\"elementor-element elementor-element-334acf9 elementor-widget elementor-widget-text-editor\" data-id=\"334acf9\" data-element_type=\"widget\" data-widget_type=\"text-editor.default\">\n\t\t\t\t<div class=\"elementor-widget-container\">\n\t\t\t\t\t\t\t\t\t<p>Vous avez un projet de grande envergure avec une livraison \u00e9chelonn\u00e9e de textes qui doivent tous \u00eatre traduits\u00a0? Nous pouvons vous d\u00e9charger de l\u2019ensemble de la planification et de l\u2019ex\u00e9cution. Nous nous concertons ensuite avec les traducteurs et veillons \u00e0 ce que votre projet soit livr\u00e9 dans les d\u00e9lais impartis.<\/p><p>Un projet d\u2019une telle ampleur peut sembler un d\u00e9fi \u00e9norme. C\u2019est pourquoi nous allons plus loin que la planification et l\u2019ex\u00e9cution : nous pouvons \u00e9galement r\u00e9diger tous les textes pour vous. Nous mettons ensuite nos <a href=\"\/fr\/services\/redaction-et-copywriting\/\">r\u00e9dacteurs<\/a> sp\u00e9cialis\u00e9s ou nos <a href=\"\/fr\/services\/redaction-technique\/\">r\u00e9dacteurs techniques<\/a> sur le coup. Ensemble, voyons ce que nous pouvons faire pour vous !<\/p>\t\t\t\t\t\t\t\t<\/div>\n\t\t\t\t<\/div>\n\t\t\t\t<div class=\"elementor-element elementor-element-5fd2c9b elementor-widget elementor-widget-heading\" data-id=\"5fd2c9b\" data-element_type=\"widget\" data-widget_type=\"heading.default\">\n\t\t\t\t<div class=\"elementor-widget-container\">\n\t\t\t\t\t<h2 class=\"elementor-heading-title elementor-size-default\">Contact<\/h2>\t\t\t\t<\/div>\n\t\t\t\t<\/div>\n\t\t\t\t<div class=\"elementor-element elementor-element-dfdacf5 elementor-widget elementor-widget-text-editor\" data-id=\"dfdacf5\" data-element_type=\"widget\" data-widget_type=\"text-editor.default\">\n\t\t\t\t<div class=\"elementor-widget-container\">\n\t\t\t\t\t\t\t\t\t<p>Nous veillons \u00e0 ce que votre projet de traduction ne vous cause aucun tracas, quelle que soit la difficult\u00e9 de votre texte ou de votre combinaison linguistique. Envie de vous y mettre directement\u00a0? <a href=\"https:\/\/wilkens.be\/fr\/contact\/\">Contactez-nous<\/a> \u00a0pour plus d\u2019informations sur toutes les possibilit\u00e9s. Ou demandez un devis \u00a0sans engagement.<\/p>\n\t\t\t\t\t\t\t\t<\/div>\n\t\t\t\t<\/div>\n\t\t\t\t\t<\/div>\n\t\t<\/div>\n\t\t\t\t<div class=\"elementor-column elementor-col-50 elementor-top-column elementor-element elementor-element-565dc7 elementor-hidden-mobile\" data-id=\"565dc7\" data-element_type=\"column\" data-settings=\"{&quot;background_background&quot;:&quot;classic&quot;}\">\n\t\t\t<div class=\"elementor-widget-wrap elementor-element-populated\">\n\t\t\t\t\t\t<section class=\"elementor-section elementor-inner-section elementor-element elementor-element-4a1e2233 elementor-section-boxed elementor-section-height-default elementor-section-height-default\" data-id=\"4a1e2233\" data-element_type=\"section\" data-settings=\"{&quot;background_background&quot;:&quot;classic&quot;}\">\n\t\t\t\t\t\t<div class=\"elementor-container elementor-column-gap-default\">\n\t\t\t\t\t<div class=\"elementor-column elementor-col-100 elementor-inner-column elementor-element elementor-element-43fa2799\" data-id=\"43fa2799\" data-element_type=\"column\">\n\t\t\t<div class=\"elementor-widget-wrap elementor-element-populated\">\n\t\t\t\t\t\t<div class=\"elementor-element elementor-element-76b30417 elementor-widget elementor-widget-heading\" data-id=\"76b30417\" data-element_type=\"widget\" data-widget_type=\"heading.default\">\n\t\t\t\t<div class=\"elementor-widget-container\">\n\t\t\t\t\t<h3 class=\"elementor-heading-title elementor-size-default\">Services<\/h3>\t\t\t\t<\/div>\n\t\t\t\t<\/div>\n\t\t\t\t<div class=\"elementor-element elementor-element-4bfc50a4 elementor-align-left elementor-list-item-link-inline elementor-widget__width-auto elementor-icon-list--layout-traditional elementor-widget elementor-widget-icon-list\" data-id=\"4bfc50a4\" data-element_type=\"widget\" data-widget_type=\"icon-list.default\">\n\t\t\t\t<div class=\"elementor-widget-container\">\n\t\t\t\t\t\t\t<ul class=\"elementor-icon-list-items\">\n\t\t\t\t\t\t\t<li class=\"elementor-icon-list-item\">\n\t\t\t\t\t\t\t\t\t\t\t<a href=\"\/fr\/services\/traduction\/\">\n\n\t\t\t\t\t\t\t\t\t\t\t\t<span class=\"elementor-icon-list-icon\">\n\t\t\t\t\t\t\t<i aria-hidden=\"true\" class=\"far fa-arrow-alt-circle-right\"><\/i>\t\t\t\t\t\t<\/span>\n\t\t\t\t\t\t\t\t\t\t<span class=\"elementor-icon-list-text\">Traduction<\/span>\n\t\t\t\t\t\t\t\t\t\t\t<\/a>\n\t\t\t\t\t\t\t\t\t<\/li>\n\t\t\t\t\t\t\t\t<li class=\"elementor-icon-list-item\">\n\t\t\t\t\t\t\t\t\t\t\t<a href=\"\/fr\/services\/interpretation\/\">\n\n\t\t\t\t\t\t\t\t\t\t\t\t<span class=\"elementor-icon-list-icon\">\n\t\t\t\t\t\t\t<i aria-hidden=\"true\" class=\"far fa-arrow-alt-circle-right\"><\/i>\t\t\t\t\t\t<\/span>\n\t\t\t\t\t\t\t\t\t\t<span class=\"elementor-icon-list-text\">Interpr\u00e9tation<\/span>\n\t\t\t\t\t\t\t\t\t\t\t<\/a>\n\t\t\t\t\t\t\t\t\t<\/li>\n\t\t\t\t\t\t\t\t<li class=\"elementor-icon-list-item\">\n\t\t\t\t\t\t\t\t\t\t\t<a href=\"\/fr\/services\/redaction-technique\/\">\n\n\t\t\t\t\t\t\t\t\t\t\t\t<span class=\"elementor-icon-list-icon\">\n\t\t\t\t\t\t\t<i aria-hidden=\"true\" class=\"far fa-arrow-alt-circle-right\"><\/i>\t\t\t\t\t\t<\/span>\n\t\t\t\t\t\t\t\t\t\t<span class=\"elementor-icon-list-text\">R\u00e9daction technique<\/span>\n\t\t\t\t\t\t\t\t\t\t\t<\/a>\n\t\t\t\t\t\t\t\t\t<\/li>\n\t\t\t\t\t\t\t\t<li class=\"elementor-icon-list-item\">\n\t\t\t\t\t\t\t\t\t\t\t<a href=\"\/fr\/services\/redaction-et-copywriting\/\">\n\n\t\t\t\t\t\t\t\t\t\t\t\t<span class=\"elementor-icon-list-icon\">\n\t\t\t\t\t\t\t<i aria-hidden=\"true\" class=\"far fa-arrow-alt-circle-right\"><\/i>\t\t\t\t\t\t<\/span>\n\t\t\t\t\t\t\t\t\t\t<span class=\"elementor-icon-list-text\">R\u00e9daction et copywriting<\/span>\n\t\t\t\t\t\t\t\t\t\t\t<\/a>\n\t\t\t\t\t\t\t\t\t<\/li>\n\t\t\t\t\t\t\t\t<li class=\"elementor-icon-list-item\">\n\t\t\t\t\t\t\t\t\t\t\t<a href=\"\/fr\/services\/sous-titrage\/\">\n\n\t\t\t\t\t\t\t\t\t\t\t\t<span class=\"elementor-icon-list-icon\">\n\t\t\t\t\t\t\t<i aria-hidden=\"true\" class=\"far fa-arrow-alt-circle-right\"><\/i>\t\t\t\t\t\t<\/span>\n\t\t\t\t\t\t\t\t\t\t<span class=\"elementor-icon-list-text\">Sous-titrage<\/span>\n\t\t\t\t\t\t\t\t\t\t\t<\/a>\n\t\t\t\t\t\t\t\t\t<\/li>\n\t\t\t\t\t\t\t\t<li class=\"elementor-icon-list-item\">\n\t\t\t\t\t\t\t\t\t\t\t<a href=\"\/fr\/services\/autres-services\/\">\n\n\t\t\t\t\t\t\t\t\t\t\t\t<span class=\"elementor-icon-list-icon\">\n\t\t\t\t\t\t\t<i aria-hidden=\"true\" class=\"far fa-arrow-alt-circle-right\"><\/i>\t\t\t\t\t\t<\/span>\n\t\t\t\t\t\t\t\t\t\t<span class=\"elementor-icon-list-text\">Autres services<\/span>\n\t\t\t\t\t\t\t\t\t\t\t<\/a>\n\t\t\t\t\t\t\t\t\t<\/li>\n\t\t\t\t\t\t<\/ul>\n\t\t\t\t\t\t<\/div>\n\t\t\t\t<\/div>\n\t\t\t\t\t<\/div>\n\t\t<\/div>\n\t\t\t\t\t<\/div>\n\t\t<\/section>\n\t\t\t\t\t<\/div>\n\t\t<\/div>\n\t\t\t\t\t<\/div>\n\t\t<\/section>\n\t\t\t\t<\/div>\n\t\t","protected":false},"excerpt":{"rendered":"<p>Des documents d\u2019appels d\u2019offres aux campagnes de marketing, la diversit\u00e9 des traductions est pr\u00e9cis\u00e9ment ce qui fait notre force ! Et nous trouvons toujours le meilleur traducteur pour votre mission. Comment ? Comme \u00e7a !<\/p>\n","protected":false},"author":9,"featured_media":0,"parent":5255,"menu_order":0,"comment_status":"closed","ping_status":"closed","template":"","meta":{"footnotes":""},"class_list":["post-5176","page","type-page","status-publish","hentry"],"yoast_head":"<!-- This site is optimized with the Yoast SEO plugin v27.3 - https:\/\/yoast.com\/product\/yoast-seo-wordpress\/ -->\n<title>Services de traduction | Wilkens c.s.<\/title>\n<meta name=\"description\" content=\"Des documents d\u2019appels d\u2019offres aux campagnes de marketing, la diversit\u00e9 des traductions est pr\u00e9cis\u00e9ment ce qui fait notre force !\" \/>\n<meta name=\"robots\" content=\"index, follow, max-snippet:-1, max-image-preview:large, max-video-preview:-1\" \/>\n<link rel=\"canonical\" href=\"https:\/\/wilkens.be\/fr\/services\/agence-de-traduction\/\" \/>\n<meta property=\"og:locale\" content=\"fr_FR\" \/>\n<meta property=\"og:type\" content=\"article\" \/>\n<meta property=\"og:title\" content=\"Services de traduction | Wilkens c.s.\" \/>\n<meta property=\"og:description\" content=\"Des documents d\u2019appels d\u2019offres aux campagnes de marketing, la diversit\u00e9 des traductions est pr\u00e9cis\u00e9ment ce qui fait notre force !\" \/>\n<meta property=\"og:url\" content=\"https:\/\/wilkens.be\/fr\/services\/agence-de-traduction\/\" \/>\n<meta property=\"og:site_name\" content=\"Wilkens c.s.\" \/>\n<meta property=\"article:modified_time\" content=\"2023-09-07T08:25:33+00:00\" \/>\n<meta name=\"twitter:card\" content=\"summary_large_image\" \/>\n<meta name=\"twitter:label1\" content=\"Dur\u00e9e de lecture estim\u00e9e\" \/>\n\t<meta name=\"twitter:data1\" content=\"3 minutes\" \/>\n<script type=\"application\/ld+json\" class=\"yoast-schema-graph\">{\"@context\":\"https:\\\/\\\/schema.org\",\"@graph\":[{\"@type\":\"WebPage\",\"@id\":\"https:\\\/\\\/wilkens.be\\\/fr\\\/services\\\/agence-de-traduction\\\/\",\"url\":\"https:\\\/\\\/wilkens.be\\\/fr\\\/services\\\/agence-de-traduction\\\/\",\"name\":\"Services de traduction | Wilkens c.s.\",\"isPartOf\":{\"@id\":\"https:\\\/\\\/wilkens.be\\\/fr\\\/#website\"},\"datePublished\":\"2022-04-20T14:23:07+00:00\",\"dateModified\":\"2023-09-07T08:25:33+00:00\",\"description\":\"Des documents d\u2019appels d\u2019offres aux campagnes de marketing, la diversit\u00e9 des traductions est pr\u00e9cis\u00e9ment ce qui fait notre force !\",\"breadcrumb\":{\"@id\":\"https:\\\/\\\/wilkens.be\\\/fr\\\/services\\\/agence-de-traduction\\\/#breadcrumb\"},\"inLanguage\":\"fr-FR\",\"potentialAction\":[{\"@type\":\"ReadAction\",\"target\":[\"https:\\\/\\\/wilkens.be\\\/fr\\\/services\\\/agence-de-traduction\\\/\"]}]},{\"@type\":\"BreadcrumbList\",\"@id\":\"https:\\\/\\\/wilkens.be\\\/fr\\\/services\\\/agence-de-traduction\\\/#breadcrumb\",\"itemListElement\":[{\"@type\":\"ListItem\",\"position\":1,\"name\":\"Home\",\"item\":\"https:\\\/\\\/wilkens.be\\\/fr\\\/\"},{\"@type\":\"ListItem\",\"position\":2,\"name\":\"Services\",\"item\":\"https:\\\/\\\/wilkens.be\\\/fr\\\/services\\\/\"},{\"@type\":\"ListItem\",\"position\":3,\"name\":\"Traduction\"}]},{\"@type\":\"WebSite\",\"@id\":\"https:\\\/\\\/wilkens.be\\\/fr\\\/#website\",\"url\":\"https:\\\/\\\/wilkens.be\\\/fr\\\/\",\"name\":\"Wilkens c.s.\",\"description\":\"\",\"publisher\":{\"@id\":\"https:\\\/\\\/wilkens.be\\\/fr\\\/#organization\"},\"potentialAction\":[{\"@type\":\"SearchAction\",\"target\":{\"@type\":\"EntryPoint\",\"urlTemplate\":\"https:\\\/\\\/wilkens.be\\\/fr\\\/?s={search_term_string}\"},\"query-input\":{\"@type\":\"PropertyValueSpecification\",\"valueRequired\":true,\"valueName\":\"search_term_string\"}}],\"inLanguage\":\"fr-FR\"},{\"@type\":\"Organization\",\"@id\":\"https:\\\/\\\/wilkens.be\\\/fr\\\/#organization\",\"name\":\"Wilkens c.s.\",\"url\":\"https:\\\/\\\/wilkens.be\\\/fr\\\/\",\"logo\":{\"@type\":\"ImageObject\",\"inLanguage\":\"fr-FR\",\"@id\":\"https:\\\/\\\/wilkens.be\\\/fr\\\/#\\\/schema\\\/logo\\\/image\\\/\",\"url\":\"https:\\\/\\\/wilkens.be\\\/wp-content\\\/uploads\\\/2022\\\/04\\\/Logo_Wilkens.png\",\"contentUrl\":\"https:\\\/\\\/wilkens.be\\\/wp-content\\\/uploads\\\/2022\\\/04\\\/Logo_Wilkens.png\",\"width\":500,\"height\":111,\"caption\":\"Wilkens c.s.\"},\"image\":{\"@id\":\"https:\\\/\\\/wilkens.be\\\/fr\\\/#\\\/schema\\\/logo\\\/image\\\/\"}}]}<\/script>\n<!-- \/ Yoast SEO plugin. -->","yoast_head_json":{"title":"Services de traduction | Wilkens c.s.","description":"Des documents d\u2019appels d\u2019offres aux campagnes de marketing, la diversit\u00e9 des traductions est pr\u00e9cis\u00e9ment ce qui fait notre force !","robots":{"index":"index","follow":"follow","max-snippet":"max-snippet:-1","max-image-preview":"max-image-preview:large","max-video-preview":"max-video-preview:-1"},"canonical":"https:\/\/wilkens.be\/fr\/services\/agence-de-traduction\/","og_locale":"fr_FR","og_type":"article","og_title":"Services de traduction | Wilkens c.s.","og_description":"Des documents d\u2019appels d\u2019offres aux campagnes de marketing, la diversit\u00e9 des traductions est pr\u00e9cis\u00e9ment ce qui fait notre force !","og_url":"https:\/\/wilkens.be\/fr\/services\/agence-de-traduction\/","og_site_name":"Wilkens c.s.","article_modified_time":"2023-09-07T08:25:33+00:00","twitter_card":"summary_large_image","twitter_misc":{"Dur\u00e9e de lecture estim\u00e9e":"3 minutes"},"schema":{"@context":"https:\/\/schema.org","@graph":[{"@type":"WebPage","@id":"https:\/\/wilkens.be\/fr\/services\/agence-de-traduction\/","url":"https:\/\/wilkens.be\/fr\/services\/agence-de-traduction\/","name":"Services de traduction | Wilkens c.s.","isPartOf":{"@id":"https:\/\/wilkens.be\/fr\/#website"},"datePublished":"2022-04-20T14:23:07+00:00","dateModified":"2023-09-07T08:25:33+00:00","description":"Des documents d\u2019appels d\u2019offres aux campagnes de marketing, la diversit\u00e9 des traductions est pr\u00e9cis\u00e9ment ce qui fait notre force !","breadcrumb":{"@id":"https:\/\/wilkens.be\/fr\/services\/agence-de-traduction\/#breadcrumb"},"inLanguage":"fr-FR","potentialAction":[{"@type":"ReadAction","target":["https:\/\/wilkens.be\/fr\/services\/agence-de-traduction\/"]}]},{"@type":"BreadcrumbList","@id":"https:\/\/wilkens.be\/fr\/services\/agence-de-traduction\/#breadcrumb","itemListElement":[{"@type":"ListItem","position":1,"name":"Home","item":"https:\/\/wilkens.be\/fr\/"},{"@type":"ListItem","position":2,"name":"Services","item":"https:\/\/wilkens.be\/fr\/services\/"},{"@type":"ListItem","position":3,"name":"Traduction"}]},{"@type":"WebSite","@id":"https:\/\/wilkens.be\/fr\/#website","url":"https:\/\/wilkens.be\/fr\/","name":"Wilkens c.s.","description":"","publisher":{"@id":"https:\/\/wilkens.be\/fr\/#organization"},"potentialAction":[{"@type":"SearchAction","target":{"@type":"EntryPoint","urlTemplate":"https:\/\/wilkens.be\/fr\/?s={search_term_string}"},"query-input":{"@type":"PropertyValueSpecification","valueRequired":true,"valueName":"search_term_string"}}],"inLanguage":"fr-FR"},{"@type":"Organization","@id":"https:\/\/wilkens.be\/fr\/#organization","name":"Wilkens c.s.","url":"https:\/\/wilkens.be\/fr\/","logo":{"@type":"ImageObject","inLanguage":"fr-FR","@id":"https:\/\/wilkens.be\/fr\/#\/schema\/logo\/image\/","url":"https:\/\/wilkens.be\/wp-content\/uploads\/2022\/04\/Logo_Wilkens.png","contentUrl":"https:\/\/wilkens.be\/wp-content\/uploads\/2022\/04\/Logo_Wilkens.png","width":500,"height":111,"caption":"Wilkens c.s."},"image":{"@id":"https:\/\/wilkens.be\/fr\/#\/schema\/logo\/image\/"}}]}},"_links":{"self":[{"href":"https:\/\/wilkens.be\/fr\/wp-json\/wp\/v2\/pages\/5176","targetHints":{"allow":["GET"]}}],"collection":[{"href":"https:\/\/wilkens.be\/fr\/wp-json\/wp\/v2\/pages"}],"about":[{"href":"https:\/\/wilkens.be\/fr\/wp-json\/wp\/v2\/types\/page"}],"author":[{"embeddable":true,"href":"https:\/\/wilkens.be\/fr\/wp-json\/wp\/v2\/users\/9"}],"replies":[{"embeddable":true,"href":"https:\/\/wilkens.be\/fr\/wp-json\/wp\/v2\/comments?post=5176"}],"version-history":[{"count":11,"href":"https:\/\/wilkens.be\/fr\/wp-json\/wp\/v2\/pages\/5176\/revisions"}],"predecessor-version":[{"id":6588,"href":"https:\/\/wilkens.be\/fr\/wp-json\/wp\/v2\/pages\/5176\/revisions\/6588"}],"up":[{"embeddable":true,"href":"https:\/\/wilkens.be\/fr\/wp-json\/wp\/v2\/pages\/5255"}],"wp:attachment":[{"href":"https:\/\/wilkens.be\/fr\/wp-json\/wp\/v2\/media?parent=5176"}],"curies":[{"name":"wp","href":"https:\/\/api.w.org\/{rel}","templated":true}]}}