{"id":4127,"date":"2023-02-01T13:52:00","date_gmt":"2023-02-01T12:52:00","guid":{"rendered":"https:\/\/bewilk-kwinyashe.savviihq.com\/projets-multilingues\/"},"modified":"2023-09-07T09:53:51","modified_gmt":"2023-09-07T08:53:51","slug":"projets-multilingues","status":"publish","type":"page","link":"https:\/\/wilkens.be\/fr\/specialisations-en-traduction\/traductions-medicales\/services\/projets-multilingues\/","title":{"rendered":"Projets multilingues"},"content":{"rendered":"\t\t<div data-elementor-type=\"wp-page\" data-elementor-id=\"4127\" class=\"elementor elementor-4127 elementor-3148\" data-elementor-post-type=\"page\">\n\t\t\t\t\t\t<section class=\"elementor-section elementor-top-section elementor-element elementor-element-667eb5ef elementor-section-boxed elementor-section-height-default elementor-section-height-default\" data-id=\"667eb5ef\" data-element_type=\"section\" data-settings=\"{&quot;background_background&quot;:&quot;classic&quot;}\">\n\t\t\t\t\t\t\t<div class=\"elementor-background-overlay\"><\/div>\n\t\t\t\t\t\t\t<div class=\"elementor-container elementor-column-gap-default\">\n\t\t\t\t\t<div class=\"elementor-column elementor-col-100 elementor-top-column elementor-element elementor-element-53c14953\" data-id=\"53c14953\" data-element_type=\"column\">\n\t\t\t<div class=\"elementor-widget-wrap elementor-element-populated\">\n\t\t\t\t\t\t\t<\/div>\n\t\t<\/div>\n\t\t\t\t\t<\/div>\n\t\t<\/section>\n\t\t\t\t<section class=\"elementor-section elementor-top-section elementor-element elementor-element-e4d073c elementor-section-boxed elementor-section-height-default elementor-section-height-default\" data-id=\"e4d073c\" data-element_type=\"section\">\n\t\t\t\t\t\t<div class=\"elementor-container elementor-column-gap-default\">\n\t\t\t\t\t<div class=\"elementor-column elementor-col-100 elementor-top-column elementor-element elementor-element-1c86f59b\" data-id=\"1c86f59b\" data-element_type=\"column\">\n\t\t\t<div class=\"elementor-widget-wrap elementor-element-populated\">\n\t\t\t\t\t\t<div class=\"elementor-element elementor-element-69d10ce0 elementor-widget elementor-widget-image\" data-id=\"69d10ce0\" data-element_type=\"widget\" data-widget_type=\"image.default\">\n\t\t\t\t<div class=\"elementor-widget-container\">\n\t\t\t\t\t\t\t\t\t\t\t\t\t\t\t\t<a href=\"\/fr\/specialisations-en-traduction\/medical\/\">\n\t\t\t\t\t\t\t<img decoding=\"async\" src=\"https:\/\/wilkens.be\/wp-content\/uploads\/2023\/02\/Logo_Wilkens_CS_Medical_outline.png\" title=\"\" alt=\"\" loading=\"lazy\" \/>\t\t\t\t\t\t\t\t<\/a>\n\t\t\t\t\t\t\t\t\t\t\t\t\t\t\t<\/div>\n\t\t\t\t<\/div>\n\t\t\t\t\t<\/div>\n\t\t<\/div>\n\t\t\t\t\t<\/div>\n\t\t<\/section>\n\t\t\t\t<section class=\"elementor-section elementor-top-section elementor-element elementor-element-47a376e3 elementor-reverse-mobile elementor-section-boxed elementor-section-height-default elementor-section-height-default\" data-id=\"47a376e3\" data-element_type=\"section\">\n\t\t\t\t\t\t<div class=\"elementor-container elementor-column-gap-default\">\n\t\t\t\t\t<div class=\"elementor-column elementor-col-50 elementor-top-column elementor-element elementor-element-2a34aa71\" data-id=\"2a34aa71\" data-element_type=\"column\">\n\t\t\t<div class=\"elementor-widget-wrap elementor-element-populated\">\n\t\t\t\t\t\t<div class=\"elementor-element elementor-element-2f26ba58 elementor-widget elementor-widget-text-editor\" data-id=\"2f26ba58\" data-element_type=\"widget\" data-widget_type=\"text-editor.default\">\n\t\t\t\t<div class=\"elementor-widget-container\">\n\t\t\t\t\t\t\t\t\t<p>Gr\u00e2ce \u00e0 ses traducteurs experts et \u00e0 sa gestion de projet professionnelle, Wilkens c.s. Medical Translations peut prendre en charge l\u2019introduction et la certification simultan\u00e9es de dispositifs m\u00e9dicaux dans plusieurs pays. En outre, le multilinguisme n\u2019influence pas la dur\u00e9e de r\u00e9alisation de votre traduction. Ainsi, nous traduisons r\u00e9guli\u00e8rement des modes d\u2019emploi dans 28 langues en parall\u00e8le, tout en nous chargeant de la mise en page des textes traduits et de la relecture des \u00e9preuves.<\/p>\n\t\t\t\t\t\t\t\t<\/div>\n\t\t\t\t<\/div>\n\t\t\t\t<div class=\"elementor-element elementor-element-396f86f2 elementor-align-left elementor-widget elementor-widget-button\" data-id=\"396f86f2\" data-element_type=\"widget\" data-widget_type=\"button.default\">\n\t\t\t\t<div class=\"elementor-widget-container\">\n\t\t\t\t\t\t\t\t\t<div class=\"elementor-button-wrapper\">\n\t\t\t\t\t<a class=\"elementor-button elementor-button-link elementor-size-md\" href=\"\/fr\/citation-2\/\">\n\t\t\t\t\t\t<span class=\"elementor-button-content-wrapper\">\n\t\t\t\t\t\t\t\t\t<span class=\"elementor-button-text\">Demandez une offre<\/span>\n\t\t\t\t\t<\/span>\n\t\t\t\t\t<\/a>\n\t\t\t\t<\/div>\n\t\t\t\t\t\t\t\t<\/div>\n\t\t\t\t<\/div>\n\t\t\t\t\t<\/div>\n\t\t<\/div>\n\t\t\t\t<div class=\"elementor-column elementor-col-50 elementor-top-column elementor-element elementor-element-36ca5dbb elementor-hidden-mobile\" data-id=\"36ca5dbb\" data-element_type=\"column\" data-settings=\"{&quot;background_background&quot;:&quot;classic&quot;}\">\n\t\t\t<div class=\"elementor-widget-wrap elementor-element-populated\">\n\t\t\t\t\t\t<section class=\"elementor-section elementor-inner-section elementor-element elementor-element-40c92c3e elementor-section-boxed elementor-section-height-default elementor-section-height-default\" data-id=\"40c92c3e\" data-element_type=\"section\" data-settings=\"{&quot;background_background&quot;:&quot;classic&quot;}\">\n\t\t\t\t\t\t<div class=\"elementor-container elementor-column-gap-default\">\n\t\t\t\t\t<div class=\"elementor-column elementor-col-100 elementor-inner-column elementor-element elementor-element-588354a\" data-id=\"588354a\" data-element_type=\"column\">\n\t\t\t<div class=\"elementor-widget-wrap elementor-element-populated\">\n\t\t\t\t\t\t<div class=\"elementor-element elementor-element-ca706af elementor-widget elementor-widget-heading\" data-id=\"ca706af\" data-element_type=\"widget\" data-widget_type=\"heading.default\">\n\t\t\t\t<div class=\"elementor-widget-container\">\n\t\t\t\t\t<h3 class=\"elementor-heading-title elementor-size-default\">Traductions m\u00e9dicales<\/h3>\t\t\t\t<\/div>\n\t\t\t\t<\/div>\n\t\t\t\t<div class=\"elementor-element elementor-element-7697b3c elementor-align-left elementor-list-item-link-inline elementor-widget__width-auto elementor-icon-list--layout-traditional elementor-widget elementor-widget-icon-list\" data-id=\"7697b3c\" data-element_type=\"widget\" data-widget_type=\"icon-list.default\">\n\t\t\t\t<div class=\"elementor-widget-container\">\n\t\t\t\t\t\t\t<ul class=\"elementor-icon-list-items\">\n\t\t\t\t\t\t\t<li class=\"elementor-icon-list-item\">\n\t\t\t\t\t\t\t\t\t\t\t<a href=\"https:\/\/wilkens.be\/fr\/sante-animale\/\">\n\n\t\t\t\t\t\t\t\t\t\t\t\t<span class=\"elementor-icon-list-icon\">\n\t\t\t\t\t\t\t<i aria-hidden=\"true\" class=\"far fa-arrow-alt-circle-right\"><\/i>\t\t\t\t\t\t<\/span>\n\t\t\t\t\t\t\t\t\t\t<span class=\"elementor-icon-list-text\">Sant\u00e9 animale<\/span>\n\t\t\t\t\t\t\t\t\t\t\t<\/a>\n\t\t\t\t\t\t\t\t\t<\/li>\n\t\t\t\t\t\t\t\t<li class=\"elementor-icon-list-item\">\n\t\t\t\t\t\t\t\t\t\t\t<a href=\"https:\/\/wilkens.be\/fr\/biotechnologie-et-biopharmaceutique\/\">\n\n\t\t\t\t\t\t\t\t\t\t\t\t<span class=\"elementor-icon-list-icon\">\n\t\t\t\t\t\t\t<i aria-hidden=\"true\" class=\"far fa-arrow-alt-circle-right\"><\/i>\t\t\t\t\t\t<\/span>\n\t\t\t\t\t\t\t\t\t\t<span class=\"elementor-icon-list-text\">Biotechnologie et Biopharmaceutique<\/span>\n\t\t\t\t\t\t\t\t\t\t\t<\/a>\n\t\t\t\t\t\t\t\t\t<\/li>\n\t\t\t\t\t\t\t\t<li class=\"elementor-icon-list-item\">\n\t\t\t\t\t\t\t\t\t\t\t<a href=\"https:\/\/wilkens.be\/fr\/recherche-clinique\/\">\n\n\t\t\t\t\t\t\t\t\t\t\t\t<span class=\"elementor-icon-list-icon\">\n\t\t\t\t\t\t\t<i aria-hidden=\"true\" class=\"far fa-arrow-alt-circle-right\"><\/i>\t\t\t\t\t\t<\/span>\n\t\t\t\t\t\t\t\t\t\t<span class=\"elementor-icon-list-text\">Recherche clinique<\/span>\n\t\t\t\t\t\t\t\t\t\t\t<\/a>\n\t\t\t\t\t\t\t\t\t<\/li>\n\t\t\t\t\t\t\t\t<li class=\"elementor-icon-list-item\">\n\t\t\t\t\t\t\t\t\t\t\t<a href=\"https:\/\/wilkens.be\/fr\/sciences-de-la-vie\/\">\n\n\t\t\t\t\t\t\t\t\t\t\t\t<span class=\"elementor-icon-list-icon\">\n\t\t\t\t\t\t\t<i aria-hidden=\"true\" class=\"far fa-arrow-alt-circle-right\"><\/i>\t\t\t\t\t\t<\/span>\n\t\t\t\t\t\t\t\t\t\t<span class=\"elementor-icon-list-text\">Sciences de la vie<\/span>\n\t\t\t\t\t\t\t\t\t\t\t<\/a>\n\t\t\t\t\t\t\t\t\t<\/li>\n\t\t\t\t\t\t\t\t<li class=\"elementor-icon-list-item\">\n\t\t\t\t\t\t\t\t\t\t\t<a href=\"https:\/\/wilkens.be\/fr\/dispositifs-medicaux\/\">\n\n\t\t\t\t\t\t\t\t\t\t\t\t<span class=\"elementor-icon-list-icon\">\n\t\t\t\t\t\t\t<i aria-hidden=\"true\" class=\"far fa-arrow-alt-circle-right\"><\/i>\t\t\t\t\t\t<\/span>\n\t\t\t\t\t\t\t\t\t\t<span class=\"elementor-icon-list-text\">Dispositifs m\u00e9dicaux<\/span>\n\t\t\t\t\t\t\t\t\t\t\t<\/a>\n\t\t\t\t\t\t\t\t\t<\/li>\n\t\t\t\t\t\t\t\t<li class=\"elementor-icon-list-item\">\n\t\t\t\t\t\t\t\t\t\t\t<a href=\"https:\/\/wilkens.be\/fr\/affaires-reglementaires\/\">\n\n\t\t\t\t\t\t\t\t\t\t\t\t<span class=\"elementor-icon-list-icon\">\n\t\t\t\t\t\t\t<i aria-hidden=\"true\" class=\"far fa-arrow-alt-circle-right\"><\/i>\t\t\t\t\t\t<\/span>\n\t\t\t\t\t\t\t\t\t\t<span class=\"elementor-icon-list-text\">Affaires r\u00e9glementaires<\/span>\n\t\t\t\t\t\t\t\t\t\t\t<\/a>\n\t\t\t\t\t\t\t\t\t<\/li>\n\t\t\t\t\t\t<\/ul>\n\t\t\t\t\t\t<\/div>\n\t\t\t\t<\/div>\n\t\t\t\t<div class=\"elementor-element elementor-element-72744b9 elementor-widget elementor-widget-heading\" data-id=\"72744b9\" data-element_type=\"widget\" data-widget_type=\"heading.default\">\n\t\t\t\t<div class=\"elementor-widget-container\">\n\t\t\t\t\t<h3 class=\"elementor-heading-title elementor-size-default\">Services<\/h3>\t\t\t\t<\/div>\n\t\t\t\t<\/div>\n\t\t\t\t<div class=\"elementor-element elementor-element-b930357 elementor-align-left elementor-list-item-link-inline elementor-widget__width-auto elementor-icon-list--layout-traditional elementor-widget elementor-widget-icon-list\" data-id=\"b930357\" data-element_type=\"widget\" data-widget_type=\"icon-list.default\">\n\t\t\t\t<div class=\"elementor-widget-container\">\n\t\t\t\t\t\t\t<ul class=\"elementor-icon-list-items\">\n\t\t\t\t\t\t\t<li class=\"elementor-icon-list-item\">\n\t\t\t\t\t\t\t\t\t\t\t<a href=\"https:\/\/wilkens.be\/fr\/traduction-et-pao\/\">\n\n\t\t\t\t\t\t\t\t\t\t\t\t<span class=\"elementor-icon-list-icon\">\n\t\t\t\t\t\t\t<i aria-hidden=\"true\" class=\"far fa-arrow-alt-circle-right\"><\/i>\t\t\t\t\t\t<\/span>\n\t\t\t\t\t\t\t\t\t\t<span class=\"elementor-icon-list-text\">Traduction et PAO<\/span>\n\t\t\t\t\t\t\t\t\t\t\t<\/a>\n\t\t\t\t\t\t\t\t\t<\/li>\n\t\t\t\t\t\t\t\t<li class=\"elementor-icon-list-item\">\n\t\t\t\t\t\t\t\t\t\t\t<a href=\"https:\/\/wilkens.be\/fr\/revision-dans-le-pays-cible\/\">\n\n\t\t\t\t\t\t\t\t\t\t\t\t<span class=\"elementor-icon-list-icon\">\n\t\t\t\t\t\t\t<i aria-hidden=\"true\" class=\"far fa-arrow-alt-circle-right\"><\/i>\t\t\t\t\t\t<\/span>\n\t\t\t\t\t\t\t\t\t\t<span class=\"elementor-icon-list-text\">R\u00e9vision dans le pays cible<\/span>\n\t\t\t\t\t\t\t\t\t\t\t<\/a>\n\t\t\t\t\t\t\t\t\t<\/li>\n\t\t\t\t\t\t\t\t<li class=\"elementor-icon-list-item\">\n\t\t\t\t\t\t\t\t\t\t\t<a href=\"https:\/\/wilkens.be\/fr\/controle-qualite-linguistique\/\">\n\n\t\t\t\t\t\t\t\t\t\t\t\t<span class=\"elementor-icon-list-icon\">\n\t\t\t\t\t\t\t<i aria-hidden=\"true\" class=\"far fa-arrow-alt-circle-right\"><\/i>\t\t\t\t\t\t<\/span>\n\t\t\t\t\t\t\t\t\t\t<span class=\"elementor-icon-list-text\">Contr\u00f4le qualit\u00e9 linguistique<\/span>\n\t\t\t\t\t\t\t\t\t\t\t<\/a>\n\t\t\t\t\t\t\t\t\t<\/li>\n\t\t\t\t\t\t\t\t<li class=\"elementor-icon-list-item\">\n\t\t\t\t\t\t\t\t\t\t\t<a href=\"https:\/\/wilkens.be\/fr\/validation-linguistique-et-tests-de-la-lisibilite\/\">\n\n\t\t\t\t\t\t\t\t\t\t\t\t<span class=\"elementor-icon-list-icon\">\n\t\t\t\t\t\t\t<i aria-hidden=\"true\" class=\"far fa-arrow-alt-circle-right\"><\/i>\t\t\t\t\t\t<\/span>\n\t\t\t\t\t\t\t\t\t\t<span class=\"elementor-icon-list-text\">Validation linguistique et tests de la lisibilit\u00e9<\/span>\n\t\t\t\t\t\t\t\t\t\t\t<\/a>\n\t\t\t\t\t\t\t\t\t<\/li>\n\t\t\t\t\t\t\t\t<li class=\"elementor-icon-list-item\">\n\t\t\t\t\t\t\t\t\t\t\t<a href=\"https:\/\/wilkens.be\/fr\/redaction-medicale\/\">\n\n\t\t\t\t\t\t\t\t\t\t\t\t<span class=\"elementor-icon-list-icon\">\n\t\t\t\t\t\t\t<i aria-hidden=\"true\" class=\"far fa-arrow-alt-circle-right\"><\/i>\t\t\t\t\t\t<\/span>\n\t\t\t\t\t\t\t\t\t\t<span class=\"elementor-icon-list-text\">R\u00e9daction m\u00e9dicale<\/span>\n\t\t\t\t\t\t\t\t\t\t\t<\/a>\n\t\t\t\t\t\t\t\t\t<\/li>\n\t\t\t\t\t\t\t\t<li class=\"elementor-icon-list-item\">\n\t\t\t\t\t\t\t\t\t\t\t<a href=\"https:\/\/wilkens.be\/fr\/projets-multilingues\/\">\n\n\t\t\t\t\t\t\t\t\t\t\t\t<span class=\"elementor-icon-list-icon\">\n\t\t\t\t\t\t\t<i aria-hidden=\"true\" class=\"far fa-arrow-alt-circle-right\"><\/i>\t\t\t\t\t\t<\/span>\n\t\t\t\t\t\t\t\t\t\t<span class=\"elementor-icon-list-text\">Projets multilingues<\/span>\n\t\t\t\t\t\t\t\t\t\t\t<\/a>\n\t\t\t\t\t\t\t\t\t<\/li>\n\t\t\t\t\t\t\t\t<li class=\"elementor-icon-list-item\">\n\t\t\t\t\t\t\t\t\t\t\t<a href=\"\/fr\/specialisations-en-traduction\/medical\/services\/traductions-non-medicales\/\">\n\n\t\t\t\t\t\t\t\t\t\t\t\t<span class=\"elementor-icon-list-icon\">\n\t\t\t\t\t\t\t<i aria-hidden=\"true\" class=\"far fa-arrow-alt-circle-right\"><\/i>\t\t\t\t\t\t<\/span>\n\t\t\t\t\t\t\t\t\t\t<span class=\"elementor-icon-list-text\">Traductions non m\u00e9dicales<\/span>\n\t\t\t\t\t\t\t\t\t\t\t<\/a>\n\t\t\t\t\t\t\t\t\t<\/li>\n\t\t\t\t\t\t\t\t<li class=\"elementor-icon-list-item\">\n\t\t\t\t\t\t\t\t\t\t\t<a href=\"\/fr\/specialisations-en-traduction\/medical\/services\/traductions-abordables-pour-le-patient\/\">\n\n\t\t\t\t\t\t\t\t\t\t\t\t<span class=\"elementor-icon-list-icon\">\n\t\t\t\t\t\t\t<i aria-hidden=\"true\" class=\"far fa-arrow-alt-circle-right\"><\/i>\t\t\t\t\t\t<\/span>\n\t\t\t\t\t\t\t\t\t\t<span class=\"elementor-icon-list-text\">Traductions abordables pour le patient<\/span>\n\t\t\t\t\t\t\t\t\t\t\t<\/a>\n\t\t\t\t\t\t\t\t\t<\/li>\n\t\t\t\t\t\t\t\t<li class=\"elementor-icon-list-item\">\n\t\t\t\t\t\t\t\t\t\t\t<a href=\"\/fr\/specialisations-en-traduction\/medical\/services\/retro-traduction\/\">\n\n\t\t\t\t\t\t\t\t\t\t\t\t<span class=\"elementor-icon-list-icon\">\n\t\t\t\t\t\t\t<i aria-hidden=\"true\" class=\"far fa-arrow-alt-circle-right\"><\/i>\t\t\t\t\t\t<\/span>\n\t\t\t\t\t\t\t\t\t\t<span class=\"elementor-icon-list-text\">R\u00e9tro-traduction<\/span>\n\t\t\t\t\t\t\t\t\t\t\t<\/a>\n\t\t\t\t\t\t\t\t\t<\/li>\n\t\t\t\t\t\t<\/ul>\n\t\t\t\t\t\t<\/div>\n\t\t\t\t<\/div>\n\t\t\t\t\t<\/div>\n\t\t<\/div>\n\t\t\t\t\t<\/div>\n\t\t<\/section>\n\t\t\t\t\t<\/div>\n\t\t<\/div>\n\t\t\t\t\t<\/div>\n\t\t<\/section>\n\t\t\t\t<\/div>\n\t\t","protected":false},"excerpt":{"rendered":"<p>Gr\u00e2ce \u00e0 ses traducteurs experts et \u00e0 sa gestion de projet professionnelle, Wilkens c.s. Medical Translations peut prendre en charge l\u2019introduction et la certification simultan\u00e9es de dispositifs m\u00e9dicaux dans plusieurs pays. En outre, le multilinguisme n\u2019influence pas la dur\u00e9e de r\u00e9alisation de votre traduction. Ainsi, nous traduisons r\u00e9guli\u00e8rement des modes d\u2019emploi dans 28 langues en [&hellip;]<\/p>\n","protected":false},"author":9,"featured_media":0,"parent":5249,"menu_order":0,"comment_status":"closed","ping_status":"closed","template":"","meta":{"footnotes":""},"class_list":["post-4127","page","type-page","status-publish","hentry"],"yoast_head":"<!-- This site is optimized with the Yoast SEO plugin v27.5 - https:\/\/yoast.com\/product\/yoast-seo-wordpress\/ -->\n<title>Projets multilingues | Wilkens c.s. Medical Translations<\/title>\n<meta name=\"description\" content=\"Wilkens c.s. Medical Translations fournit des services linguistiques compl\u00e9mentaires, aux projets multilingues.\" \/>\n<meta name=\"robots\" content=\"index, follow, max-snippet:-1, max-image-preview:large, max-video-preview:-1\" \/>\n<link rel=\"canonical\" href=\"https:\/\/wilkens.be\/fr\/specialisations-en-traduction\/traductions-medicales\/services\/projets-multilingues\/\" \/>\n<meta property=\"og:locale\" content=\"fr_FR\" \/>\n<meta property=\"og:type\" content=\"article\" \/>\n<meta property=\"og:title\" content=\"Projets multilingues | Wilkens c.s. Medical Translations\" \/>\n<meta property=\"og:description\" content=\"Wilkens c.s. Medical Translations fournit des services linguistiques compl\u00e9mentaires, aux projets multilingues.\" \/>\n<meta property=\"og:url\" content=\"https:\/\/wilkens.be\/fr\/specialisations-en-traduction\/traductions-medicales\/services\/projets-multilingues\/\" \/>\n<meta property=\"og:site_name\" content=\"Wilkens c.s.\" \/>\n<meta property=\"article:modified_time\" content=\"2023-09-07T08:53:51+00:00\" \/>\n<meta property=\"og:image\" content=\"https:\/\/wilkens.be\/wp-content\/uploads\/2023\/02\/Logo_Wilkens_CS_Medical_outline.png\" \/>\n<meta name=\"twitter:card\" content=\"summary_large_image\" \/>\n<meta name=\"twitter:label1\" content=\"Dur\u00e9e de lecture estim\u00e9e\" \/>\n\t<meta name=\"twitter:data1\" content=\"1 minute\" \/>\n<script type=\"application\/ld+json\" class=\"yoast-schema-graph\">{\"@context\":\"https:\\\/\\\/schema.org\",\"@graph\":[{\"@type\":\"WebPage\",\"@id\":\"https:\\\/\\\/wilkens.be\\\/fr\\\/specialisations-en-traduction\\\/traductions-medicales\\\/services\\\/projets-multilingues\\\/\",\"url\":\"https:\\\/\\\/wilkens.be\\\/fr\\\/specialisations-en-traduction\\\/traductions-medicales\\\/services\\\/projets-multilingues\\\/\",\"name\":\"Projets multilingues | Wilkens c.s. Medical Translations\",\"isPartOf\":{\"@id\":\"https:\\\/\\\/wilkens.be\\\/fr\\\/#website\"},\"primaryImageOfPage\":{\"@id\":\"https:\\\/\\\/wilkens.be\\\/fr\\\/specialisations-en-traduction\\\/traductions-medicales\\\/services\\\/projets-multilingues\\\/#primaryimage\"},\"image\":{\"@id\":\"https:\\\/\\\/wilkens.be\\\/fr\\\/specialisations-en-traduction\\\/traductions-medicales\\\/services\\\/projets-multilingues\\\/#primaryimage\"},\"thumbnailUrl\":\"https:\\\/\\\/wilkens.be\\\/wp-content\\\/uploads\\\/2023\\\/02\\\/Logo_Wilkens_CS_Medical_outline.png\",\"datePublished\":\"2023-02-01T12:52:00+00:00\",\"dateModified\":\"2023-09-07T08:53:51+00:00\",\"description\":\"Wilkens c.s. Medical Translations fournit des services linguistiques compl\u00e9mentaires, aux projets multilingues.\",\"breadcrumb\":{\"@id\":\"https:\\\/\\\/wilkens.be\\\/fr\\\/specialisations-en-traduction\\\/traductions-medicales\\\/services\\\/projets-multilingues\\\/#breadcrumb\"},\"inLanguage\":\"fr-FR\",\"potentialAction\":[{\"@type\":\"ReadAction\",\"target\":[\"https:\\\/\\\/wilkens.be\\\/fr\\\/specialisations-en-traduction\\\/traductions-medicales\\\/services\\\/projets-multilingues\\\/\"]}]},{\"@type\":\"ImageObject\",\"inLanguage\":\"fr-FR\",\"@id\":\"https:\\\/\\\/wilkens.be\\\/fr\\\/specialisations-en-traduction\\\/traductions-medicales\\\/services\\\/projets-multilingues\\\/#primaryimage\",\"url\":\"https:\\\/\\\/wilkens.be\\\/wp-content\\\/uploads\\\/2023\\\/02\\\/Logo_Wilkens_CS_Medical_outline.png\",\"contentUrl\":\"https:\\\/\\\/wilkens.be\\\/wp-content\\\/uploads\\\/2023\\\/02\\\/Logo_Wilkens_CS_Medical_outline.png\"},{\"@type\":\"BreadcrumbList\",\"@id\":\"https:\\\/\\\/wilkens.be\\\/fr\\\/specialisations-en-traduction\\\/traductions-medicales\\\/services\\\/projets-multilingues\\\/#breadcrumb\",\"itemListElement\":[{\"@type\":\"ListItem\",\"position\":1,\"name\":\"Home\",\"item\":\"https:\\\/\\\/wilkens.be\\\/fr\\\/\"},{\"@type\":\"ListItem\",\"position\":2,\"name\":\"Sp\u00e9cialisations en traduction\",\"item\":\"https:\\\/\\\/wilkens.be\\\/fr\\\/specialisations-en-traduction\\\/\"},{\"@type\":\"ListItem\",\"position\":3,\"name\":\"M\u00e9dical\",\"item\":\"https:\\\/\\\/wilkens.be\\\/fr\\\/specialisations-en-traduction\\\/traductions-medicales\\\/\"},{\"@type\":\"ListItem\",\"position\":4,\"name\":\"Services\",\"item\":\"https:\\\/\\\/wilkens.be\\\/fr\\\/specialisations-en-traduction\\\/traductions-medicales\\\/services\\\/\"},{\"@type\":\"ListItem\",\"position\":5,\"name\":\"Projets multilingues\"}]},{\"@type\":\"WebSite\",\"@id\":\"https:\\\/\\\/wilkens.be\\\/fr\\\/#website\",\"url\":\"https:\\\/\\\/wilkens.be\\\/fr\\\/\",\"name\":\"Wilkens c.s.\",\"description\":\"\",\"publisher\":{\"@id\":\"https:\\\/\\\/wilkens.be\\\/fr\\\/#organization\"},\"potentialAction\":[{\"@type\":\"SearchAction\",\"target\":{\"@type\":\"EntryPoint\",\"urlTemplate\":\"https:\\\/\\\/wilkens.be\\\/fr\\\/?s={search_term_string}\"},\"query-input\":{\"@type\":\"PropertyValueSpecification\",\"valueRequired\":true,\"valueName\":\"search_term_string\"}}],\"inLanguage\":\"fr-FR\"},{\"@type\":\"Organization\",\"@id\":\"https:\\\/\\\/wilkens.be\\\/fr\\\/#organization\",\"name\":\"Wilkens c.s.\",\"url\":\"https:\\\/\\\/wilkens.be\\\/fr\\\/\",\"logo\":{\"@type\":\"ImageObject\",\"inLanguage\":\"fr-FR\",\"@id\":\"https:\\\/\\\/wilkens.be\\\/fr\\\/#\\\/schema\\\/logo\\\/image\\\/\",\"url\":\"https:\\\/\\\/wilkens.be\\\/wp-content\\\/uploads\\\/2022\\\/04\\\/Logo_Wilkens.png\",\"contentUrl\":\"https:\\\/\\\/wilkens.be\\\/wp-content\\\/uploads\\\/2022\\\/04\\\/Logo_Wilkens.png\",\"width\":500,\"height\":111,\"caption\":\"Wilkens c.s.\"},\"image\":{\"@id\":\"https:\\\/\\\/wilkens.be\\\/fr\\\/#\\\/schema\\\/logo\\\/image\\\/\"}}]}<\/script>\n<!-- \/ Yoast SEO plugin. -->","yoast_head_json":{"title":"Projets multilingues | Wilkens c.s. Medical Translations","description":"Wilkens c.s. Medical Translations fournit des services linguistiques compl\u00e9mentaires, aux projets multilingues.","robots":{"index":"index","follow":"follow","max-snippet":"max-snippet:-1","max-image-preview":"max-image-preview:large","max-video-preview":"max-video-preview:-1"},"canonical":"https:\/\/wilkens.be\/fr\/specialisations-en-traduction\/traductions-medicales\/services\/projets-multilingues\/","og_locale":"fr_FR","og_type":"article","og_title":"Projets multilingues | Wilkens c.s. Medical Translations","og_description":"Wilkens c.s. Medical Translations fournit des services linguistiques compl\u00e9mentaires, aux projets multilingues.","og_url":"https:\/\/wilkens.be\/fr\/specialisations-en-traduction\/traductions-medicales\/services\/projets-multilingues\/","og_site_name":"Wilkens c.s.","article_modified_time":"2023-09-07T08:53:51+00:00","og_image":[{"url":"https:\/\/wilkens.be\/wp-content\/uploads\/2023\/02\/Logo_Wilkens_CS_Medical_outline.png","type":"","width":"","height":""}],"twitter_card":"summary_large_image","twitter_misc":{"Dur\u00e9e de lecture estim\u00e9e":"1 minute"},"schema":{"@context":"https:\/\/schema.org","@graph":[{"@type":"WebPage","@id":"https:\/\/wilkens.be\/fr\/specialisations-en-traduction\/traductions-medicales\/services\/projets-multilingues\/","url":"https:\/\/wilkens.be\/fr\/specialisations-en-traduction\/traductions-medicales\/services\/projets-multilingues\/","name":"Projets multilingues | Wilkens c.s. Medical Translations","isPartOf":{"@id":"https:\/\/wilkens.be\/fr\/#website"},"primaryImageOfPage":{"@id":"https:\/\/wilkens.be\/fr\/specialisations-en-traduction\/traductions-medicales\/services\/projets-multilingues\/#primaryimage"},"image":{"@id":"https:\/\/wilkens.be\/fr\/specialisations-en-traduction\/traductions-medicales\/services\/projets-multilingues\/#primaryimage"},"thumbnailUrl":"https:\/\/wilkens.be\/wp-content\/uploads\/2023\/02\/Logo_Wilkens_CS_Medical_outline.png","datePublished":"2023-02-01T12:52:00+00:00","dateModified":"2023-09-07T08:53:51+00:00","description":"Wilkens c.s. Medical Translations fournit des services linguistiques compl\u00e9mentaires, aux projets multilingues.","breadcrumb":{"@id":"https:\/\/wilkens.be\/fr\/specialisations-en-traduction\/traductions-medicales\/services\/projets-multilingues\/#breadcrumb"},"inLanguage":"fr-FR","potentialAction":[{"@type":"ReadAction","target":["https:\/\/wilkens.be\/fr\/specialisations-en-traduction\/traductions-medicales\/services\/projets-multilingues\/"]}]},{"@type":"ImageObject","inLanguage":"fr-FR","@id":"https:\/\/wilkens.be\/fr\/specialisations-en-traduction\/traductions-medicales\/services\/projets-multilingues\/#primaryimage","url":"https:\/\/wilkens.be\/wp-content\/uploads\/2023\/02\/Logo_Wilkens_CS_Medical_outline.png","contentUrl":"https:\/\/wilkens.be\/wp-content\/uploads\/2023\/02\/Logo_Wilkens_CS_Medical_outline.png"},{"@type":"BreadcrumbList","@id":"https:\/\/wilkens.be\/fr\/specialisations-en-traduction\/traductions-medicales\/services\/projets-multilingues\/#breadcrumb","itemListElement":[{"@type":"ListItem","position":1,"name":"Home","item":"https:\/\/wilkens.be\/fr\/"},{"@type":"ListItem","position":2,"name":"Sp\u00e9cialisations en traduction","item":"https:\/\/wilkens.be\/fr\/specialisations-en-traduction\/"},{"@type":"ListItem","position":3,"name":"M\u00e9dical","item":"https:\/\/wilkens.be\/fr\/specialisations-en-traduction\/traductions-medicales\/"},{"@type":"ListItem","position":4,"name":"Services","item":"https:\/\/wilkens.be\/fr\/specialisations-en-traduction\/traductions-medicales\/services\/"},{"@type":"ListItem","position":5,"name":"Projets multilingues"}]},{"@type":"WebSite","@id":"https:\/\/wilkens.be\/fr\/#website","url":"https:\/\/wilkens.be\/fr\/","name":"Wilkens c.s.","description":"","publisher":{"@id":"https:\/\/wilkens.be\/fr\/#organization"},"potentialAction":[{"@type":"SearchAction","target":{"@type":"EntryPoint","urlTemplate":"https:\/\/wilkens.be\/fr\/?s={search_term_string}"},"query-input":{"@type":"PropertyValueSpecification","valueRequired":true,"valueName":"search_term_string"}}],"inLanguage":"fr-FR"},{"@type":"Organization","@id":"https:\/\/wilkens.be\/fr\/#organization","name":"Wilkens c.s.","url":"https:\/\/wilkens.be\/fr\/","logo":{"@type":"ImageObject","inLanguage":"fr-FR","@id":"https:\/\/wilkens.be\/fr\/#\/schema\/logo\/image\/","url":"https:\/\/wilkens.be\/wp-content\/uploads\/2022\/04\/Logo_Wilkens.png","contentUrl":"https:\/\/wilkens.be\/wp-content\/uploads\/2022\/04\/Logo_Wilkens.png","width":500,"height":111,"caption":"Wilkens c.s."},"image":{"@id":"https:\/\/wilkens.be\/fr\/#\/schema\/logo\/image\/"}}]}},"_links":{"self":[{"href":"https:\/\/wilkens.be\/fr\/wp-json\/wp\/v2\/pages\/4127","targetHints":{"allow":["GET"]}}],"collection":[{"href":"https:\/\/wilkens.be\/fr\/wp-json\/wp\/v2\/pages"}],"about":[{"href":"https:\/\/wilkens.be\/fr\/wp-json\/wp\/v2\/types\/page"}],"author":[{"embeddable":true,"href":"https:\/\/wilkens.be\/fr\/wp-json\/wp\/v2\/users\/9"}],"replies":[{"embeddable":true,"href":"https:\/\/wilkens.be\/fr\/wp-json\/wp\/v2\/comments?post=4127"}],"version-history":[{"count":5,"href":"https:\/\/wilkens.be\/fr\/wp-json\/wp\/v2\/pages\/4127\/revisions"}],"predecessor-version":[{"id":6601,"href":"https:\/\/wilkens.be\/fr\/wp-json\/wp\/v2\/pages\/4127\/revisions\/6601"}],"up":[{"embeddable":true,"href":"https:\/\/wilkens.be\/fr\/wp-json\/wp\/v2\/pages\/5249"}],"wp:attachment":[{"href":"https:\/\/wilkens.be\/fr\/wp-json\/wp\/v2\/media?parent=4127"}],"curies":[{"name":"wp","href":"https:\/\/api.w.org\/{rel}","templated":true}]}}