{"id":4048,"date":"2023-02-01T09:44:06","date_gmt":"2023-02-01T08:44:06","guid":{"rendered":"https:\/\/bewilk-kwinyashe.savviihq.com\/sciences-de-la-vie\/"},"modified":"2023-09-07T09:14:43","modified_gmt":"2023-09-07T08:14:43","slug":"sciences-de-la-vie","status":"publish","type":"page","link":"https:\/\/wilkens.be\/fr\/sciences-de-la-vie\/","title":{"rendered":"Sciences de la vie"},"content":{"rendered":"\t\t<div data-elementor-type=\"wp-page\" data-elementor-id=\"4048\" class=\"elementor elementor-4048 elementor-3030\" data-elementor-post-type=\"page\">\n\t\t\t\t\t\t<section class=\"elementor-section elementor-top-section elementor-element elementor-element-10412d50 elementor-section-boxed elementor-section-height-default elementor-section-height-default\" data-id=\"10412d50\" data-element_type=\"section\" data-settings=\"{&quot;background_background&quot;:&quot;classic&quot;}\">\n\t\t\t\t\t\t\t<div class=\"elementor-background-overlay\"><\/div>\n\t\t\t\t\t\t\t<div class=\"elementor-container elementor-column-gap-default\">\n\t\t\t\t\t<div class=\"elementor-column elementor-col-100 elementor-top-column elementor-element elementor-element-13a2edcf\" data-id=\"13a2edcf\" data-element_type=\"column\">\n\t\t\t<div class=\"elementor-widget-wrap elementor-element-populated\">\n\t\t\t\t\t\t\t<\/div>\n\t\t<\/div>\n\t\t\t\t\t<\/div>\n\t\t<\/section>\n\t\t\t\t<section class=\"elementor-section elementor-top-section elementor-element elementor-element-5f2ba9e7 elementor-section-boxed elementor-section-height-default elementor-section-height-default\" data-id=\"5f2ba9e7\" data-element_type=\"section\">\n\t\t\t\t\t\t<div class=\"elementor-container elementor-column-gap-default\">\n\t\t\t\t\t<div class=\"elementor-column elementor-col-100 elementor-top-column elementor-element elementor-element-b9c9cb1\" data-id=\"b9c9cb1\" data-element_type=\"column\">\n\t\t\t<div class=\"elementor-widget-wrap elementor-element-populated\">\n\t\t\t\t\t\t<div class=\"elementor-element elementor-element-1f44cd12 elementor-widget elementor-widget-image\" data-id=\"1f44cd12\" data-element_type=\"widget\" data-widget_type=\"image.default\">\n\t\t\t\t<div class=\"elementor-widget-container\">\n\t\t\t\t\t\t\t\t\t\t\t\t\t\t\t\t<a href=\"\/fr\/specialisations-en-traduction\/medical\/\">\n\t\t\t\t\t\t\t<img decoding=\"async\" src=\"https:\/\/wilkens.be\/wp-content\/uploads\/2023\/02\/Logo_Wilkens_CS_Medical_outline.png\" title=\"\" alt=\"\" loading=\"lazy\" \/>\t\t\t\t\t\t\t\t<\/a>\n\t\t\t\t\t\t\t\t\t\t\t\t\t\t\t<\/div>\n\t\t\t\t<\/div>\n\t\t\t\t\t<\/div>\n\t\t<\/div>\n\t\t\t\t\t<\/div>\n\t\t<\/section>\n\t\t\t\t<section class=\"elementor-section elementor-top-section elementor-element elementor-element-6a44bf91 elementor-reverse-mobile elementor-section-boxed elementor-section-height-default elementor-section-height-default\" data-id=\"6a44bf91\" data-element_type=\"section\">\n\t\t\t\t\t\t<div class=\"elementor-container elementor-column-gap-default\">\n\t\t\t\t\t<div class=\"elementor-column elementor-col-50 elementor-top-column elementor-element elementor-element-5e03a56e\" data-id=\"5e03a56e\" data-element_type=\"column\">\n\t\t\t<div class=\"elementor-widget-wrap elementor-element-populated\">\n\t\t\t\t\t\t<div class=\"elementor-element elementor-element-3f4a792b elementor-widget elementor-widget-text-editor\" data-id=\"3f4a792b\" data-element_type=\"widget\" data-widget_type=\"text-editor.default\">\n\t\t\t\t<div class=\"elementor-widget-container\">\n\t\t\t\t\t\t\t\t\t<p>Le secteur m\u00e9dical est un des secteurs o\u00f9 l\u2019orientation internationale est la plus marqu\u00e9e. D\u2019importants investissements sont consentis dans la recherche et le d\u00e9veloppement de dispositifs m\u00e9dicaux et de produits pharmaceutiques. Afin que ces investissements soient rentables, la plupart des entreprises du secteur des sciences de la vie sont actives dans le monde entier. Dans l\u2019ensemble, elles r\u00e9alisent plus de 50% de leur chiffre d\u2019affaires \u00e0 l\u2019\u00e9tranger.<\/p>\n<p>Parall\u00e8lement, les activit\u00e9s du secteur m\u00e9dical sont soumises \u00e0 des lois et r\u00e9glementations strictes qui, en d\u00e9pit de l\u2019harmonisation europ\u00e9enne croissante, peuvent diff\u00e9rer d\u2019un pays \u00e0 l\u2019autre. C\u2019est le cas des activit\u00e9s de recherche et de d\u00e9veloppement, mais aussi des documents destin\u00e9s aux utilisateurs, des emballages et du mat\u00e9riel de marketing.<\/p>\n<p>Un partenaire fiable en mati\u00e8re de communication internationale peut faire la diff\u00e9rence sur ce march\u00e9 complexe. Wilkens c.s. Medical Translations est ce partenaire. Nous nous consacrons pleinement aux sciences de la vie et proposons des services de traduction, de r\u00e9daction m\u00e9dicale et d\u2019interpr\u00e9tation, mais aussi un large \u00e9ventail de services compl\u00e9mentaires. Nos services sont certifi\u00e9s ISO et satisfont aux normes de qualit\u00e9 les plus \u00e9lev\u00e9es.<\/p>\n\t\t\t\t\t\t\t\t<\/div>\n\t\t\t\t<\/div>\n\t\t\t\t<div class=\"elementor-element elementor-element-57ddde2e elementor-align-left elementor-widget elementor-widget-button\" data-id=\"57ddde2e\" data-element_type=\"widget\" data-widget_type=\"button.default\">\n\t\t\t\t<div class=\"elementor-widget-container\">\n\t\t\t\t\t\t\t\t\t<div class=\"elementor-button-wrapper\">\n\t\t\t\t\t<a class=\"elementor-button elementor-button-link elementor-size-md\" href=\"\/fr\/citation-2\/\">\n\t\t\t\t\t\t<span class=\"elementor-button-content-wrapper\">\n\t\t\t\t\t\t\t\t\t<span class=\"elementor-button-text\">Demandez une offre<\/span>\n\t\t\t\t\t<\/span>\n\t\t\t\t\t<\/a>\n\t\t\t\t<\/div>\n\t\t\t\t\t\t\t\t<\/div>\n\t\t\t\t<\/div>\n\t\t\t\t\t<\/div>\n\t\t<\/div>\n\t\t\t\t<div class=\"elementor-column elementor-col-50 elementor-top-column elementor-element elementor-element-6186f91c elementor-hidden-mobile\" data-id=\"6186f91c\" data-element_type=\"column\" data-settings=\"{&quot;background_background&quot;:&quot;classic&quot;}\">\n\t\t\t<div class=\"elementor-widget-wrap elementor-element-populated\">\n\t\t\t\t\t\t<section class=\"elementor-section elementor-inner-section elementor-element elementor-element-5b07e9bc elementor-section-boxed elementor-section-height-default elementor-section-height-default\" data-id=\"5b07e9bc\" data-element_type=\"section\" data-settings=\"{&quot;background_background&quot;:&quot;classic&quot;}\">\n\t\t\t\t\t\t<div class=\"elementor-container elementor-column-gap-default\">\n\t\t\t\t\t<div class=\"elementor-column elementor-col-100 elementor-inner-column elementor-element elementor-element-16aec0a\" data-id=\"16aec0a\" data-element_type=\"column\">\n\t\t\t<div class=\"elementor-widget-wrap elementor-element-populated\">\n\t\t\t\t\t\t<div class=\"elementor-element elementor-element-96274c7 elementor-widget elementor-widget-heading\" data-id=\"96274c7\" data-element_type=\"widget\" data-widget_type=\"heading.default\">\n\t\t\t\t<div class=\"elementor-widget-container\">\n\t\t\t\t\t<h3 class=\"elementor-heading-title elementor-size-default\">Traductions m\u00e9dicales<\/h3>\t\t\t\t<\/div>\n\t\t\t\t<\/div>\n\t\t\t\t<div class=\"elementor-element elementor-element-247ac1d elementor-align-left elementor-list-item-link-inline elementor-widget__width-auto elementor-icon-list--layout-traditional elementor-widget elementor-widget-icon-list\" data-id=\"247ac1d\" data-element_type=\"widget\" data-widget_type=\"icon-list.default\">\n\t\t\t\t<div class=\"elementor-widget-container\">\n\t\t\t\t\t\t\t<ul class=\"elementor-icon-list-items\">\n\t\t\t\t\t\t\t<li class=\"elementor-icon-list-item\">\n\t\t\t\t\t\t\t\t\t\t\t<a href=\"\/fr\/sante-animale\/\">\n\n\t\t\t\t\t\t\t\t\t\t\t\t<span class=\"elementor-icon-list-icon\">\n\t\t\t\t\t\t\t<i aria-hidden=\"true\" class=\"far fa-arrow-alt-circle-right\"><\/i>\t\t\t\t\t\t<\/span>\n\t\t\t\t\t\t\t\t\t\t<span class=\"elementor-icon-list-text\">Sant\u00e9 animale<\/span>\n\t\t\t\t\t\t\t\t\t\t\t<\/a>\n\t\t\t\t\t\t\t\t\t<\/li>\n\t\t\t\t\t\t\t\t<li class=\"elementor-icon-list-item\">\n\t\t\t\t\t\t\t\t\t\t\t<a href=\"\/fr\/biotechnologie-et-biopharmaceutique\/\">\n\n\t\t\t\t\t\t\t\t\t\t\t\t<span class=\"elementor-icon-list-icon\">\n\t\t\t\t\t\t\t<i aria-hidden=\"true\" class=\"far fa-arrow-alt-circle-right\"><\/i>\t\t\t\t\t\t<\/span>\n\t\t\t\t\t\t\t\t\t\t<span class=\"elementor-icon-list-text\">Biotechnologie et Biopharmaceutique<\/span>\n\t\t\t\t\t\t\t\t\t\t\t<\/a>\n\t\t\t\t\t\t\t\t\t<\/li>\n\t\t\t\t\t\t\t\t<li class=\"elementor-icon-list-item\">\n\t\t\t\t\t\t\t\t\t\t\t<a href=\"\/fr\/recherche-clinique\/\">\n\n\t\t\t\t\t\t\t\t\t\t\t\t<span class=\"elementor-icon-list-icon\">\n\t\t\t\t\t\t\t<i aria-hidden=\"true\" class=\"far fa-arrow-alt-circle-right\"><\/i>\t\t\t\t\t\t<\/span>\n\t\t\t\t\t\t\t\t\t\t<span class=\"elementor-icon-list-text\">Recherche clinique<\/span>\n\t\t\t\t\t\t\t\t\t\t\t<\/a>\n\t\t\t\t\t\t\t\t\t<\/li>\n\t\t\t\t\t\t\t\t<li class=\"elementor-icon-list-item\">\n\t\t\t\t\t\t\t\t\t\t\t<a href=\"\/fr\/sciences-de-la-vie\/\">\n\n\t\t\t\t\t\t\t\t\t\t\t\t<span class=\"elementor-icon-list-icon\">\n\t\t\t\t\t\t\t<i aria-hidden=\"true\" class=\"far fa-arrow-alt-circle-right\"><\/i>\t\t\t\t\t\t<\/span>\n\t\t\t\t\t\t\t\t\t\t<span class=\"elementor-icon-list-text\">Sciences de la vie<\/span>\n\t\t\t\t\t\t\t\t\t\t\t<\/a>\n\t\t\t\t\t\t\t\t\t<\/li>\n\t\t\t\t\t\t\t\t<li class=\"elementor-icon-list-item\">\n\t\t\t\t\t\t\t\t\t\t\t<a href=\"\/fr\/dispositifs-medicaux\/\">\n\n\t\t\t\t\t\t\t\t\t\t\t\t<span class=\"elementor-icon-list-icon\">\n\t\t\t\t\t\t\t<i aria-hidden=\"true\" class=\"far fa-arrow-alt-circle-right\"><\/i>\t\t\t\t\t\t<\/span>\n\t\t\t\t\t\t\t\t\t\t<span class=\"elementor-icon-list-text\">Dispositifs m\u00e9dicaux<\/span>\n\t\t\t\t\t\t\t\t\t\t\t<\/a>\n\t\t\t\t\t\t\t\t\t<\/li>\n\t\t\t\t\t\t\t\t<li class=\"elementor-icon-list-item\">\n\t\t\t\t\t\t\t\t\t\t\t<a href=\"\/fr\/affaires-reglementaires\/\">\n\n\t\t\t\t\t\t\t\t\t\t\t\t<span class=\"elementor-icon-list-icon\">\n\t\t\t\t\t\t\t<i aria-hidden=\"true\" class=\"far fa-arrow-alt-circle-right\"><\/i>\t\t\t\t\t\t<\/span>\n\t\t\t\t\t\t\t\t\t\t<span class=\"elementor-icon-list-text\">Affaires r\u00e9glementaires<\/span>\n\t\t\t\t\t\t\t\t\t\t\t<\/a>\n\t\t\t\t\t\t\t\t\t<\/li>\n\t\t\t\t\t\t<\/ul>\n\t\t\t\t\t\t<\/div>\n\t\t\t\t<\/div>\n\t\t\t\t<div class=\"elementor-element elementor-element-5c41b46 elementor-widget elementor-widget-heading\" data-id=\"5c41b46\" data-element_type=\"widget\" data-widget_type=\"heading.default\">\n\t\t\t\t<div class=\"elementor-widget-container\">\n\t\t\t\t\t<h3 class=\"elementor-heading-title elementor-size-default\">Services<\/h3>\t\t\t\t<\/div>\n\t\t\t\t<\/div>\n\t\t\t\t<div class=\"elementor-element elementor-element-92966bb elementor-align-left elementor-list-item-link-inline elementor-widget__width-auto elementor-icon-list--layout-traditional elementor-widget elementor-widget-icon-list\" data-id=\"92966bb\" data-element_type=\"widget\" data-widget_type=\"icon-list.default\">\n\t\t\t\t<div class=\"elementor-widget-container\">\n\t\t\t\t\t\t\t<ul class=\"elementor-icon-list-items\">\n\t\t\t\t\t\t\t<li class=\"elementor-icon-list-item\">\n\t\t\t\t\t\t\t\t\t\t\t<a href=\"\/fr\/traduction-et-pao\/\">\n\n\t\t\t\t\t\t\t\t\t\t\t\t<span class=\"elementor-icon-list-icon\">\n\t\t\t\t\t\t\t<i aria-hidden=\"true\" class=\"far fa-arrow-alt-circle-right\"><\/i>\t\t\t\t\t\t<\/span>\n\t\t\t\t\t\t\t\t\t\t<span class=\"elementor-icon-list-text\">Traduction et PAO<\/span>\n\t\t\t\t\t\t\t\t\t\t\t<\/a>\n\t\t\t\t\t\t\t\t\t<\/li>\n\t\t\t\t\t\t\t\t<li class=\"elementor-icon-list-item\">\n\t\t\t\t\t\t\t\t\t\t\t<a href=\"\/fr\/revision-dans-le-pays-cible\/\">\n\n\t\t\t\t\t\t\t\t\t\t\t\t<span class=\"elementor-icon-list-icon\">\n\t\t\t\t\t\t\t<i aria-hidden=\"true\" class=\"far fa-arrow-alt-circle-right\"><\/i>\t\t\t\t\t\t<\/span>\n\t\t\t\t\t\t\t\t\t\t<span class=\"elementor-icon-list-text\">R\u00e9vision dans le pays cible<\/span>\n\t\t\t\t\t\t\t\t\t\t\t<\/a>\n\t\t\t\t\t\t\t\t\t<\/li>\n\t\t\t\t\t\t\t\t<li class=\"elementor-icon-list-item\">\n\t\t\t\t\t\t\t\t\t\t\t<a href=\"\/fr\/controle-qualite-linguistique\/\">\n\n\t\t\t\t\t\t\t\t\t\t\t\t<span class=\"elementor-icon-list-icon\">\n\t\t\t\t\t\t\t<i aria-hidden=\"true\" class=\"far fa-arrow-alt-circle-right\"><\/i>\t\t\t\t\t\t<\/span>\n\t\t\t\t\t\t\t\t\t\t<span class=\"elementor-icon-list-text\">Contr\u00f4le qualit\u00e9 linguistique<\/span>\n\t\t\t\t\t\t\t\t\t\t\t<\/a>\n\t\t\t\t\t\t\t\t\t<\/li>\n\t\t\t\t\t\t\t\t<li class=\"elementor-icon-list-item\">\n\t\t\t\t\t\t\t\t\t\t\t<a href=\"\/fr\/validation-linguistique-et-tests-de-la-lisibilite\/\">\n\n\t\t\t\t\t\t\t\t\t\t\t\t<span class=\"elementor-icon-list-icon\">\n\t\t\t\t\t\t\t<i aria-hidden=\"true\" class=\"far fa-arrow-alt-circle-right\"><\/i>\t\t\t\t\t\t<\/span>\n\t\t\t\t\t\t\t\t\t\t<span class=\"elementor-icon-list-text\">Validation linguistique et tests de la lisibilit\u00e9<\/span>\n\t\t\t\t\t\t\t\t\t\t\t<\/a>\n\t\t\t\t\t\t\t\t\t<\/li>\n\t\t\t\t\t\t\t\t<li class=\"elementor-icon-list-item\">\n\t\t\t\t\t\t\t\t\t\t\t<a href=\"\/fr\/redaction-medicale\/\">\n\n\t\t\t\t\t\t\t\t\t\t\t\t<span class=\"elementor-icon-list-icon\">\n\t\t\t\t\t\t\t<i aria-hidden=\"true\" class=\"far fa-arrow-alt-circle-right\"><\/i>\t\t\t\t\t\t<\/span>\n\t\t\t\t\t\t\t\t\t\t<span class=\"elementor-icon-list-text\">R\u00e9daction m\u00e9dicale<\/span>\n\t\t\t\t\t\t\t\t\t\t\t<\/a>\n\t\t\t\t\t\t\t\t\t<\/li>\n\t\t\t\t\t\t\t\t<li class=\"elementor-icon-list-item\">\n\t\t\t\t\t\t\t\t\t\t\t<a href=\"\/fr\/projets-multilingues\/\">\n\n\t\t\t\t\t\t\t\t\t\t\t\t<span class=\"elementor-icon-list-icon\">\n\t\t\t\t\t\t\t<i aria-hidden=\"true\" class=\"far fa-arrow-alt-circle-right\"><\/i>\t\t\t\t\t\t<\/span>\n\t\t\t\t\t\t\t\t\t\t<span class=\"elementor-icon-list-text\">Projets multilingues<\/span>\n\t\t\t\t\t\t\t\t\t\t\t<\/a>\n\t\t\t\t\t\t\t\t\t<\/li>\n\t\t\t\t\t\t\t\t<li class=\"elementor-icon-list-item\">\n\t\t\t\t\t\t\t\t\t\t\t<a href=\"\/fr\/specialisations-en-traduction\/medical\/services\/traductions-non-medicales\/\">\n\n\t\t\t\t\t\t\t\t\t\t\t\t<span class=\"elementor-icon-list-icon\">\n\t\t\t\t\t\t\t<i aria-hidden=\"true\" class=\"far fa-arrow-alt-circle-right\"><\/i>\t\t\t\t\t\t<\/span>\n\t\t\t\t\t\t\t\t\t\t<span class=\"elementor-icon-list-text\">Traductions non m\u00e9dicales<\/span>\n\t\t\t\t\t\t\t\t\t\t\t<\/a>\n\t\t\t\t\t\t\t\t\t<\/li>\n\t\t\t\t\t\t\t\t<li class=\"elementor-icon-list-item\">\n\t\t\t\t\t\t\t\t\t\t\t<a href=\"\/fr\/specialisations-en-traduction\/medical\/services\/traductions-abordables-pour-le-patient\/\">\n\n\t\t\t\t\t\t\t\t\t\t\t\t<span class=\"elementor-icon-list-icon\">\n\t\t\t\t\t\t\t<i aria-hidden=\"true\" class=\"far fa-arrow-alt-circle-right\"><\/i>\t\t\t\t\t\t<\/span>\n\t\t\t\t\t\t\t\t\t\t<span class=\"elementor-icon-list-text\">Traductions abordables pour le patient<\/span>\n\t\t\t\t\t\t\t\t\t\t\t<\/a>\n\t\t\t\t\t\t\t\t\t<\/li>\n\t\t\t\t\t\t\t\t<li class=\"elementor-icon-list-item\">\n\t\t\t\t\t\t\t\t\t\t\t<a href=\"\/fr\/specialisations-en-traduction\/medical\/services\/retro-traduction\/\">\n\n\t\t\t\t\t\t\t\t\t\t\t\t<span class=\"elementor-icon-list-icon\">\n\t\t\t\t\t\t\t<i aria-hidden=\"true\" class=\"far fa-arrow-alt-circle-right\"><\/i>\t\t\t\t\t\t<\/span>\n\t\t\t\t\t\t\t\t\t\t<span class=\"elementor-icon-list-text\">R\u00e9tro-traduction<\/span>\n\t\t\t\t\t\t\t\t\t\t\t<\/a>\n\t\t\t\t\t\t\t\t\t<\/li>\n\t\t\t\t\t\t<\/ul>\n\t\t\t\t\t\t<\/div>\n\t\t\t\t<\/div>\n\t\t\t\t\t<\/div>\n\t\t<\/div>\n\t\t\t\t\t<\/div>\n\t\t<\/section>\n\t\t\t\t\t<\/div>\n\t\t<\/div>\n\t\t\t\t\t<\/div>\n\t\t<\/section>\n\t\t\t\t<\/div>\n\t\t","protected":false},"excerpt":{"rendered":"<p>Le secteur m\u00e9dical est un des secteurs o\u00f9 l\u2019orientation internationale est la plus marqu\u00e9e. D\u2019importants investissements sont consentis dans la recherche et le d\u00e9veloppement de dispositifs m\u00e9dicaux et de produits pharmaceutiques. Afin que ces investissements soient rentables, la plupart des entreprises du secteur des sciences de la vie sont actives dans le monde entier. Dans [&hellip;]<\/p>\n","protected":false},"author":9,"featured_media":0,"parent":0,"menu_order":0,"comment_status":"closed","ping_status":"closed","template":"","meta":{"footnotes":""},"class_list":["post-4048","page","type-page","status-publish","hentry"],"yoast_head":"<!-- This site is optimized with the Yoast SEO plugin v27.3 - https:\/\/yoast.com\/product\/yoast-seo-wordpress\/ -->\n<title>Sciences de la vie | Wilkens c.s. Medical Translations<\/title>\n<meta name=\"description\" content=\"Nous nous consacrons pleinement aux sciences de la vie et proposons des traductions, de r\u00e9daction m\u00e9dicale et de services compl\u00e9mentaires.\" \/>\n<meta name=\"robots\" content=\"index, follow, max-snippet:-1, max-image-preview:large, max-video-preview:-1\" \/>\n<link rel=\"canonical\" href=\"https:\/\/wilkens.be\/fr\/sciences-de-la-vie\/\" \/>\n<meta property=\"og:locale\" content=\"fr_FR\" \/>\n<meta property=\"og:type\" content=\"article\" \/>\n<meta property=\"og:title\" content=\"Sciences de la vie | Wilkens c.s. Medical Translations\" \/>\n<meta property=\"og:description\" content=\"Nous nous consacrons pleinement aux sciences de la vie et proposons des traductions, de r\u00e9daction m\u00e9dicale et de services compl\u00e9mentaires.\" \/>\n<meta property=\"og:url\" content=\"https:\/\/wilkens.be\/fr\/sciences-de-la-vie\/\" \/>\n<meta property=\"og:site_name\" content=\"Wilkens c.s.\" \/>\n<meta property=\"article:modified_time\" content=\"2023-09-07T08:14:43+00:00\" \/>\n<meta property=\"og:image\" content=\"https:\/\/wilkens.be\/wp-content\/uploads\/2023\/02\/Logo_Wilkens_CS_Medical_outline.png\" \/>\n<meta name=\"twitter:card\" content=\"summary_large_image\" \/>\n<meta name=\"twitter:label1\" content=\"Dur\u00e9e de lecture estim\u00e9e\" \/>\n\t<meta name=\"twitter:data1\" content=\"2 minutes\" \/>\n<script type=\"application\/ld+json\" class=\"yoast-schema-graph\">{\"@context\":\"https:\\\/\\\/schema.org\",\"@graph\":[{\"@type\":\"WebPage\",\"@id\":\"https:\\\/\\\/wilkens.be\\\/fr\\\/sciences-de-la-vie\\\/\",\"url\":\"https:\\\/\\\/wilkens.be\\\/fr\\\/sciences-de-la-vie\\\/\",\"name\":\"Sciences de la vie | Wilkens c.s. Medical Translations\",\"isPartOf\":{\"@id\":\"https:\\\/\\\/wilkens.be\\\/fr\\\/#website\"},\"primaryImageOfPage\":{\"@id\":\"https:\\\/\\\/wilkens.be\\\/fr\\\/sciences-de-la-vie\\\/#primaryimage\"},\"image\":{\"@id\":\"https:\\\/\\\/wilkens.be\\\/fr\\\/sciences-de-la-vie\\\/#primaryimage\"},\"thumbnailUrl\":\"https:\\\/\\\/wilkens.be\\\/wp-content\\\/uploads\\\/2023\\\/02\\\/Logo_Wilkens_CS_Medical_outline.png\",\"datePublished\":\"2023-02-01T08:44:06+00:00\",\"dateModified\":\"2023-09-07T08:14:43+00:00\",\"description\":\"Nous nous consacrons pleinement aux sciences de la vie et proposons des traductions, de r\u00e9daction m\u00e9dicale et de services compl\u00e9mentaires.\",\"breadcrumb\":{\"@id\":\"https:\\\/\\\/wilkens.be\\\/fr\\\/sciences-de-la-vie\\\/#breadcrumb\"},\"inLanguage\":\"fr-FR\",\"potentialAction\":[{\"@type\":\"ReadAction\",\"target\":[\"https:\\\/\\\/wilkens.be\\\/fr\\\/sciences-de-la-vie\\\/\"]}]},{\"@type\":\"ImageObject\",\"inLanguage\":\"fr-FR\",\"@id\":\"https:\\\/\\\/wilkens.be\\\/fr\\\/sciences-de-la-vie\\\/#primaryimage\",\"url\":\"https:\\\/\\\/wilkens.be\\\/wp-content\\\/uploads\\\/2023\\\/02\\\/Logo_Wilkens_CS_Medical_outline.png\",\"contentUrl\":\"https:\\\/\\\/wilkens.be\\\/wp-content\\\/uploads\\\/2023\\\/02\\\/Logo_Wilkens_CS_Medical_outline.png\"},{\"@type\":\"BreadcrumbList\",\"@id\":\"https:\\\/\\\/wilkens.be\\\/fr\\\/sciences-de-la-vie\\\/#breadcrumb\",\"itemListElement\":[{\"@type\":\"ListItem\",\"position\":1,\"name\":\"Home\",\"item\":\"https:\\\/\\\/wilkens.be\\\/fr\\\/\"},{\"@type\":\"ListItem\",\"position\":2,\"name\":\"Sciences de la vie\"}]},{\"@type\":\"WebSite\",\"@id\":\"https:\\\/\\\/wilkens.be\\\/fr\\\/#website\",\"url\":\"https:\\\/\\\/wilkens.be\\\/fr\\\/\",\"name\":\"Wilkens c.s.\",\"description\":\"\",\"publisher\":{\"@id\":\"https:\\\/\\\/wilkens.be\\\/fr\\\/#organization\"},\"potentialAction\":[{\"@type\":\"SearchAction\",\"target\":{\"@type\":\"EntryPoint\",\"urlTemplate\":\"https:\\\/\\\/wilkens.be\\\/fr\\\/?s={search_term_string}\"},\"query-input\":{\"@type\":\"PropertyValueSpecification\",\"valueRequired\":true,\"valueName\":\"search_term_string\"}}],\"inLanguage\":\"fr-FR\"},{\"@type\":\"Organization\",\"@id\":\"https:\\\/\\\/wilkens.be\\\/fr\\\/#organization\",\"name\":\"Wilkens c.s.\",\"url\":\"https:\\\/\\\/wilkens.be\\\/fr\\\/\",\"logo\":{\"@type\":\"ImageObject\",\"inLanguage\":\"fr-FR\",\"@id\":\"https:\\\/\\\/wilkens.be\\\/fr\\\/#\\\/schema\\\/logo\\\/image\\\/\",\"url\":\"https:\\\/\\\/wilkens.be\\\/wp-content\\\/uploads\\\/2022\\\/04\\\/Logo_Wilkens.png\",\"contentUrl\":\"https:\\\/\\\/wilkens.be\\\/wp-content\\\/uploads\\\/2022\\\/04\\\/Logo_Wilkens.png\",\"width\":500,\"height\":111,\"caption\":\"Wilkens c.s.\"},\"image\":{\"@id\":\"https:\\\/\\\/wilkens.be\\\/fr\\\/#\\\/schema\\\/logo\\\/image\\\/\"}}]}<\/script>\n<!-- \/ Yoast SEO plugin. -->","yoast_head_json":{"title":"Sciences de la vie | Wilkens c.s. Medical Translations","description":"Nous nous consacrons pleinement aux sciences de la vie et proposons des traductions, de r\u00e9daction m\u00e9dicale et de services compl\u00e9mentaires.","robots":{"index":"index","follow":"follow","max-snippet":"max-snippet:-1","max-image-preview":"max-image-preview:large","max-video-preview":"max-video-preview:-1"},"canonical":"https:\/\/wilkens.be\/fr\/sciences-de-la-vie\/","og_locale":"fr_FR","og_type":"article","og_title":"Sciences de la vie | Wilkens c.s. Medical Translations","og_description":"Nous nous consacrons pleinement aux sciences de la vie et proposons des traductions, de r\u00e9daction m\u00e9dicale et de services compl\u00e9mentaires.","og_url":"https:\/\/wilkens.be\/fr\/sciences-de-la-vie\/","og_site_name":"Wilkens c.s.","article_modified_time":"2023-09-07T08:14:43+00:00","og_image":[{"url":"https:\/\/wilkens.be\/wp-content\/uploads\/2023\/02\/Logo_Wilkens_CS_Medical_outline.png","type":"","width":"","height":""}],"twitter_card":"summary_large_image","twitter_misc":{"Dur\u00e9e de lecture estim\u00e9e":"2 minutes"},"schema":{"@context":"https:\/\/schema.org","@graph":[{"@type":"WebPage","@id":"https:\/\/wilkens.be\/fr\/sciences-de-la-vie\/","url":"https:\/\/wilkens.be\/fr\/sciences-de-la-vie\/","name":"Sciences de la vie | Wilkens c.s. Medical Translations","isPartOf":{"@id":"https:\/\/wilkens.be\/fr\/#website"},"primaryImageOfPage":{"@id":"https:\/\/wilkens.be\/fr\/sciences-de-la-vie\/#primaryimage"},"image":{"@id":"https:\/\/wilkens.be\/fr\/sciences-de-la-vie\/#primaryimage"},"thumbnailUrl":"https:\/\/wilkens.be\/wp-content\/uploads\/2023\/02\/Logo_Wilkens_CS_Medical_outline.png","datePublished":"2023-02-01T08:44:06+00:00","dateModified":"2023-09-07T08:14:43+00:00","description":"Nous nous consacrons pleinement aux sciences de la vie et proposons des traductions, de r\u00e9daction m\u00e9dicale et de services compl\u00e9mentaires.","breadcrumb":{"@id":"https:\/\/wilkens.be\/fr\/sciences-de-la-vie\/#breadcrumb"},"inLanguage":"fr-FR","potentialAction":[{"@type":"ReadAction","target":["https:\/\/wilkens.be\/fr\/sciences-de-la-vie\/"]}]},{"@type":"ImageObject","inLanguage":"fr-FR","@id":"https:\/\/wilkens.be\/fr\/sciences-de-la-vie\/#primaryimage","url":"https:\/\/wilkens.be\/wp-content\/uploads\/2023\/02\/Logo_Wilkens_CS_Medical_outline.png","contentUrl":"https:\/\/wilkens.be\/wp-content\/uploads\/2023\/02\/Logo_Wilkens_CS_Medical_outline.png"},{"@type":"BreadcrumbList","@id":"https:\/\/wilkens.be\/fr\/sciences-de-la-vie\/#breadcrumb","itemListElement":[{"@type":"ListItem","position":1,"name":"Home","item":"https:\/\/wilkens.be\/fr\/"},{"@type":"ListItem","position":2,"name":"Sciences de la vie"}]},{"@type":"WebSite","@id":"https:\/\/wilkens.be\/fr\/#website","url":"https:\/\/wilkens.be\/fr\/","name":"Wilkens c.s.","description":"","publisher":{"@id":"https:\/\/wilkens.be\/fr\/#organization"},"potentialAction":[{"@type":"SearchAction","target":{"@type":"EntryPoint","urlTemplate":"https:\/\/wilkens.be\/fr\/?s={search_term_string}"},"query-input":{"@type":"PropertyValueSpecification","valueRequired":true,"valueName":"search_term_string"}}],"inLanguage":"fr-FR"},{"@type":"Organization","@id":"https:\/\/wilkens.be\/fr\/#organization","name":"Wilkens c.s.","url":"https:\/\/wilkens.be\/fr\/","logo":{"@type":"ImageObject","inLanguage":"fr-FR","@id":"https:\/\/wilkens.be\/fr\/#\/schema\/logo\/image\/","url":"https:\/\/wilkens.be\/wp-content\/uploads\/2022\/04\/Logo_Wilkens.png","contentUrl":"https:\/\/wilkens.be\/wp-content\/uploads\/2022\/04\/Logo_Wilkens.png","width":500,"height":111,"caption":"Wilkens c.s."},"image":{"@id":"https:\/\/wilkens.be\/fr\/#\/schema\/logo\/image\/"}}]}},"_links":{"self":[{"href":"https:\/\/wilkens.be\/fr\/wp-json\/wp\/v2\/pages\/4048","targetHints":{"allow":["GET"]}}],"collection":[{"href":"https:\/\/wilkens.be\/fr\/wp-json\/wp\/v2\/pages"}],"about":[{"href":"https:\/\/wilkens.be\/fr\/wp-json\/wp\/v2\/types\/page"}],"author":[{"embeddable":true,"href":"https:\/\/wilkens.be\/fr\/wp-json\/wp\/v2\/users\/9"}],"replies":[{"embeddable":true,"href":"https:\/\/wilkens.be\/fr\/wp-json\/wp\/v2\/comments?post=4048"}],"version-history":[{"count":12,"href":"https:\/\/wilkens.be\/fr\/wp-json\/wp\/v2\/pages\/4048\/revisions"}],"predecessor-version":[{"id":6581,"href":"https:\/\/wilkens.be\/fr\/wp-json\/wp\/v2\/pages\/4048\/revisions\/6581"}],"wp:attachment":[{"href":"https:\/\/wilkens.be\/fr\/wp-json\/wp\/v2\/media?parent=4048"}],"curies":[{"name":"wp","href":"https:\/\/api.w.org\/{rel}","templated":true}]}}